{"id":414759,"date":"2024-02-23T12:43:36","date_gmt":"2024-02-23T11:43:36","guid":{"rendered":"https:\/\/lucacastelli.com\/prodotto\/milwaukee-m18-kraftstoff-akku-rasenmaeher-46-cm\/"},"modified":"2025-10-01T12:03:56","modified_gmt":"2025-10-01T10:03:56","slug":"milwaukee-m18-kraftstoff-akku-rasenmaeher-46-cm","status":"publish","type":"product","link":"https:\/\/lucacastelli.com\/de\/produkt\/milwaukee-m18-kraftstoff-akku-rasenmaeher-46-cm\/","title":{"rendered":"MILWAUKEE M18 KRAFTSTOFF\u2122 AKKU-RASENM\u00c4HER 46 CM"},"content":{"rendered":"<p>Milwaukee Akku-Rasenm\u00e4her<br \/>\n46 cm langes Stahldeck und Klingendesign in Kombination mit der M18 FUEL-Technologie f\u00fcr \u00fcberragende Schnittqualit\u00e4t<br \/>\nKompaktes Deck f\u00fcr einfache Handhabung in schwer zug\u00e4nglichen Bereichen<br \/>\n3-in-1-Funktion zum Mulchen, Sammeln oder Auswurf zur Seite<br \/>\nIm High-Lift-Modus k\u00f6nnen Sie zwischen kontinuierlicher Spitzenleistung f\u00fcr die beste Schnittqualit\u00e4t und automatischer Anpassung der S\u00e4geblattgeschwindigkeit basierend auf der f\u00fcr eine h\u00f6here Effizienz erforderlichen Leistung umschalten<br \/>\nDer einstellbare Radantrieb mit 5 Geschwindigkeitsstufen bietet eine Schnittgeschwindigkeit von bis zu 6,5 km\/h<br \/>\nDie aktive Drehzahlregelung gibt dem Benutzer maximale Kontrolle<br \/>\nAngetrieben von 2 x 18-V-Batterien f\u00fcr au\u00dfergew\u00f6hnliche Leistung<br \/>\nM\u00e4hen Sie Fl\u00e4chen bis zu 1600 m\u00b2 mit einer einzigen Ladung von 2 x 8,0 Ah<br \/>\nM18 HIGH OUTPUT-Akkus Frontscheinwerfer f\u00fcr mehr Sichtbarkeit und Genauigkeit<br \/>\n7 verschiedene H\u00f6heneinstellungen von 2,5 bis 10 cm, um eine breite Palette von Grasarten<br \/>\nabzudecken Klappbare Griffe und aufrechte Aufbewahrung f\u00fcr einen einfachen und kompakten<br \/>\nTransport Das HIGH OUTPUT-System hebt die M18 FUEL-Technologien auf ein neues Leistungsniveau. Mehr Leistung und Laufzeit f\u00fcr kompromisslose Einsatzverf\u00fcgbarkeit von Akku-Ger\u00e4ten im mobilen Einsatz.<br \/>\n100% kompatibel mit der MILWAUKEE M18 Produktreihe. <\/p>\n<p>Technische Daten:<br \/>\nSchnitth\u00f6he: 25 &#8211; 100 mm<br \/>\nGewicht ohne Akku: 32,5 kg<br \/>\nSchnittbreite: 46 cm<br \/>\nSpannung: 18 V<br \/>\nAkkutyp: Lithium-Ionen<\/p>\n<p>Lieferumfang<br \/>\nAkku-Rasenm\u00e4her F2LM46<br \/>\nohne Akku und Ladeger\u00e4t<br \/>\nSchlegelm\u00e4her<br \/>\n60 Liter<br \/>\nGrasfangkorb Heckauswurf<\/p>\n","protected":false},"excerpt":{"rendered":"<p>Milwaukee Akku-Rasenm\u00e4her 46 cm langes Stahldeck und Klingendesign in Kombination mit der M18 FUEL-Technologie f\u00fcr \u00fcberragende Schnittqualit\u00e4t Kompaktes Deck f\u00fcr<\/p>\n","protected":false},"featured_media":57722,"template":"","meta":{"_seopress_robots_primary_cat":"","_seopress_titles_title":"","_seopress_titles_desc":"","_seopress_robots_index":""},"product_brand":[3407],"product_cat":[29,262,488],"product_tag":[],"class_list":{"0":"post-414759","1":"product","2":"type-product","3":"status-publish","4":"has-post-thumbnail","6":"product_brand-milwaukee","7":"product_cat-macchinari","8":"product_cat-tosaerba-e-robot","9":"product_cat-tosaerba-a-batteria","10":"sws-gruppo-macchinari","11":"sws-conto-ricavi-merci-rivendita-macchinari","12":"sws-gruppo-iva-iva81","14":"first","15":"instock","16":"shipping-taxable","17":"purchasable","18":"product-type-simple"},"_links":{"self":[{"href":"https:\/\/lucacastelli.com\/de\/wp-json\/wp\/v2\/product\/414759","targetHints":{"allow":["GET"]}}],"collection":[{"href":"https:\/\/lucacastelli.com\/de\/wp-json\/wp\/v2\/product"}],"about":[{"href":"https:\/\/lucacastelli.com\/de\/wp-json\/wp\/v2\/types\/product"}],"wp:featuredmedia":[{"embeddable":true,"href":"https:\/\/lucacastelli.com\/de\/wp-json\/wp\/v2\/media\/57722"}],"wp:attachment":[{"href":"https:\/\/lucacastelli.com\/de\/wp-json\/wp\/v2\/media?parent=414759"}],"wp:term":[{"taxonomy":"product_brand","embeddable":true,"href":"https:\/\/lucacastelli.com\/de\/wp-json\/wp\/v2\/product_brand?post=414759"},{"taxonomy":"product_cat","embeddable":true,"href":"https:\/\/lucacastelli.com\/de\/wp-json\/wp\/v2\/product_cat?post=414759"},{"taxonomy":"product_tag","embeddable":true,"href":"https:\/\/lucacastelli.com\/de\/wp-json\/wp\/v2\/product_tag?post=414759"}],"curies":[{"name":"wp","href":"https:\/\/api.w.org\/{rel}","templated":true}]}}