{"id":414697,"date":"2024-02-19T19:27:46","date_gmt":"2024-02-19T18:27:46","guid":{"rendered":"https:\/\/lucacastelli.com\/prodotto\/milwaukee-saebelsaege-set-m18-fsz100p-502p\/"},"modified":"2025-11-01T14:26:44","modified_gmt":"2025-11-01T13:26:44","slug":"milwaukee-saebelsaege-set-m18-fsz100p-502p","status":"publish","type":"product","link":"https:\/\/lucacastelli.com\/de\/produkt\/milwaukee-saebelsaege-set-m18-fsz100p-502p\/","title":{"rendered":"Milwaukee S\u00e4bels\u00e4ge Set M18 FSZ100P-502P"},"content":{"rendered":"<p>1 x M18 FSZ-0<br \/>\n2 x M18 B5<br \/>\n1 x M12-18 FC<br \/>\n1 x Metall-Kreiss\u00e4geblatt<br \/>\n1 x THE AX<br \/>\n\u2122Demontage-Kreiss\u00e4geblatt 1 x Holz-S\u00e4bels\u00e4geblatt<br \/>\nIdeal f\u00fcr schnelle<br \/>\nBaumschnitte 1 x LA TORCH Metall-S\u00e4geblatt<br \/>\n\u2122mit Hartmetall-Spitze<br \/>\n1 x Demontage des S\u00e4bels\u00e4geblattes<br \/>\nL&#8217;ASSO\u2122 mit Hartmetall-Spitze<br \/>\n3 x S\u00e4geblatt abwechselnd Allzweck. flexibel<br \/>\n1 x PACKOUT Koffer <\/p>\n","protected":false},"excerpt":{"rendered":"<p>1 x M18 FSZ-0 2 x M18 B5 1 x M12-18 FC 1 x Metall-Kreiss\u00e4geblatt 1 x THE AX \u2122Demontage-Kreiss\u00e4geblatt<\/p>\n","protected":false},"featured_media":57692,"template":"","meta":{"_seopress_robots_primary_cat":"","_seopress_titles_title":"","_seopress_titles_desc":"","_seopress_robots_index":""},"product_brand":[3656],"product_cat":[169,1454,1535],"product_tag":[],"class_list":{"0":"post-414697","1":"product","2":"type-product","3":"status-publish","4":"has-post-thumbnail","6":"product_brand-milwaukee-de","7":"product_cat-maschinen","8":"product_cat-andere-gerate","9":"product_cat-sagen","10":"sws-gruppo-macchinari-de","11":"sws-conto-ricavi-merci-rivendita-macchinari-de","12":"sws-gruppo-iva-iva81-de","14":"first","15":"instock","16":"shipping-taxable","17":"purchasable","18":"product-type-simple"},"_links":{"self":[{"href":"https:\/\/lucacastelli.com\/de\/wp-json\/wp\/v2\/product\/414697","targetHints":{"allow":["GET"]}}],"collection":[{"href":"https:\/\/lucacastelli.com\/de\/wp-json\/wp\/v2\/product"}],"about":[{"href":"https:\/\/lucacastelli.com\/de\/wp-json\/wp\/v2\/types\/product"}],"wp:featuredmedia":[{"embeddable":true,"href":"https:\/\/lucacastelli.com\/de\/wp-json\/wp\/v2\/media\/57692"}],"wp:attachment":[{"href":"https:\/\/lucacastelli.com\/de\/wp-json\/wp\/v2\/media?parent=414697"}],"wp:term":[{"taxonomy":"product_brand","embeddable":true,"href":"https:\/\/lucacastelli.com\/de\/wp-json\/wp\/v2\/product_brand?post=414697"},{"taxonomy":"product_cat","embeddable":true,"href":"https:\/\/lucacastelli.com\/de\/wp-json\/wp\/v2\/product_cat?post=414697"},{"taxonomy":"product_tag","embeddable":true,"href":"https:\/\/lucacastelli.com\/de\/wp-json\/wp\/v2\/product_tag?post=414697"}],"curies":[{"name":"wp","href":"https:\/\/api.w.org\/{rel}","templated":true}]}}