{"id":414693,"date":"2023-09-21T13:58:14","date_gmt":"2023-09-21T11:58:14","guid":{"rendered":"https:\/\/lucacastelli.com\/prodotto\/milwaukee-bolt-compact-visier-getoent\/"},"modified":"2025-06-29T08:13:19","modified_gmt":"2025-06-29T06:13:19","slug":"milwaukee-bolt-compact-visier-getoent","status":"publish","type":"product","link":"https:\/\/lucacastelli.com\/de\/produkt\/milwaukee-bolt-compact-visier-getoent\/","title":{"rendered":"Milwaukee BOLT Compact Visier get\u00f6nt"},"content":{"rendered":"<p>Visier mit weitem Sichtfeld.<br \/>\nBOLT-System\u2122 &#8211; gew\u00e4hrleistet die Kompatibilit\u00e4t einer breiten Palette von Zubeh\u00f6rteilen mit einem einfachen und intuitiven Befestigungssystem.<br \/>\nKompatibel mit der wiederaufladbaren Stirnlampe BOLT\u2122: Das Visier kann \u00fcber die Lampe geklappt werden.<br \/>\nSehr einfaches und intuitives Anbringen und Entfernen.<br \/>\nVisier aus Polycarbonat.<br \/>\nDas Visier ist kratzfest bis Stufe K nach EN166.<br \/>\nDie Linse ist N-Level Anti-Fog gem\u00e4\u00df EN166.<br \/>\n2 Scheibent\u00f6nungen erh\u00e4ltlich: klar und get\u00f6nt.<br \/>\nDie Compact-Version bietet ein schlankes und kompaktes Design und ist nur mit dem BOLT\u2122200 kompatibel.<br \/>\nDie Universal-Version kann dank eines einfachen Schaltsystems sowohl an BOLT\u2122 100- als auch an BOLT\u2122 200-Helmen montiert werden.<br \/>\nDie Visiere sind nach EN 166 zertifiziert.<\/p>\n","protected":false},"excerpt":{"rendered":"<p>Visier mit weitem Sichtfeld. BOLT-System\u2122 &#8211; gew\u00e4hrleistet die Kompatibilit\u00e4t einer breiten Palette von Zubeh\u00f6rteilen mit einem einfachen und intuitiven Befestigungssystem.<\/p>\n","protected":false},"featured_media":94654,"template":"","meta":{"_seopress_robots_primary_cat":"","_seopress_titles_title":"","_seopress_titles_desc":"","_seopress_robots_index":""},"product_brand":[3407],"product_cat":[33,537,815,816],"product_tag":[],"class_list":{"0":"post-414693","1":"product","2":"type-product","3":"status-publish","4":"has-post-thumbnail","6":"product_brand-milwaukee","7":"product_cat-attrezzature","8":"product_cat-attrezzatura-da-lavoro","9":"product_cat-caschi","10":"product_cat-visiere-e-occhiali-protettivi","12":"first","13":"onbackorder","14":"shipping-taxable","15":"purchasable","16":"product-type-simple"},"_links":{"self":[{"href":"https:\/\/lucacastelli.com\/de\/wp-json\/wp\/v2\/product\/414693","targetHints":{"allow":["GET"]}}],"collection":[{"href":"https:\/\/lucacastelli.com\/de\/wp-json\/wp\/v2\/product"}],"about":[{"href":"https:\/\/lucacastelli.com\/de\/wp-json\/wp\/v2\/types\/product"}],"wp:featuredmedia":[{"embeddable":true,"href":"https:\/\/lucacastelli.com\/de\/wp-json\/wp\/v2\/media\/94654"}],"wp:attachment":[{"href":"https:\/\/lucacastelli.com\/de\/wp-json\/wp\/v2\/media?parent=414693"}],"wp:term":[{"taxonomy":"product_brand","embeddable":true,"href":"https:\/\/lucacastelli.com\/de\/wp-json\/wp\/v2\/product_brand?post=414693"},{"taxonomy":"product_cat","embeddable":true,"href":"https:\/\/lucacastelli.com\/de\/wp-json\/wp\/v2\/product_cat?post=414693"},{"taxonomy":"product_tag","embeddable":true,"href":"https:\/\/lucacastelli.com\/de\/wp-json\/wp\/v2\/product_tag?post=414693"}],"curies":[{"name":"wp","href":"https:\/\/api.w.org\/{rel}","templated":true}]}}