{"id":414672,"date":"2023-10-17T10:05:55","date_gmt":"2023-10-17T08:05:55","guid":{"rendered":"https:\/\/lucacastelli.com\/prodotto\/milwaukee-fuel-akku-rasenmaeher-m18f2lm53-122\/"},"modified":"2025-06-29T08:13:31","modified_gmt":"2025-06-29T06:13:31","slug":"milwaukee-fuel-akku-rasenmaeher-m18f2lm53-122","status":"publish","type":"product","link":"https:\/\/lucacastelli.com\/de\/produkt\/milwaukee-fuel-akku-rasenmaeher-m18f2lm53-122\/","title":{"rendered":"Milwaukee FUEL\u2122 Akku-Rasenm\u00e4her M18F2LM53-122"},"content":{"rendered":"<p>Das Design des 53 cm langen Stahldecks und der Klingen in Kombination mit der M18 FUEL-Technologie\u2122 garantiert eine hervorragende Schnittqualit\u00e4t<br \/>\nSofortiger Start in hohem Gras, au\u00dfergew\u00f6hnliche Leistung und Anlaufdrehmoment f\u00fcr die anspruchsvollsten Anwendungen<br \/>\n3-in-1-Funktion zum Mulchen, Sammeln oder Auswurf zur Seite<br \/>\nAutomatische Anpassung der S\u00e4geblattdrehzahl an die erforderliche Leistung f\u00fcr mehr Effizienz<br \/>\nDer einstellbare Radantrieb mit 5 Geschwindigkeitsstufen bietet eine Schnittgeschwindigkeit von bis zu 6,4 km\/h<br \/>\nDie aktive Drehzahlregelung gibt dem Benutzer maximale Kontrolle<br \/>\nAngetrieben von 2 x 18-V-Batterien f\u00fcr au\u00dfergew\u00f6hnliche Leistung<br \/>\nM\u00e4hen Sie Fl\u00e4chen bis zu 2000 m\u00b2 mit einer einzigen Ladung von 2 x 12,0 Ah M18\u2122 HIGH OUTPUT\u2122 Akkus<br \/>\nFront- und Seitenstrahler f\u00fcr 180\u00b0-Ausleuchtung f\u00fcr mehr Aufmerksamkeit und Genauigkeit<br \/>\n7 verschiedene H\u00f6heneinstellungen von 2,5 bis 10 cm f\u00fcr eine Vielzahl von Grasarten<br \/>\nKlappbare Griffe und aufrechte Aufbewahrungstasche f\u00fcr einfachen und kompakten<br \/>\nTransport Inklusive Mulchset, 70-Liter-Sack und Seitenauswerfer<br \/>\nDas HIGH OUTPUT-System\u2122 hebt die M18 FUEL-Technologien\u2122 auf ein neues Leistungsniveau. Mehr Leistung und Laufzeit f\u00fcr kompromisslose Akkuverf\u00fcgbarkeit im mobilen Einsatz.<br \/>\nSystem 100% kompatibel mit der MILWAUKEE-M18\u00ae\u2122 Produktreihe.<br \/>\nDeckel-\/Geh\u00e4usebreite (cm) 53 <\/p>\n<p>Lieferumfang 2 x M18 HB12, M18 DFC Akkupacks, Ladeger\u00e4t, in Packung<\/p>\n","protected":false},"excerpt":{"rendered":"<p>Das Design des 53 cm langen Stahldecks und der Klingen in Kombination mit der M18 FUEL-Technologie\u2122 garantiert eine hervorragende Schnittqualit\u00e4t<\/p>\n","protected":false},"featured_media":57379,"template":"","meta":{"_seopress_robots_primary_cat":"","_seopress_titles_title":"","_seopress_titles_desc":"","_seopress_robots_index":""},"product_brand":[3656],"product_cat":[169,1656,1665],"product_tag":[],"class_list":{"0":"post-414672","1":"product","2":"type-product","3":"status-publish","4":"has-post-thumbnail","6":"product_brand-milwaukee-de","7":"product_cat-maschinen","8":"product_cat-rasenmaher-und-roboter","9":"product_cat-akku-rasenmaher","11":"first","12":"instock","13":"shipping-taxable","14":"purchasable","15":"product-type-simple"},"_links":{"self":[{"href":"https:\/\/lucacastelli.com\/de\/wp-json\/wp\/v2\/product\/414672","targetHints":{"allow":["GET"]}}],"collection":[{"href":"https:\/\/lucacastelli.com\/de\/wp-json\/wp\/v2\/product"}],"about":[{"href":"https:\/\/lucacastelli.com\/de\/wp-json\/wp\/v2\/types\/product"}],"wp:featuredmedia":[{"embeddable":true,"href":"https:\/\/lucacastelli.com\/de\/wp-json\/wp\/v2\/media\/57379"}],"wp:attachment":[{"href":"https:\/\/lucacastelli.com\/de\/wp-json\/wp\/v2\/media?parent=414672"}],"wp:term":[{"taxonomy":"product_brand","embeddable":true,"href":"https:\/\/lucacastelli.com\/de\/wp-json\/wp\/v2\/product_brand?post=414672"},{"taxonomy":"product_cat","embeddable":true,"href":"https:\/\/lucacastelli.com\/de\/wp-json\/wp\/v2\/product_cat?post=414672"},{"taxonomy":"product_tag","embeddable":true,"href":"https:\/\/lucacastelli.com\/de\/wp-json\/wp\/v2\/product_tag?post=414672"}],"curies":[{"name":"wp","href":"https:\/\/api.w.org\/{rel}","templated":true}]}}