{"id":414649,"date":"2023-08-27T17:16:51","date_gmt":"2023-08-27T15:16:51","guid":{"rendered":"https:\/\/lucacastelli.com\/prodotto\/milwaukee-m18-onefhiwf12-0-schlagschrauber\/"},"modified":"2025-06-29T08:12:19","modified_gmt":"2025-06-29T06:12:19","slug":"milwaukee-m18-onefhiwf12-0-schlagschrauber","status":"publish","type":"product","link":"https:\/\/lucacastelli.com\/de\/produkt\/milwaukee-m18-onefhiwf12-0-schlagschrauber\/","title":{"rendered":"Milwaukee M18 ONEFHIWF12-0 -SCHLAGSCHRAUBER"},"content":{"rendered":"<p>Vollst\u00e4ndige Anpassung der Werkzeuge \u00fcber die ONE-KEY\u2122 App.<br \/>\nSpeichern von Profilen f\u00fcr anwendungsspezifische Wiederholgenauigkeit<br \/>\nInventarisierungsfunktionalit\u00e4t f\u00fcr das gesamte Flottenmanagement<br \/>\nKraftvolles Drehmoment von 1.356 Nm in kompakter Bauweise: nur 213 mm L\u00e4nge<br \/>\nDRIVE CONTROL erm\u00f6glicht den schnellen Wechsel zwischen 4 Gangstufen mit unterschiedlichen Drehzahl- und Drehmomenteinstellungen<br \/>\nStep 4 &#8211; f\u00fcr eine optimale Mischung aus Kraft und Pr\u00e4zision beim L\u00f6sen von Schrauben mit einem Losbrechmoment von 1898 Nm und 750 min-\u00b9 f\u00fcr gute Kontrolle<br \/>\nIndividuelle Drehzahl- und Drehmomentregelung<br \/>\nONE-KEY\u2122 Tool Tracking and Tool Security bietet eine kostenlose Cloud-basierte Tracking- und Bestandsverwaltungsplattform f\u00fcr Ihre Werkzeuge. ONE-KEY\u2122<br \/>\nDie FUEL-Plattform\u2122 wurde f\u00fcr die anspruchsvollsten Benutzer entwickelt. Die Technologie bietet maximale Leistung und vereint drei Schl\u00fcsselelemente &#8211; .<br \/>\n1\/2 \u030b Sprengring-Tonabnehmer.<br \/>\n100% kompatibel mit der MILWAUKEE-M18\u00ae\u2122 Produktreihe.  <\/p>\n<p>Leerlaufdrehzahl [U\/min]: 0-550\/0-1400\/0-1750\/0-1750<br \/>\nMax. Drehmoment Drehmoment [Nm]: 130 \/ 400 \/ 1356 \/ 1356<br \/>\nSpannung [V]: 18<br \/>\nBatterie: Lithium-Ionen<br \/>\nHubdrehzahl [min_1]: 0-950\/0-1750\/0-2100\/0-2100<br \/>\nLieferumfang:Karton<br \/>\nMaximaler Schraubendurchmesser: M33 Schraubendurchmesser: M33<br \/>\nBeschreibung: Modellvariante: M18 ONEFHIWF12-0X<br \/>\nGewicht mit Akku [kg]: 3,3 (M18 B5)<br \/>\nSystem: M18<br \/>\nTechnik: Kraftstoff<br \/>\nLadeger\u00e4t im Lieferumfang enthalten:Kein Ladeger\u00e4t im Lieferumfang enthalten<br \/>\nAkku enthalten:Kein Akku im Lieferumfang enthalten <\/p>\n","protected":false},"excerpt":{"rendered":"<p>Vollst\u00e4ndige Anpassung der Werkzeuge \u00fcber die ONE-KEY\u2122 App. Speichern von Profilen f\u00fcr anwendungsspezifische Wiederholgenauigkeit Inventarisierungsfunktionalit\u00e4t f\u00fcr das gesamte Flottenmanagement Kraftvolles<\/p>\n","protected":false},"featured_media":57213,"template":"","meta":{"_seopress_robots_primary_cat":"","_seopress_titles_title":"","_seopress_titles_desc":"","_seopress_robots_index":""},"product_brand":[3656],"product_cat":[169,1454,1553],"product_tag":[],"class_list":{"0":"post-414649","1":"product","2":"type-product","3":"status-publish","4":"has-post-thumbnail","6":"product_brand-milwaukee-de","7":"product_cat-maschinen","8":"product_cat-andere-gerate","9":"product_cat-bohrer-und-schraubendreher","11":"first","12":"instock","13":"shipping-taxable","14":"purchasable","15":"product-type-simple"},"_links":{"self":[{"href":"https:\/\/lucacastelli.com\/de\/wp-json\/wp\/v2\/product\/414649","targetHints":{"allow":["GET"]}}],"collection":[{"href":"https:\/\/lucacastelli.com\/de\/wp-json\/wp\/v2\/product"}],"about":[{"href":"https:\/\/lucacastelli.com\/de\/wp-json\/wp\/v2\/types\/product"}],"wp:featuredmedia":[{"embeddable":true,"href":"https:\/\/lucacastelli.com\/de\/wp-json\/wp\/v2\/media\/57213"}],"wp:attachment":[{"href":"https:\/\/lucacastelli.com\/de\/wp-json\/wp\/v2\/media?parent=414649"}],"wp:term":[{"taxonomy":"product_brand","embeddable":true,"href":"https:\/\/lucacastelli.com\/de\/wp-json\/wp\/v2\/product_brand?post=414649"},{"taxonomy":"product_cat","embeddable":true,"href":"https:\/\/lucacastelli.com\/de\/wp-json\/wp\/v2\/product_cat?post=414649"},{"taxonomy":"product_tag","embeddable":true,"href":"https:\/\/lucacastelli.com\/de\/wp-json\/wp\/v2\/product_tag?post=414649"}],"curies":[{"name":"wp","href":"https:\/\/api.w.org\/{rel}","templated":true}]}}