{"id":414644,"date":"2023-07-18T09:29:27","date_gmt":"2023-07-18T07:29:27","guid":{"rendered":"https:\/\/lucacastelli.com\/prodotto\/milwaukee-akku-saebelsaege-m18bsx-0\/"},"modified":"2025-06-29T08:12:01","modified_gmt":"2025-06-29T06:12:01","slug":"milwaukee-akku-saebelsaege-m18bsx-0","status":"publish","type":"product","link":"https:\/\/lucacastelli.com\/de\/produkt\/milwaukee-akku-saebelsaege-m18bsx-0\/","title":{"rendered":"Milwaukee Akku-S\u00e4bels\u00e4ge M18BSX-0"},"content":{"rendered":"<p>Leistungsstarker<br \/>\n Milwaukee\u00ae 4-Pol-Motor REDLINK-Elektronik\u2122 &#8211; \u00dcberlastschutz f\u00fcr lange Akkulaufzeit, Motor und Getriebe<br \/>\nFIXTEC-S\u00e4geblatt-Schnellwechselsystem<br \/>\nGegengewichtsmechanismus reduziert Vibrationen auf 15,2 m\/s\u00b2 beim Holzs\u00e4gen<br \/>\nEin Hub von 28,6 mm und bis zu 3000 H\u00fcbe pro Minute erm\u00f6glichen extrem schnelles<br \/>\nS\u00e4gen Batterieladezustandsanzeige<br \/>\nDer REDLITHIUM-ION-Akku\u2122 bietet ein perfekt kalibriertes Design, eine fortschrittliche Elektronik und eine verlustfreie Leistungsentfaltung f\u00fcr eine l\u00e4ngere Lebensdauer und eine hohe Lebensdauer.<br \/>\n100% kompatibel mit Milwaukee\u00ae M18 Produktreihe<\/p>\n<p>Technische Daten:<\/p>\n<p>Lithium-Ionen-Akku<br \/>\nAnzahl der mitgelieferten Akkus 0<br \/>\nArtikelnummer 4933447275<br \/>\nGewicht mit Akku (kg) &#8211;<br \/>\nHubl\u00e4nge (mm) 28,6<br \/>\nLadeger\u00e4t (Ladezeit) &#8211;<br \/>\nHubgeschwindigkeit im Leerlauf (min-1) 3000<br \/>\nMax. Schnitttiefe Schnitttiefe in Aluminium (mm) 25<br \/>\nMax. max. Schnitttiefe in Nichteisenmetall (mm) 25<br \/>\nMax. max. Schnitttiefe in Metallrohren (mm) 150<br \/>\nMax. Schnitttiefe in Stahl (mm) 20<br \/>\nMax. Schnitttiefe in Weichholz (mm) 300<br \/>\nSpannung (V) 18     <\/p>\n<p>Lieferumfang:<br \/>\n ohne Akku, ohne Ladeger\u00e4t<\/p>\n","protected":false},"excerpt":{"rendered":"<p>Leistungsstarker Milwaukee\u00ae 4-Pol-Motor REDLINK-Elektronik\u2122 &#8211; \u00dcberlastschutz f\u00fcr lange Akkulaufzeit, Motor und Getriebe FIXTEC-S\u00e4geblatt-Schnellwechselsystem Gegengewichtsmechanismus reduziert Vibrationen auf 15,2 m\/s\u00b2 beim<\/p>\n","protected":false},"featured_media":57154,"template":"","meta":{"_seopress_robots_primary_cat":"","_seopress_titles_title":"","_seopress_titles_desc":"","_seopress_robots_index":""},"product_brand":[3656],"product_cat":[169,1454],"product_tag":[],"class_list":{"0":"post-414644","1":"product","2":"type-product","3":"status-publish","4":"has-post-thumbnail","6":"product_brand-milwaukee-de","7":"product_cat-maschinen","8":"product_cat-andere-gerate","10":"first","11":"onbackorder","12":"shipping-taxable","13":"purchasable","14":"product-type-simple"},"_links":{"self":[{"href":"https:\/\/lucacastelli.com\/de\/wp-json\/wp\/v2\/product\/414644","targetHints":{"allow":["GET"]}}],"collection":[{"href":"https:\/\/lucacastelli.com\/de\/wp-json\/wp\/v2\/product"}],"about":[{"href":"https:\/\/lucacastelli.com\/de\/wp-json\/wp\/v2\/types\/product"}],"wp:featuredmedia":[{"embeddable":true,"href":"https:\/\/lucacastelli.com\/de\/wp-json\/wp\/v2\/media\/57154"}],"wp:attachment":[{"href":"https:\/\/lucacastelli.com\/de\/wp-json\/wp\/v2\/media?parent=414644"}],"wp:term":[{"taxonomy":"product_brand","embeddable":true,"href":"https:\/\/lucacastelli.com\/de\/wp-json\/wp\/v2\/product_brand?post=414644"},{"taxonomy":"product_cat","embeddable":true,"href":"https:\/\/lucacastelli.com\/de\/wp-json\/wp\/v2\/product_cat?post=414644"},{"taxonomy":"product_tag","embeddable":true,"href":"https:\/\/lucacastelli.com\/de\/wp-json\/wp\/v2\/product_tag?post=414644"}],"curies":[{"name":"wp","href":"https:\/\/api.w.org\/{rel}","templated":true}]}}