{"id":414642,"date":"2023-07-17T18:33:45","date_gmt":"2023-07-17T16:33:45","guid":{"rendered":"https:\/\/lucacastelli.com\/prodotto\/milwaukee-akku-bohrhammer-hd18hx-402c\/"},"modified":"2025-06-29T08:11:33","modified_gmt":"2025-06-29T06:11:33","slug":"milwaukee-akku-bohrhammer-hd18hx-402c","status":"publish","type":"product","link":"https:\/\/lucacastelli.com\/de\/produkt\/milwaukee-akku-bohrhammer-hd18hx-402c\/","title":{"rendered":"Milwaukee Akku-Bohrhammer HD18HX-402C"},"content":{"rendered":"<p>Optimiert f\u00fcr Bohrungen von \u00f8 8-16 mm<br \/>\nElektronischer \u00dcberlastschutz REDLINK\u2122 f\u00fcr lange Batterie-, Motor- und Getriebelebensdauer<br \/>\nSchlagenergie 2,4 J<br \/>\nRobustes Getriebegeh\u00e4use aus Metall<br \/>\nRotationsanschlag f\u00fcr leichte Mei\u00dfelarbeiten<br \/>\nRechts-\/Linksdrehung und Schlagstopp<br \/>\nFIXTEC Schnellwechselsystem<br \/>\nSicherheitskupplung sch\u00fctzt den Benutzer und die Maschine AVS-Antivibrationssystem<br \/>\nEinzelzellen\u00fcberwachung f\u00fcr eine lange Batterielebensdauer<\/p>\n<p>Batterieladezustandsanzeige Die REDLITHIUM-IONEN-Batterie\u2122 bietet ein perfekt abgestimmtes Design, fortschrittliche Elektronik und verlustfreie Leistungsentfaltung f\u00fcr eine l\u00e4ngere Lebensdauer und erh\u00f6hte Festigkeit.<\/p>\n<p>100% kompatibel mit Milwaukee\u00ae M18\u2122 Produktreihe<br \/>\nTechnische Daten:<\/p>\n<p>Lithium-Ionen-Akku<br \/>\nBatteriekapazit\u00e4t (Ah) 4.0<br \/>\nAnzahl der mitgelieferten Batterien 2<br \/>\nLieferung im Transportkoffer<br \/>\nGewicht mit Akku (kg) 3.7<br \/>\nLadeger\u00e4t (Ladezeit) 80 min<br \/>\nMaximaler Bohrdurchmesser in Beton (mm) Bohrerdurchmesser in Beton (mm) 24<br \/>\nMaximaler Bohrerdurchmesser in Holz Bohrdurchmesser in Holz (mm) 30<br \/>\nMaximaler Bohrdurchmesser in Stahl Bohrdurchmesser in Stahl (mm) 13<br \/>\nMaximale Drehzahl Maximale Schlaggeschwindigkeit (min-1) 4200<br \/>\nOptimiert f\u00fcr Bohrdurchmesser [mm] \u00f8 6 &#8211; 18<br \/>\nSchlagenergie (EPTA) (J) 2,4<br \/>\nSpannung (V) 18<\/p>\n<p>Lieferumfang:<br \/>\n 2 x 18 V \/ 4,0 Ah rote Lithium-Ionen-Akkus, M12-18C Ladeger\u00e4t, FIXTEC Adapter und 13 mm Metall-Schnellspannfutter, Zusatzhandgriff mit Tiefenanschlag, Transportkoffer.<\/p>\n","protected":false},"excerpt":{"rendered":"<p>Optimiert f\u00fcr Bohrungen von \u00f8 8-16 mm Elektronischer \u00dcberlastschutz REDLINK\u2122 f\u00fcr lange Batterie-, Motor- und Getriebelebensdauer Schlagenergie 2,4 J Robustes<\/p>\n","protected":false},"featured_media":57114,"template":"","meta":{"_seopress_robots_primary_cat":"","_seopress_titles_title":"","_seopress_titles_desc":"","_seopress_robots_index":""},"product_brand":[3656],"product_cat":[169,1454,1553],"product_tag":[],"class_list":{"0":"post-414642","1":"product","2":"type-product","3":"status-publish","4":"has-post-thumbnail","6":"product_brand-milwaukee-de","7":"product_cat-maschinen","8":"product_cat-andere-gerate","9":"product_cat-bohrer-und-schraubendreher","11":"first","12":"onbackorder","13":"shipping-taxable","14":"purchasable","15":"product-type-simple"},"_links":{"self":[{"href":"https:\/\/lucacastelli.com\/de\/wp-json\/wp\/v2\/product\/414642","targetHints":{"allow":["GET"]}}],"collection":[{"href":"https:\/\/lucacastelli.com\/de\/wp-json\/wp\/v2\/product"}],"about":[{"href":"https:\/\/lucacastelli.com\/de\/wp-json\/wp\/v2\/types\/product"}],"wp:featuredmedia":[{"embeddable":true,"href":"https:\/\/lucacastelli.com\/de\/wp-json\/wp\/v2\/media\/57114"}],"wp:attachment":[{"href":"https:\/\/lucacastelli.com\/de\/wp-json\/wp\/v2\/media?parent=414642"}],"wp:term":[{"taxonomy":"product_brand","embeddable":true,"href":"https:\/\/lucacastelli.com\/de\/wp-json\/wp\/v2\/product_brand?post=414642"},{"taxonomy":"product_cat","embeddable":true,"href":"https:\/\/lucacastelli.com\/de\/wp-json\/wp\/v2\/product_cat?post=414642"},{"taxonomy":"product_tag","embeddable":true,"href":"https:\/\/lucacastelli.com\/de\/wp-json\/wp\/v2\/product_tag?post=414642"}],"curies":[{"name":"wp","href":"https:\/\/api.w.org\/{rel}","templated":true}]}}