{"id":414638,"date":"2023-07-17T18:48:18","date_gmt":"2023-07-17T16:48:18","guid":{"rendered":"https:\/\/lucacastelli.com\/prodotto\/milwaukee-akku-kombihammer-m18-blh-0\/"},"modified":"2025-06-29T08:11:49","modified_gmt":"2025-06-29T06:11:49","slug":"milwaukee-akku-kombihammer-m18-blh-0","status":"publish","type":"product","link":"https:\/\/lucacastelli.com\/de\/produkt\/milwaukee-akku-kombihammer-m18-blh-0\/","title":{"rendered":"Milwaukee Akku-Kombihammer M18 BLH-0"},"content":{"rendered":"<p>Beschreibung<br \/>\nDas leistungsstarke Schlagwerk und der b\u00fcrstenlose Motor sorgen f\u00fcr eine Schlagenergie von 2,3 J<br \/>\nKompaktes und ergonomisches Design f\u00fcr mehr Benutzerkomfort<br \/>\nVollmetallgetriebe &#8211; optimale Getriebepositionierung f\u00fcr l\u00e4ngere Standzeiten<br \/>\n4-Positionen-Betrieb: Bohrposition, Bohrhammerposition, Mei\u00dfelposition und Freilauf zur Einstellung der Position des Flachmei\u00dfels (Variolock) f\u00fcr maximalen Bedienkomfort<br \/>\nVibrationsd\u00e4mpfender Seitengriff zur Reduzierung der Auswirkungen von Vibrationen<br \/>\nKompatibel mit dem Staubabsaugsystem M18 CDEX<br \/>\nDer b\u00fcrstenlose Motor, der REDLITHIUM-Akku\u2122 und die REDLINK-Elektronik\u2122 garantieren Leistung, Autonomie und Langlebigkeit.<br \/>\nFlexibles Batteriesystem: Funktioniert mit allen MILWAUKEE\u00ae M18\u2122 Batterien.<\/p>\n<p>Technische<br \/>\nDaten Registrierung der SDS-Plus<br \/>\nMaschine Maximaler Bohr-\u00d8 in Beton (mm) 26<br \/>\nMaximaler Bohr-\u00d8 in Holz (mm) 26<br \/>\nMaximaler Bohr-\u00d8 in Stahl (mm) 13<br \/>\nMaximale Hubgeschwindigkeit (pro Minute) 0 &#8211; 5100<br \/>\nLeerlaufdrehzahl (U\/min) 0 &#8211; 1400<br \/>\nSchlagenergie (EPTA) (J) 2,3<br \/>\nSpannung (V) 18<br \/>\nAkkutyp Li-Ion<\/p>\n<p>Lieferumfang<br \/>\n: Lieferung ohne Akku und Ladeger\u00e4t<br \/>\nIm Karton<\/p>\n","protected":false},"excerpt":{"rendered":"<p>Beschreibung Das leistungsstarke Schlagwerk und der b\u00fcrstenlose Motor sorgen f\u00fcr eine Schlagenergie von 2,3 J Kompaktes und ergonomisches Design f\u00fcr<\/p>\n","protected":false},"featured_media":57139,"template":"","meta":{"_seopress_robots_primary_cat":"","_seopress_titles_title":"","_seopress_titles_desc":"","_seopress_robots_index":""},"product_brand":[3656],"product_cat":[169,1454,1553],"product_tag":[],"class_list":{"0":"post-414638","1":"product","2":"type-product","3":"status-publish","4":"has-post-thumbnail","6":"product_brand-milwaukee-de","7":"product_cat-maschinen","8":"product_cat-andere-gerate","9":"product_cat-bohrer-und-schraubendreher","11":"first","12":"onbackorder","13":"shipping-taxable","14":"purchasable","15":"product-type-simple"},"_links":{"self":[{"href":"https:\/\/lucacastelli.com\/de\/wp-json\/wp\/v2\/product\/414638","targetHints":{"allow":["GET"]}}],"collection":[{"href":"https:\/\/lucacastelli.com\/de\/wp-json\/wp\/v2\/product"}],"about":[{"href":"https:\/\/lucacastelli.com\/de\/wp-json\/wp\/v2\/types\/product"}],"wp:featuredmedia":[{"embeddable":true,"href":"https:\/\/lucacastelli.com\/de\/wp-json\/wp\/v2\/media\/57139"}],"wp:attachment":[{"href":"https:\/\/lucacastelli.com\/de\/wp-json\/wp\/v2\/media?parent=414638"}],"wp:term":[{"taxonomy":"product_brand","embeddable":true,"href":"https:\/\/lucacastelli.com\/de\/wp-json\/wp\/v2\/product_brand?post=414638"},{"taxonomy":"product_cat","embeddable":true,"href":"https:\/\/lucacastelli.com\/de\/wp-json\/wp\/v2\/product_cat?post=414638"},{"taxonomy":"product_tag","embeddable":true,"href":"https:\/\/lucacastelli.com\/de\/wp-json\/wp\/v2\/product_tag?post=414638"}],"curies":[{"name":"wp","href":"https:\/\/api.w.org\/{rel}","templated":true}]}}