{"id":414633,"date":"2023-07-02T16:04:50","date_gmt":"2023-07-02T14:04:50","guid":{"rendered":"https:\/\/lucacastelli.com\/prodotto\/milwaukee-fuel-akku-ratsche-1-4-lang-m12fir14lr-0\/"},"modified":"2025-06-29T08:11:16","modified_gmt":"2025-06-29T06:11:16","slug":"milwaukee-fuel-akku-ratsche-1-4-lang-m12fir14lr-0","status":"publish","type":"product","link":"https:\/\/lucacastelli.com\/de\/produkt\/milwaukee-fuel-akku-ratsche-1-4-lang-m12fir14lr-0\/","title":{"rendered":"Milwaukee FUEL\u2122 Akku-Ratsche 1\/4&#8221; lang M12FIR14LR-0"},"content":{"rendered":"<p>Mit einem maximalen Drehmoment von 54 Nm und einer Lebensdauer von 250 Minuten ist diese Knarre die ideale L\u00f6sung f\u00fcr eine Vielzahl von mechanischen Anwendungen.<br \/>\nDank der FUEL-Technologie\u2122 und hochwertiger Komponenten wird dem professionellen Anwender eine noch l\u00e4ngere Lebensdauer geboten<br \/>\nVerl\u00e4ngerte Ratschenhalsl\u00e4nge von 81 mm f\u00fcr noch leichteres Arbeiten auf engstem Raum<br \/>\nGasschalter aus Metall f\u00fcr eine einfache und kontrollierte Bedienung<br \/>\nGriff mit weichem Griffpolster f\u00fcr besseren Halt<br \/>\nLED-Beleuchtung des Arbeitsbereichs und Akkuladeanzeige<br \/>\nDie REDLINK PLUS-Elektronik\u2122 bietet fortschrittlichen digitalen Schutz gegen \u00dcberlastung von Maschine und Batterie und h\u00e4lt die Leistung unter Last konstant<br \/>\nDer REDLITHIUM-ION-Akku\u2122 bietet ein perfekt kalibriertes Design, fortschrittliche Elektronik und verlustfreie Stromversorgung f\u00fcr eine l\u00e4ngere Lebensdauer und Ausdauer als die Vorg\u00e4ngermodelle<br \/>\nLieferung mit 3\/8 Adapter<br \/>\n100% kompatibel mit Milwaukee\u00ae M12-Produktreihe\u2122<\/p>\n<p>Technische Daten:<\/p>\n<p>Lithium-Ionen-Akku<br \/>\nAnzahl der mitgelieferten Akkus 0<br \/>\nArtikelnummer 4933471499<br \/>\nGewicht mit Akku (kg) 1.1<br \/>\nL\u00e4nge (mm) 279<br \/>\nLadeger\u00e4t (Ladezeit) &#8211;<br \/>\nLeerlaufdrehzahl (min-1) 0 &#8211; 250<br \/>\nMaximales Drehmoment (Nm) Drehmoment (Nm) 54<br \/>\nH\u00f6he des Ratschenkopfes (mm) 19.3<br \/>\nSpannung (V) 12<\/p>\n<p>Lieferumfang:<br \/>\n ohne Akku, ohne Ladeger\u00e4t<\/p>\n","protected":false},"excerpt":{"rendered":"<p>Mit einem maximalen Drehmoment von 54 Nm und einer Lebensdauer von 250 Minuten ist diese Knarre die ideale L\u00f6sung f\u00fcr<\/p>\n","protected":false},"featured_media":57040,"template":"","meta":{"_seopress_robots_primary_cat":"","_seopress_titles_title":"","_seopress_titles_desc":"","_seopress_robots_index":""},"product_brand":[3656],"product_cat":[169,1454,1553],"product_tag":[],"class_list":{"0":"post-414633","1":"product","2":"type-product","3":"status-publish","4":"has-post-thumbnail","6":"product_brand-milwaukee-de","7":"product_cat-maschinen","8":"product_cat-andere-gerate","9":"product_cat-bohrer-und-schraubendreher","11":"first","12":"onbackorder","13":"shipping-taxable","14":"purchasable","15":"product-type-simple"},"_links":{"self":[{"href":"https:\/\/lucacastelli.com\/de\/wp-json\/wp\/v2\/product\/414633","targetHints":{"allow":["GET"]}}],"collection":[{"href":"https:\/\/lucacastelli.com\/de\/wp-json\/wp\/v2\/product"}],"about":[{"href":"https:\/\/lucacastelli.com\/de\/wp-json\/wp\/v2\/types\/product"}],"wp:featuredmedia":[{"embeddable":true,"href":"https:\/\/lucacastelli.com\/de\/wp-json\/wp\/v2\/media\/57040"}],"wp:attachment":[{"href":"https:\/\/lucacastelli.com\/de\/wp-json\/wp\/v2\/media?parent=414633"}],"wp:term":[{"taxonomy":"product_brand","embeddable":true,"href":"https:\/\/lucacastelli.com\/de\/wp-json\/wp\/v2\/product_brand?post=414633"},{"taxonomy":"product_cat","embeddable":true,"href":"https:\/\/lucacastelli.com\/de\/wp-json\/wp\/v2\/product_cat?post=414633"},{"taxonomy":"product_tag","embeddable":true,"href":"https:\/\/lucacastelli.com\/de\/wp-json\/wp\/v2\/product_tag?post=414633"}],"curies":[{"name":"wp","href":"https:\/\/api.w.org\/{rel}","templated":true}]}}