{"id":414628,"date":"2023-07-02T16:04:18","date_gmt":"2023-07-02T14:04:18","guid":{"rendered":"https:\/\/lucacastelli.com\/prodotto\/milwaukee-fuel-akku-ratsche-1-2-m12fir12-0\/"},"modified":"2025-06-29T08:11:12","modified_gmt":"2025-06-29T06:11:12","slug":"milwaukee-fuel-akku-ratsche-1-2-m12fir12-0","status":"publish","type":"product","link":"https:\/\/lucacastelli.com\/de\/produkt\/milwaukee-fuel-akku-ratsche-1-2-m12fir12-0\/","title":{"rendered":"Milwaukee FUEL\u2122 Akku-Ratsche 1\/2&#8243; M12FIR12-0"},"content":{"rendered":"<p>Drehmoment bis zu 81 Nm und 175 min<br \/>\nKompaktes Design f\u00fcr schnellen Zugriff in allen Anwendungen<br \/>\nPOWERSTATE\u2122 Brushless-Motor mit verst\u00e4rktem Getriebe und Geh\u00e4use f\u00fcr lange Lebensdauer.<br \/>\nDie REDLINK PLUS-Elektronik\u2122 bietet einen fortschrittlichen digitalen \u00dcberlastungsschutz f\u00fcr die Maschine und die Batterie und h\u00e4lt die Leistung unter Last<br \/>\nkonstant Die REDLITHIUM-ION-Batterie\u2122 bietet ein perfekt kalibriertes Design, eine fortschrittliche Elektronik und eine verlustfreie Stromversorgung f\u00fcr eine l\u00e4ngere Lebensdauer als die Vorg\u00e4ngermodelle.<br \/>\nL\u00e4ngerer Gasschalter aus Metall f\u00fcr einfache Bedienung<br \/>\nGriff mit weichem Griffpolster f\u00fcr besseren Halt<br \/>\nLED-Beleuchtung des Arbeitsbereichs<br \/>\nMit 3\/8 Adapter<br \/>\n100% kompatibel mit Milwaukee\u00ae M12-Produktreihe<\/p>\n<p>Technische Daten:<\/p>\n<p>Lithium-Ionen-Akku<br \/>\nBatteriekapazit\u00e4t (Ah) &#8211;<br \/>\nAnzahl der mitgelieferten Batterien 0<br \/>\nArtikelnummer 4933459800<br \/>\nLieferumfang in &#8211;<br \/>\nGewicht mit Akku (kg) 1,5<br \/>\nL\u00e4nge (mm) 324<br \/>\nLadeger\u00e4t (Ladezeit) &#8211;<br \/>\nLeerlaufdrehzahl (min-1) 0 &#8211; 175<br \/>\nMaximales Drehmoment (Nm) Drehmoment (Nm) 81<br \/>\nSpannung (V) 12<\/p>\n","protected":false},"excerpt":{"rendered":"<p>Drehmoment bis zu 81 Nm und 175 min Kompaktes Design f\u00fcr schnellen Zugriff in allen Anwendungen POWERSTATE\u2122 Brushless-Motor mit verst\u00e4rktem<\/p>\n","protected":false},"featured_media":57035,"template":"","meta":{"_seopress_robots_primary_cat":"","_seopress_titles_title":"","_seopress_titles_desc":"","_seopress_robots_index":""},"product_brand":[3656],"product_cat":[169,1454,1553],"product_tag":[],"class_list":{"0":"post-414628","1":"product","2":"type-product","3":"status-publish","4":"has-post-thumbnail","6":"product_brand-milwaukee-de","7":"product_cat-maschinen","8":"product_cat-andere-gerate","9":"product_cat-bohrer-und-schraubendreher","11":"first","12":"onbackorder","13":"shipping-taxable","14":"purchasable","15":"product-type-simple"},"_links":{"self":[{"href":"https:\/\/lucacastelli.com\/de\/wp-json\/wp\/v2\/product\/414628","targetHints":{"allow":["GET"]}}],"collection":[{"href":"https:\/\/lucacastelli.com\/de\/wp-json\/wp\/v2\/product"}],"about":[{"href":"https:\/\/lucacastelli.com\/de\/wp-json\/wp\/v2\/types\/product"}],"wp:featuredmedia":[{"embeddable":true,"href":"https:\/\/lucacastelli.com\/de\/wp-json\/wp\/v2\/media\/57035"}],"wp:attachment":[{"href":"https:\/\/lucacastelli.com\/de\/wp-json\/wp\/v2\/media?parent=414628"}],"wp:term":[{"taxonomy":"product_brand","embeddable":true,"href":"https:\/\/lucacastelli.com\/de\/wp-json\/wp\/v2\/product_brand?post=414628"},{"taxonomy":"product_cat","embeddable":true,"href":"https:\/\/lucacastelli.com\/de\/wp-json\/wp\/v2\/product_cat?post=414628"},{"taxonomy":"product_tag","embeddable":true,"href":"https:\/\/lucacastelli.com\/de\/wp-json\/wp\/v2\/product_tag?post=414628"}],"curies":[{"name":"wp","href":"https:\/\/api.w.org\/{rel}","templated":true}]}}