{"id":414621,"date":"2023-07-02T09:35:17","date_gmt":"2023-07-02T07:35:17","guid":{"rendered":"https:\/\/lucacastelli.com\/prodotto\/milwaukee-fuel-akku-kompakt-schlagbohrschrauber-mit-schnellwechselbohrfutter-m12fpdx-0\/"},"modified":"2025-06-29T08:10:41","modified_gmt":"2025-06-29T06:10:41","slug":"milwaukee-fuel-akku-kompakt-schlagbohrschrauber-mit-schnellwechselbohrfutter-m12fpdx-0","status":"publish","type":"product","link":"https:\/\/lucacastelli.com\/de\/produkt\/milwaukee-fuel-akku-kompakt-schlagbohrschrauber-mit-schnellwechselbohrfutter-m12fpdx-0\/","title":{"rendered":"Milwaukee FUEL\u2122 Akku-Kompakt-Schlagbohrschrauber mit Schnellwechselbohrfutter M12FPDX-0"},"content":{"rendered":"<p>Kompakter Akku-Bohrhammer mit 6-in-1-Schraubl\u00f6sung<br \/>\nAbnehmbares Spindelsystem mit 3 Sch\u00e4ften f\u00fcr maximale Flexibilit\u00e4t B\u00fcrstenloser POWERSTATE-Motor\u2122 f\u00fcr die h\u00e4rtesten<br \/>\nAnwendungen Die REDLINK PLUS-Elektronik\u2122 bietet einen fortschrittlichen digitalen \u00dcberlastschutz f\u00fcr Maschine und Akku und h\u00e4lt die Leistung unter Last<br \/>\nkonstant Der REDLITHIUM-ION-Akku\u2122 bietet ein perfekt kalibriertes Design, eine fortschrittliche Elektronik und eine verlustfreie Leistungsabgabe f\u00fcr eine l\u00e4ngere Lebensdauer und eine<br \/>\n L\u00e4ngere Lebensdauer als bei fr\u00fcheren<br \/>\nModellen mit 13-mm-Schnellspannfutter, 1\/4-Zoll-Sechskant-Metall-Winkelschraubenantrieb oder 1\/4-Zoll-Sechskant-Exzenterantrieb aus Metall.<br \/>\nExtrem wendig durch den 1\/4&#8221; Sechskantantrieb unter der Spindel: nur 138 mm L\u00e4nge ohne Spindel<br \/>\nPlanetengetriebe aus Metall f\u00fcr eine lange Lebensdauer<br \/>\nLED-Beleuchtung des Arbeitsbereichs<br \/>\nSystem 100% kompatibel mit Milwaukee\u00ae M12 Produktreihe<\/p>\n<p>Technische Daten:<\/p>\n<p>Lithium-Ionen-Akku<br \/>\nBatteriekapazit\u00e4t (Ah) &#8211;<br \/>\nAnzahl der mitgelieferten Batterien 0<br \/>\nSpannbereich der Spindel (mm) 13<br \/>\nGeliefert in &#8211;<br \/>\nGewicht mit Akku (kg) &#8211;<br \/>\nHolzschrauben (mm) 8<br \/>\nLadeger\u00e4t (Ladezeit) &#8211;<br \/>\nLeerlaufdrehzahl im 1. Gang (min-1) 0 &#8211; 450<br \/>\nLeerlaufdrehzahl im 2. Gang (min-1) 0 &#8211; 1700<br \/>\nMaximaler Bohrdurchmesser in Holz (mm) Bohrdurchmesser in Holz (mm) 35<br \/>\nMaximaler Bohrdurchmesser in Mauerwerk Maximaler Bohrdurchmesser in Mauerwerk (mm) 13<br \/>\nMaximaler Bohrdurchmesser in Stahl Bohrdurchmesser in Stahl (mm) 13<br \/>\nMaximales Drehmoment Drehmoment (Nm) 44<br \/>\nMaximale Schlaggeschwindigkeit (min-1) Schlaggeschwindigkeit (min-1) 0 &#8211; 25.500<br \/>\nSpannung (V) 12<\/p>\n<p>Lieferumfang:<br \/>\n ohne Akku, ohne Ladeger\u00e4t, ohne HD-Box<\/p>\n","protected":false},"excerpt":{"rendered":"<p>Kompakter Akku-Bohrhammer mit 6-in-1-Schraubl\u00f6sung Abnehmbares Spindelsystem mit 3 Sch\u00e4ften f\u00fcr maximale Flexibilit\u00e4t B\u00fcrstenloser POWERSTATE-Motor\u2122 f\u00fcr die h\u00e4rtesten Anwendungen Die REDLINK<\/p>\n","protected":false},"featured_media":56965,"template":"","meta":{"_seopress_robots_primary_cat":"","_seopress_titles_title":"","_seopress_titles_desc":"","_seopress_robots_index":""},"product_brand":[3656],"product_cat":[169,1454,1553],"product_tag":[],"class_list":{"0":"post-414621","1":"product","2":"type-product","3":"status-publish","4":"has-post-thumbnail","6":"product_brand-milwaukee-de","7":"product_cat-maschinen","8":"product_cat-andere-gerate","9":"product_cat-bohrer-und-schraubendreher","11":"first","12":"onbackorder","13":"shipping-taxable","14":"purchasable","15":"product-type-simple"},"_links":{"self":[{"href":"https:\/\/lucacastelli.com\/de\/wp-json\/wp\/v2\/product\/414621","targetHints":{"allow":["GET"]}}],"collection":[{"href":"https:\/\/lucacastelli.com\/de\/wp-json\/wp\/v2\/product"}],"about":[{"href":"https:\/\/lucacastelli.com\/de\/wp-json\/wp\/v2\/types\/product"}],"wp:featuredmedia":[{"embeddable":true,"href":"https:\/\/lucacastelli.com\/de\/wp-json\/wp\/v2\/media\/56965"}],"wp:attachment":[{"href":"https:\/\/lucacastelli.com\/de\/wp-json\/wp\/v2\/media?parent=414621"}],"wp:term":[{"taxonomy":"product_brand","embeddable":true,"href":"https:\/\/lucacastelli.com\/de\/wp-json\/wp\/v2\/product_brand?post=414621"},{"taxonomy":"product_cat","embeddable":true,"href":"https:\/\/lucacastelli.com\/de\/wp-json\/wp\/v2\/product_cat?post=414621"},{"taxonomy":"product_tag","embeddable":true,"href":"https:\/\/lucacastelli.com\/de\/wp-json\/wp\/v2\/product_tag?post=414621"}],"curies":[{"name":"wp","href":"https:\/\/api.w.org\/{rel}","templated":true}]}}