{"id":414616,"date":"2023-07-02T09:11:14","date_gmt":"2023-07-02T07:11:14","guid":{"rendered":"https:\/\/lucacastelli.com\/prodotto\/milwaukee-fuel-akku-schlagschrauber-3-8-vierkant-m12fiw38-422x\/"},"modified":"2025-06-29T08:10:29","modified_gmt":"2025-06-29T06:10:29","slug":"milwaukee-fuel-akku-schlagschrauber-3-8-vierkant-m12fiw38-422x","status":"publish","type":"product","link":"https:\/\/lucacastelli.com\/de\/produkt\/milwaukee-fuel-akku-schlagschrauber-3-8-vierkant-m12fiw38-422x\/","title":{"rendered":"Milwaukee FUEL\u2122 Akku-Schlagschrauber 3\/8 \u0301 \u0301 Vierkant M12FIW38-422X"},"content":{"rendered":"<p>Kompakte Gr\u00f6\u00dfe und geringes Gewicht f\u00fcr bessere Kontrolle<br \/>\nMaximales Drehmoment von 339 Nm<br \/>\n3\/8&#8243; Vierkantantrieb mit Sprengring<br \/>\nPOWERSTATE\u2122 b\u00fcrstenloser Motor f\u00fcr mehr Leistung in einem kompakteren<br \/>\nDesign Die REDLINK PLUS-Elektronik\u2122 bietet einen fortschrittlichen digitalen \u00dcberlastschutz f\u00fcr Maschine und Batterie und h\u00e4lt die Leistung unter Last<br \/>\nkonstant REDLITHIUM-IONEN-Akku\u2122 bietet ein perfekt kalibriertes Design, fortschrittliche Elektronik und verlustfreie Leistungsentfaltung,  F\u00fcr eine l\u00e4ngere Lebensdauer und Zuverl\u00e4ssigkeit als bei fr\u00fcheren Modellen.<br \/>\nDie Einzelzellen\u00fcberwachung optimiert die Lebensdauer und sorgt f\u00fcr eine lange Batterielebensdauer<br \/>\n: Eine Gesamtl\u00e4nge von nur 121,9 mm erm\u00f6glicht einen besseren Zugang zu schwer zug\u00e4nglichen<br \/>\nStellen. Drive Control\u2122 mit 4 Schaltstufen<br \/>\nLED-Arbeitsplatzbeleuchtung<br \/>\nSystem: 100% kompatibel mit der Milwaukee\u00ae M12-Produktreihe\u2122.<\/p>\n<p>Technische Daten:<\/p>\n<p>Lithium-Ionen-Akku<br \/>\nBatteriekapazit\u00e4t (Ah) 1x 2.0\/1x 4.0<br \/>\nAnzahl der mitgelieferten Batterien 2<br \/>\nLieferung in HD-Box<br \/>\nGewicht mit Akku (kg) 1.1<br \/>\nLadeger\u00e4t (Ladezeit) 80 min<br \/>\nMinimale Drehzahl (min-1) 1200\/1800\/2700\/2700<br \/>\nMaximales Drehmoment (Nm) 339 Drehmoment (Nm) 339<br \/>\nMaximales Drehmoment Drehmoment [Nm] 339<br \/>\nMaximales L\u00f6semoment [Nm] 339 L\u00f6semoment [Nm] 339<br \/>\nMaximaler Schraubendurchmesser Schraubendurchmesser M16<br \/>\nAufprallgeschwindigkeit (min-1) 1100\/2100\/3200<br \/>\nSpannung [V] 12<\/p>\n<p>Lieferumfang:<br \/>\n 1 x 2,0Ah Akku \/ 1 x 4,0Ah Akku, Ladeger\u00e4t, HD Box<\/p>\n","protected":false},"excerpt":{"rendered":"<p>Kompakte Gr\u00f6\u00dfe und geringes Gewicht f\u00fcr bessere Kontrolle Maximales Drehmoment von 339 Nm 3\/8&#8243; Vierkantantrieb mit Sprengring POWERSTATE\u2122 b\u00fcrstenloser Motor<\/p>\n","protected":false},"featured_media":56955,"template":"","meta":{"_seopress_robots_primary_cat":"","_seopress_titles_title":"","_seopress_titles_desc":"","_seopress_robots_index":""},"product_brand":[3656],"product_cat":[169,1454,1553],"product_tag":[],"class_list":{"0":"post-414616","1":"product","2":"type-product","3":"status-publish","4":"has-post-thumbnail","6":"product_brand-milwaukee-de","7":"product_cat-maschinen","8":"product_cat-andere-gerate","9":"product_cat-bohrer-und-schraubendreher","11":"first","12":"onbackorder","13":"shipping-taxable","14":"purchasable","15":"product-type-simple"},"_links":{"self":[{"href":"https:\/\/lucacastelli.com\/de\/wp-json\/wp\/v2\/product\/414616","targetHints":{"allow":["GET"]}}],"collection":[{"href":"https:\/\/lucacastelli.com\/de\/wp-json\/wp\/v2\/product"}],"about":[{"href":"https:\/\/lucacastelli.com\/de\/wp-json\/wp\/v2\/types\/product"}],"wp:featuredmedia":[{"embeddable":true,"href":"https:\/\/lucacastelli.com\/de\/wp-json\/wp\/v2\/media\/56955"}],"wp:attachment":[{"href":"https:\/\/lucacastelli.com\/de\/wp-json\/wp\/v2\/media?parent=414616"}],"wp:term":[{"taxonomy":"product_brand","embeddable":true,"href":"https:\/\/lucacastelli.com\/de\/wp-json\/wp\/v2\/product_brand?post=414616"},{"taxonomy":"product_cat","embeddable":true,"href":"https:\/\/lucacastelli.com\/de\/wp-json\/wp\/v2\/product_cat?post=414616"},{"taxonomy":"product_tag","embeddable":true,"href":"https:\/\/lucacastelli.com\/de\/wp-json\/wp\/v2\/product_tag?post=414616"}],"curies":[{"name":"wp","href":"https:\/\/api.w.org\/{rel}","templated":true}]}}