{"id":414589,"date":"2023-06-17T10:23:26","date_gmt":"2023-06-17T08:23:26","guid":{"rendered":"https:\/\/lucacastelli.com\/prodotto\/milwaukee-schraubklinge-bit-50-mm-shockwave-ph-pcs-tx\/"},"modified":"2025-06-29T08:16:24","modified_gmt":"2025-06-29T06:16:24","slug":"milwaukee-schraubklinge-bit-50-mm-shockwave-ph-pcs-tx","status":"publish","type":"product","link":"https:\/\/lucacastelli.com\/de\/produkt\/milwaukee-schraubklinge-bit-50-mm-shockwave-ph-pcs-tx\/","title":{"rendered":"Milwaukee Schraubklinge (Bit) 50 mm SHOCKWAVE PH, PCS, TX"},"content":{"rendered":"<p>SHOCKWAVE\u2122 Schlagzubeh\u00f6r ist die Systeml\u00f6sung im Bereich der Schlagschrauben. Das innovative Systemzubeh\u00f6r ist nicht nur schlagfest und damit f\u00fcr den Einsatz mit Schlagschraubern geeignet, sondern bietet auch f\u00fcr alle Bohr- und Schraubf\u00e4lle das passende Zubeh\u00f6r. Lasergeh\u00e4rtete WEAR GUARD\u2122 TIP-Spitze f\u00fcr pr\u00e4zise Passform und l\u00e4ngere Lebensdauer. SHOCK ZONE-Geometrie\u2122 &#8211; sehr flexibel, um St\u00f6\u00dfe zu absorbieren. Die flexible SHOCK ZONE\u2122 reduziert die Belastungen auf die Spitze und damit die Bruchgefahr. Die Kombination aus der SHOCK ZONE\u2122 und einem speziellen H\u00e4rtungsverfahren absorbiert den Aufprall. Spezialstahl: Die f\u00fcr Milwaukee\u00ae entwickelte Stahllegierung ist speziell f\u00fcr SHOCKWAVE-Bits\u2122 und f\u00fcr den Einsatz mit Schlagschraubern geeignet. Dadurch werden die SHOCKWAVE-Bits\u2122 stabiler und gleichzeitig flexibler, ideal f\u00fcr h\u00e4rteste Schraubanwendungen.       <\/p>\n","protected":false},"excerpt":{"rendered":"<p>SHOCKWAVE\u2122 Schlagzubeh\u00f6r ist die Systeml\u00f6sung im Bereich der Schlagschrauben. Das innovative Systemzubeh\u00f6r ist nicht nur schlagfest und damit f\u00fcr den<\/p>\n","protected":false},"featured_media":56685,"template":"","meta":{"_seopress_robots_primary_cat":"","_seopress_titles_title":"","_seopress_titles_desc":"","_seopress_robots_index":""},"product_brand":[3656],"product_cat":[169,1454,1553,1554],"product_tag":[],"class_list":{"0":"post-414589","1":"product","2":"type-product","3":"status-publish","4":"has-post-thumbnail","6":"product_brand-milwaukee-de","7":"product_cat-maschinen","8":"product_cat-andere-gerate","9":"product_cat-bohrer-und-schraubendreher","10":"product_cat-zubehor-fur-bohrmaschinen-und-schraubendreher","12":"first","13":"instock","14":"shipping-taxable","15":"purchasable","16":"product-type-variable"},"_links":{"self":[{"href":"https:\/\/lucacastelli.com\/de\/wp-json\/wp\/v2\/product\/414589","targetHints":{"allow":["GET"]}}],"collection":[{"href":"https:\/\/lucacastelli.com\/de\/wp-json\/wp\/v2\/product"}],"about":[{"href":"https:\/\/lucacastelli.com\/de\/wp-json\/wp\/v2\/types\/product"}],"wp:featuredmedia":[{"embeddable":true,"href":"https:\/\/lucacastelli.com\/de\/wp-json\/wp\/v2\/media\/56685"}],"wp:attachment":[{"href":"https:\/\/lucacastelli.com\/de\/wp-json\/wp\/v2\/media?parent=414589"}],"wp:term":[{"taxonomy":"product_brand","embeddable":true,"href":"https:\/\/lucacastelli.com\/de\/wp-json\/wp\/v2\/product_brand?post=414589"},{"taxonomy":"product_cat","embeddable":true,"href":"https:\/\/lucacastelli.com\/de\/wp-json\/wp\/v2\/product_cat?post=414589"},{"taxonomy":"product_tag","embeddable":true,"href":"https:\/\/lucacastelli.com\/de\/wp-json\/wp\/v2\/product_tag?post=414589"}],"curies":[{"name":"wp","href":"https:\/\/api.w.org\/{rel}","templated":true}]}}