{"id":414539,"date":"2023-06-16T15:31:27","date_gmt":"2023-06-16T13:31:27","guid":{"rendered":"https:\/\/lucacastelli.com\/prodotto\/milwaukee-shockwave-metallbohrer-hss-g-red-hex-titan-1-4\/"},"modified":"2025-06-29T08:16:14","modified_gmt":"2025-06-29T06:16:14","slug":"milwaukee-shockwave-metallbohrer-hss-g-red-hex-titan-1-4","status":"publish","type":"product","link":"https:\/\/lucacastelli.com\/de\/produkt\/milwaukee-shockwave-metallbohrer-hss-g-red-hex-titan-1-4\/","title":{"rendered":"Milwaukee SHOCKWAVE Metallbohrer HSS-G RED HEX Titan 1\/4&#8221;"},"content":{"rendered":"<p>Schlagfeste Bits aus Metall mit 1\/4&#8221; Sechskantantrieb, optimiert f\u00fcr Akku-Schlagschrauber.<br \/>\nSpitze mit Nachlaufz\u00e4hnen f\u00fcr feineren Schnitt und geringe W\u00e4rmeentwicklung.<br \/>\nDer 135\u00b0-Bohrer erm\u00f6glicht gezieltes Bohren ohne Bohren in der Mitte.<br \/>\nDie Spiralform erm\u00f6glicht eine schnelle Spanabfuhr f\u00fcr weniger W\u00e4rmeentwicklung und l\u00e4ngere Standzeiten.<br \/>\nTitanbeschichtung f\u00fcr reduzierte W\u00e4rmeentwicklung.<br \/>\nVielseitig einsetzbar mit Schlagschraubern und Akku-Bits dank des 1\/4&#8243;-Sechskantantriebs.<\/p>\n","protected":false},"excerpt":{"rendered":"<p>Schlagfeste Bits aus Metall mit 1\/4&#8221; Sechskantantrieb, optimiert f\u00fcr Akku-Schlagschrauber. Spitze mit Nachlaufz\u00e4hnen f\u00fcr feineren Schnitt und geringe W\u00e4rmeentwicklung. Der<\/p>\n","protected":false},"featured_media":56670,"template":"","meta":{"_seopress_robots_primary_cat":"","_seopress_titles_title":"","_seopress_titles_desc":"","_seopress_robots_index":""},"product_brand":[3656],"product_cat":[169,1454,1553,1554],"product_tag":[],"class_list":{"0":"post-414539","1":"product","2":"type-product","3":"status-publish","4":"has-post-thumbnail","6":"product_brand-milwaukee-de","7":"product_cat-maschinen","8":"product_cat-andere-gerate","9":"product_cat-bohrer-und-schraubendreher","10":"product_cat-zubehor-fur-bohrmaschinen-und-schraubendreher","12":"first","13":"instock","14":"shipping-taxable","15":"purchasable","16":"product-type-variable"},"_links":{"self":[{"href":"https:\/\/lucacastelli.com\/de\/wp-json\/wp\/v2\/product\/414539","targetHints":{"allow":["GET"]}}],"collection":[{"href":"https:\/\/lucacastelli.com\/de\/wp-json\/wp\/v2\/product"}],"about":[{"href":"https:\/\/lucacastelli.com\/de\/wp-json\/wp\/v2\/types\/product"}],"wp:featuredmedia":[{"embeddable":true,"href":"https:\/\/lucacastelli.com\/de\/wp-json\/wp\/v2\/media\/56670"}],"wp:attachment":[{"href":"https:\/\/lucacastelli.com\/de\/wp-json\/wp\/v2\/media?parent=414539"}],"wp:term":[{"taxonomy":"product_brand","embeddable":true,"href":"https:\/\/lucacastelli.com\/de\/wp-json\/wp\/v2\/product_brand?post=414539"},{"taxonomy":"product_cat","embeddable":true,"href":"https:\/\/lucacastelli.com\/de\/wp-json\/wp\/v2\/product_cat?post=414539"},{"taxonomy":"product_tag","embeddable":true,"href":"https:\/\/lucacastelli.com\/de\/wp-json\/wp\/v2\/product_tag?post=414539"}],"curies":[{"name":"wp","href":"https:\/\/api.w.org\/{rel}","templated":true}]}}