{"id":414504,"date":"2023-06-16T13:08:35","date_gmt":"2023-06-16T11:08:35","guid":{"rendered":"https:\/\/lucacastelli.com\/prodotto\/milwaukee-shockwave-schlagnuss-3-4-lang\/"},"modified":"2025-06-29T08:16:08","modified_gmt":"2025-06-29T06:16:08","slug":"milwaukee-shockwave-schlagnuss-3-4-lang","status":"publish","type":"product","link":"https:\/\/lucacastelli.com\/de\/produkt\/milwaukee-shockwave-schlagnuss-3-4-lang\/","title":{"rendered":"Milwaukee SHOCKWAVE Schlagnuss 3\/4&#8243; lang"},"content":{"rendered":"<p>Der schlagfeste Stahl SHOCKWAVE\u2122 (Chrom-Molybd\u00e4n) ist ein hochwertiger Stahl f\u00fcr eine besonders lange Lebensdauer.<br \/>\nPr\u00e4zise Montage dank 6 Klemmpunkten<br \/>\nLanges Design zum Anziehen langer<br \/>\nSchrauben Gestanzte und farbcodierte Gr\u00f6\u00dfe zur einfachen Identifizierung und langlebige lasergravierte<br \/>\nTeilenummer Doppelte Bohrung und Nutung zum einfachen Anbringen von Befestigungszubeh\u00f6r<\/p>\n","protected":false},"excerpt":{"rendered":"<p>Der schlagfeste Stahl SHOCKWAVE\u2122 (Chrom-Molybd\u00e4n) ist ein hochwertiger Stahl f\u00fcr eine besonders lange Lebensdauer. Pr\u00e4zise Montage dank 6 Klemmpunkten Langes<\/p>\n","protected":false},"featured_media":56561,"template":"","meta":{"_seopress_robots_primary_cat":"","_seopress_titles_title":"","_seopress_titles_desc":"","_seopress_robots_index":""},"product_brand":[3656],"product_cat":[169,1454,1553,1554],"product_tag":[],"class_list":{"0":"post-414504","1":"product","2":"type-product","3":"status-publish","4":"has-post-thumbnail","6":"product_brand-milwaukee-de","7":"product_cat-maschinen","8":"product_cat-andere-gerate","9":"product_cat-bohrer-und-schraubendreher","10":"product_cat-zubehor-fur-bohrmaschinen-und-schraubendreher","12":"first","13":"instock","14":"shipping-taxable","15":"purchasable","16":"product-type-variable"},"_links":{"self":[{"href":"https:\/\/lucacastelli.com\/de\/wp-json\/wp\/v2\/product\/414504","targetHints":{"allow":["GET"]}}],"collection":[{"href":"https:\/\/lucacastelli.com\/de\/wp-json\/wp\/v2\/product"}],"about":[{"href":"https:\/\/lucacastelli.com\/de\/wp-json\/wp\/v2\/types\/product"}],"wp:featuredmedia":[{"embeddable":true,"href":"https:\/\/lucacastelli.com\/de\/wp-json\/wp\/v2\/media\/56561"}],"wp:attachment":[{"href":"https:\/\/lucacastelli.com\/de\/wp-json\/wp\/v2\/media?parent=414504"}],"wp:term":[{"taxonomy":"product_brand","embeddable":true,"href":"https:\/\/lucacastelli.com\/de\/wp-json\/wp\/v2\/product_brand?post=414504"},{"taxonomy":"product_cat","embeddable":true,"href":"https:\/\/lucacastelli.com\/de\/wp-json\/wp\/v2\/product_cat?post=414504"},{"taxonomy":"product_tag","embeddable":true,"href":"https:\/\/lucacastelli.com\/de\/wp-json\/wp\/v2\/product_tag?post=414504"}],"curies":[{"name":"wp","href":"https:\/\/api.w.org\/{rel}","templated":true}]}}