{"id":414411,"date":"2023-06-16T12:47:13","date_gmt":"2023-06-16T10:47:13","guid":{"rendered":"https:\/\/lucacastelli.com\/prodotto\/milwaukee-shockwave-schlagnuss-1-2-kurz\/"},"modified":"2025-06-29T08:15:59","modified_gmt":"2025-06-29T06:15:59","slug":"milwaukee-shockwave-schlagnuss-1-2-kurz","status":"publish","type":"product","link":"https:\/\/lucacastelli.com\/de\/produkt\/milwaukee-shockwave-schlagnuss-1-2-kurz\/","title":{"rendered":"Milwaukee SHOCKWAVE Schlagnuss 1\/2&#8243; kurz"},"content":{"rendered":"<p>Die rutschfeste Sechskantgeometrie verhindert das Verrunden von Steckschl\u00fcsseln und Befestigungselementen.<br \/>\nGedruckte und eingef\u00e4rbte Durchmessermarkierungen und lasergravierte Artikelnummern zur Gew\u00e4hrleistung der Verschlei\u00dffestigkeit.<br \/>\nSHOCKWAVE\u2122 IMPACT DUTY (Chrom-Molybd\u00e4n) Stahl ist eine hochwertige Stahllegierung, die maximale Festigkeit und Haltbarkeit bietet.<br \/>\nBessere Passform dank 6 Griffpunkten.<br \/>\nAusf\u00fchrung mit zwei L\u00f6chern und einem Schlitz f\u00fcr Sicherheitszubeh\u00f6r.<\/p>\n","protected":false},"excerpt":{"rendered":"<p>Die rutschfeste Sechskantgeometrie verhindert das Verrunden von Steckschl\u00fcsseln und Befestigungselementen. Gedruckte und eingef\u00e4rbte Durchmessermarkierungen und lasergravierte Artikelnummern zur Gew\u00e4hrleistung der<\/p>\n","protected":false},"featured_media":56534,"template":"","meta":{"_seopress_robots_primary_cat":"","_seopress_titles_title":"","_seopress_titles_desc":"","_seopress_robots_index":""},"product_brand":[3656],"product_cat":[169,1454,1553,1554],"product_tag":[],"class_list":{"0":"post-414411","1":"product","2":"type-product","3":"status-publish","4":"has-post-thumbnail","6":"product_brand-milwaukee-de","7":"product_cat-maschinen","8":"product_cat-andere-gerate","9":"product_cat-bohrer-und-schraubendreher","10":"product_cat-zubehor-fur-bohrmaschinen-und-schraubendreher","12":"first","13":"instock","14":"shipping-taxable","15":"purchasable","16":"product-type-variable"},"_links":{"self":[{"href":"https:\/\/lucacastelli.com\/de\/wp-json\/wp\/v2\/product\/414411","targetHints":{"allow":["GET"]}}],"collection":[{"href":"https:\/\/lucacastelli.com\/de\/wp-json\/wp\/v2\/product"}],"about":[{"href":"https:\/\/lucacastelli.com\/de\/wp-json\/wp\/v2\/types\/product"}],"wp:featuredmedia":[{"embeddable":true,"href":"https:\/\/lucacastelli.com\/de\/wp-json\/wp\/v2\/media\/56534"}],"wp:attachment":[{"href":"https:\/\/lucacastelli.com\/de\/wp-json\/wp\/v2\/media?parent=414411"}],"wp:term":[{"taxonomy":"product_brand","embeddable":true,"href":"https:\/\/lucacastelli.com\/de\/wp-json\/wp\/v2\/product_brand?post=414411"},{"taxonomy":"product_cat","embeddable":true,"href":"https:\/\/lucacastelli.com\/de\/wp-json\/wp\/v2\/product_cat?post=414411"},{"taxonomy":"product_tag","embeddable":true,"href":"https:\/\/lucacastelli.com\/de\/wp-json\/wp\/v2\/product_tag?post=414411"}],"curies":[{"name":"wp","href":"https:\/\/api.w.org\/{rel}","templated":true}]}}