{"id":414371,"date":"2023-06-15T19:11:44","date_gmt":"2023-06-15T17:11:44","guid":{"rendered":"https:\/\/lucacastelli.com\/prodotto\/milwaukee-schnittschutzhandschuhe-klasse-3-verschiedene-groessen\/"},"modified":"2026-03-07T09:07:59","modified_gmt":"2026-03-07T08:07:59","slug":"milwaukee-schnittschutzhandschuhe-klasse-3-verschiedene-groessen","status":"publish","type":"product","link":"https:\/\/lucacastelli.com\/de\/produkt\/milwaukee-schnittschutzhandschuhe-klasse-3-verschiedene-groessen\/","title":{"rendered":"Milwaukee Schnittschutzhandschuhe Klasse 3, verschiedene Gr\u00f6\u00dfen"},"content":{"rendered":"<p>Es bietet einen hervorragenden Schnitt- und Abriebschutz bis Klasse 1 und eignet sich ideal f\u00fcr die Arbeit an elektrischen Kabeln oder das Schneiden von Gewindestangen.<br \/>\nHervorragende Griffigkeit, hochwertige Nitrilbeschichtung, sehr temperatur- und \u00f6lbest\u00e4ndig.<br \/>\nHohe Durchsto\u00dffestigkeit, ideal f\u00fcr den Umgang mit scharfkantigen Gegenst\u00e4nden.<br \/>\nDie SMARTSWIPE-Handfl\u00e4chen\u2122 und Fingerspitzen erm\u00f6glichen es Ihnen, den Touchscreen zu bedienen, ohne den Handschuh ausziehen zu m\u00fcssen.<br \/>\nSchnittschutz gem\u00e4\u00df den europ\u00e4ischen Normen: EN ISO 21420 und EN388:2016 (4343C).<\/p>\n","protected":false},"excerpt":{"rendered":"<p>Es bietet einen hervorragenden Schnitt- und Abriebschutz bis Klasse 1 und eignet sich ideal f\u00fcr die Arbeit an elektrischen Kabeln<\/p>\n","protected":false},"featured_media":44747,"template":"","meta":{"_seopress_robots_primary_cat":"none","_seopress_titles_title":"","_seopress_titles_desc":"","_seopress_robots_index":""},"product_brand":[3656],"product_cat":[1382,82],"product_tag":[],"class_list":{"0":"post-414371","1":"product","2":"type-product","3":"status-publish","4":"has-post-thumbnail","6":"product_brand-milwaukee-de","7":"product_cat-arbeitskleidung","8":"product_cat-kleidung","10":"first","11":"instock","12":"shipping-taxable","13":"purchasable","14":"product-type-variable"},"_links":{"self":[{"href":"https:\/\/lucacastelli.com\/de\/wp-json\/wp\/v2\/product\/414371","targetHints":{"allow":["GET"]}}],"collection":[{"href":"https:\/\/lucacastelli.com\/de\/wp-json\/wp\/v2\/product"}],"about":[{"href":"https:\/\/lucacastelli.com\/de\/wp-json\/wp\/v2\/types\/product"}],"wp:featuredmedia":[{"embeddable":true,"href":"https:\/\/lucacastelli.com\/de\/wp-json\/wp\/v2\/media\/44747"}],"wp:attachment":[{"href":"https:\/\/lucacastelli.com\/de\/wp-json\/wp\/v2\/media?parent=414371"}],"wp:term":[{"taxonomy":"product_brand","embeddable":true,"href":"https:\/\/lucacastelli.com\/de\/wp-json\/wp\/v2\/product_brand?post=414371"},{"taxonomy":"product_cat","embeddable":true,"href":"https:\/\/lucacastelli.com\/de\/wp-json\/wp\/v2\/product_cat?post=414371"},{"taxonomy":"product_tag","embeddable":true,"href":"https:\/\/lucacastelli.com\/de\/wp-json\/wp\/v2\/product_tag?post=414371"}],"curies":[{"name":"wp","href":"https:\/\/api.w.org\/{rel}","templated":true}]}}