{"id":414353,"date":"2025-03-03T13:45:59","date_gmt":"2025-03-03T12:45:59","guid":{"rendered":"https:\/\/lucacastelli.com\/prodotto\/milwaukee-flextred-s3s-sicherheitsstiefel\/"},"modified":"2026-03-07T09:07:59","modified_gmt":"2026-03-07T08:07:59","slug":"milwaukee-flextred-s3s-sicherheitsstiefel","status":"publish","type":"product","link":"https:\/\/lucacastelli.com\/de\/produkt\/milwaukee-flextred-s3s-sicherheitsstiefel\/","title":{"rendered":"Milwaukee FLEXTRED S3S Sicherheitsstiefel"},"content":{"rendered":"<p>Flexible und leichte Sicherheitstrainer zum Schutz von Handwerkern.<br \/>\nENERGY FOAM-Fersend\u00e4mpfungsstruktur f\u00fcr hervorragende Energier\u00fcckgabe und maximalen Komfort.<br \/>\nSTEP-RELEASE Ferse f\u00fcr einen bequemen und schnellen Schuhwechsel.<br \/>\nROLLCAGE Fersenstabilisator f\u00fcr hohe Stabilit\u00e4t auch in anspruchsvollem Gel\u00e4nde.<br \/>\nTasche zum Verstauen der Schn\u00fcrsenkel, um unbeabsichtigtes \u00d6ffnen, Stolperfallen und Besch\u00e4digungen der Schn\u00fcrsenkel zu vermeiden.<br \/>\nWasserabweisendes Obermaterial aus Nubukleder zum Schutz vor Wasser, Staub und Schmutz.<br \/>\nMetallfreie Konstruktion f\u00fcr einen einfachen Durchgang durch Sicherheitsschleusen.<br \/>\nHervorragender Grip, um ein Verrutschen zu verhindern.<br \/>\nESD-Zertifizierung (elektrostatische Entladung).<br \/>\nZertifiziert nach EN ISO 20345:2022 S3S ESD FO SR.<\/p>\n","protected":false},"excerpt":{"rendered":"<p>Flexible und leichte Sicherheitstrainer zum Schutz von Handwerkern. ENERGY FOAM-Fersend\u00e4mpfungsstruktur f\u00fcr hervorragende Energier\u00fcckgabe und maximalen Komfort. STEP-RELEASE Ferse f\u00fcr einen<\/p>\n","protected":false},"featured_media":99806,"template":"","meta":{"_seopress_robots_primary_cat":"none","_seopress_titles_title":"","_seopress_titles_desc":"","_seopress_robots_index":""},"product_brand":[3656],"product_cat":[1424,175],"product_tag":[],"class_list":{"0":"post-414353","1":"product","2":"type-product","3":"status-publish","4":"has-post-thumbnail","6":"product_brand-milwaukee-de","7":"product_cat-arbeitsschuhe","8":"product_cat-schuhe","9":"sws-gruppo-abb-libero-de","10":"sws-conto-ricavi-merci-rivendita-calzature-de","11":"sws-gruppo-iva-iva81-de","13":"first","14":"instock","15":"shipping-taxable","16":"purchasable","17":"product-type-variable","18":"has-default-attributes"},"_links":{"self":[{"href":"https:\/\/lucacastelli.com\/de\/wp-json\/wp\/v2\/product\/414353","targetHints":{"allow":["GET"]}}],"collection":[{"href":"https:\/\/lucacastelli.com\/de\/wp-json\/wp\/v2\/product"}],"about":[{"href":"https:\/\/lucacastelli.com\/de\/wp-json\/wp\/v2\/types\/product"}],"wp:featuredmedia":[{"embeddable":true,"href":"https:\/\/lucacastelli.com\/de\/wp-json\/wp\/v2\/media\/99806"}],"wp:attachment":[{"href":"https:\/\/lucacastelli.com\/de\/wp-json\/wp\/v2\/media?parent=414353"}],"wp:term":[{"taxonomy":"product_brand","embeddable":true,"href":"https:\/\/lucacastelli.com\/de\/wp-json\/wp\/v2\/product_brand?post=414353"},{"taxonomy":"product_cat","embeddable":true,"href":"https:\/\/lucacastelli.com\/de\/wp-json\/wp\/v2\/product_cat?post=414353"},{"taxonomy":"product_tag","embeddable":true,"href":"https:\/\/lucacastelli.com\/de\/wp-json\/wp\/v2\/product_tag?post=414353"}],"curies":[{"name":"wp","href":"https:\/\/api.w.org\/{rel}","templated":true}]}}