{"id":414315,"date":"2024-10-15T14:02:11","date_gmt":"2024-10-15T12:02:11","guid":{"rendered":"https:\/\/lucacastelli.com\/prodotto\/ortovox-westalpen-3l-hose-w\/"},"modified":"2026-04-17T23:25:30","modified_gmt":"2026-04-17T21:25:30","slug":"ortovox-westalpen-3l-hose-w","status":"publish","type":"product","link":"https:\/\/lucacastelli.com\/de\/produkt\/ortovox-westalpen-3l-hose-w\/","title":{"rendered":"ORTOVOX WESTALPEN 3L PANTS W"},"content":{"rendered":"<p>F\u00fcr wahre Bergsportler<br \/>\nRobuste, wind- und wasserdichte Hardshell-Hose f\u00fcr anspruchsvolle Alpentouren<br \/>\nHauptmerkmale<br \/>\nInnovative Beinregulierung f\u00fcr Ski- oder Bergschuhe<br \/>\nWind- und wasserdicht<br \/>\nRegulierbare Bel\u00fcftung dank Drei-Wege-Rei\u00dfverschluss auf H\u00fcfth\u00f6he<br \/>\nAb jetzt gibt es kein schlechtes Wetter mehr, denn die WESTALPEN 3L PANTS f\u00fcr Damen bringen Sie unabh\u00e4ngig von den Bedingungen auf den h\u00f6chsten Gipfel.<\/p>\n<p>Was die WESTALPEN 3L PANTS f\u00fcr Damen einzigartig macht, ist die innovative Beinregulierung: In nur drei Schritten l\u00e4sst sich diese Schutzhose an Skischuhe anpassen oder f\u00fcr einen engeren Sitz auf Bergschuhen mit Steigeisen einstellen! Ebenso praktisch ist das bew\u00e4hrte QUICK-GAITER SYSTEM, mit dem sich die verstellbaren S\u00e4ume perfekt an die Bergschuhe anpassen, was herk\u00f6mmliche Gamaschen \u00fcberfl\u00fcssig macht. Um das Ganze abzurunden, sch\u00fctzen CORDURA\u00ae und DYNEEMA\u00ae dieser vielseitigen Hose auch vor scharfen Kanten.  <\/p>\n<p>Ob im Schnee, auf Eis oder am Fels, die robuste, wind- und wasserfeste Toray DERMIZAX\u00ae NX Au\u00dfenmembran h\u00e4lt Sie trocken und bleibt dabei atmungsaktiv. Zwei-Wege-Rei\u00dfverschl\u00fcsse an den Seiten bieten zus\u00e4tzliche Bel\u00fcftung in schwierigen Passagen, w\u00e4hrend ein dritter Rei\u00dfverschluss es erm\u00f6glicht, die Hosenbeine auf H\u00fcfth\u00f6he zu \u00f6ffnen, damit Sie diese schnell und einfach an- oder ausziehen k\u00f6nnen. <\/p>\n<p>Unabh\u00e4ngig vom Wetter sind Sie mit der WESTALPEN 3L PANTS f\u00fcr Damen perfekt ausgestattet und immer bereit f\u00fcr alpine Abenteuer.<\/p>\n<p>Produktmerkmale<br \/>\nORTOVOX Hosentr\u00e4ger (optional)<br \/>\nVerstellbarer G\u00fcrtel am Bund<br \/>\n2 H\u00fcfttaschen<br \/>\n1 Ges\u00e4\u00dftasche<br \/>\n1 Oberschenkeltasche<br \/>\nSeitliche 3-Wege-Rei\u00dfverschl\u00fcsse<br \/>\nAnatomischer Kniebereich<br \/>\nBeinweite innen verstellbar<br \/>\nIntegriertes Quick-Gaiter System<br \/>\nSaumregulierung<br \/>\nSchutz vor scharfen Kanten durch Dyneema\u00ae CORDURA\u00ae<br \/>\nRegular Fit<\/p>\n<p>Materialeigenschaften<br \/>\nDERMIZAX\u00ae NX: wind- und wasserdicht (min. 20.000 mm Wassers\u00e4ule), 100 % winddicht, Atmungsaktivit\u00e4t (bis zu 28.000 g \/ m\u00b2 \/ 24h), 2-Wege-Stretchmaterial, porenfreie PU-Membran (langlebig und pflegeleicht)<br \/>\nEins\u00e4tze aus CORDURA und DYNEEMA<br \/>\nDWR-Finish &#8211; PFC-frei: Wasser und Schmutz perlen ab.<\/p>\n<p>HAUPTMATERIAL: Au\u00dfen: 100 % Polyamid Membran: 100 % Polyurethan Innen: 100 % Polyamid<br \/>\nEins\u00e4tze: Kantenschutz: 62 % Polyamid (Cordura\u00ae) + 38 % UHMWPE (Dyneema\u00ae) Bund: 85 % Schurwolle (Merino) + 15 % Polyamid<br \/>\nFUTTER: Netzfutter: 80 % Polyamid, 20 % Elastan<\/p>\n","protected":false},"excerpt":{"rendered":"<p>F\u00fcr wahre Bergsportler Robuste, wind- und wasserdichte Hardshell-Hose f\u00fcr anspruchsvolle Alpentouren Hauptmerkmale Innovative Beinregulierung f\u00fcr Ski- oder Bergschuhe Wind- und<\/p>\n","protected":false},"featured_media":37572,"template":"","meta":{"_seopress_robots_primary_cat":"none","_seopress_titles_title":"","_seopress_titles_desc":"","_seopress_robots_index":""},"product_brand":[3663],"product_cat":[82,974,1388],"product_tag":[],"class_list":{"0":"post-414315","1":"product","2":"type-product","3":"status-publish","4":"has-post-thumbnail","6":"product_brand-ortovox-de","7":"product_cat-kleidung","8":"product_cat-freizeitkleidung","9":"product_cat-damenbekleidung","11":"first","12":"instock","13":"sale","14":"shipping-taxable","15":"purchasable","16":"product-type-variable","17":"has-default-attributes"},"_links":{"self":[{"href":"https:\/\/lucacastelli.com\/de\/wp-json\/wp\/v2\/product\/414315","targetHints":{"allow":["GET"]}}],"collection":[{"href":"https:\/\/lucacastelli.com\/de\/wp-json\/wp\/v2\/product"}],"about":[{"href":"https:\/\/lucacastelli.com\/de\/wp-json\/wp\/v2\/types\/product"}],"wp:featuredmedia":[{"embeddable":true,"href":"https:\/\/lucacastelli.com\/de\/wp-json\/wp\/v2\/media\/37572"}],"wp:attachment":[{"href":"https:\/\/lucacastelli.com\/de\/wp-json\/wp\/v2\/media?parent=414315"}],"wp:term":[{"taxonomy":"product_brand","embeddable":true,"href":"https:\/\/lucacastelli.com\/de\/wp-json\/wp\/v2\/product_brand?post=414315"},{"taxonomy":"product_cat","embeddable":true,"href":"https:\/\/lucacastelli.com\/de\/wp-json\/wp\/v2\/product_cat?post=414315"},{"taxonomy":"product_tag","embeddable":true,"href":"https:\/\/lucacastelli.com\/de\/wp-json\/wp\/v2\/product_tag?post=414315"}],"curies":[{"name":"wp","href":"https:\/\/api.w.org\/{rel}","templated":true}]}}