{"id":414312,"date":"2024-10-22T17:12:36","date_gmt":"2024-10-22T15:12:36","guid":{"rendered":"https:\/\/lucacastelli.com\/prodotto\/ortovox-free-ride-lange-socken-w\/"},"modified":"2025-06-29T02:09:55","modified_gmt":"2025-06-29T00:09:55","slug":"ortovox-free-ride-lange-socken-w","status":"publish","type":"product","link":"https:\/\/lucacastelli.com\/de\/produkt\/ortovox-free-ride-lange-socken-w\/","title":{"rendered":"ORTOVOX FREE RIDE LANGE SOCKEN W"},"content":{"rendered":"<p>Freeride f\u00fcr l\u00e4ngere<br \/>\nZeit Warme, vorgeformte Socken mit Merino und technischem Komfort f\u00fcr Freerider<br \/>\nHauptmerkmale<br \/>\nLeichte Kompression<br \/>\nIdeale Passform f\u00fcr eine weiche<br \/>\nPassform Besonders atmungsaktiv und feuchtigkeitsregulierend<br \/>\nDie FREERIDE LONG SOCKS f\u00fcr Damen mit technischen und vielseitigen Details sorgen f\u00fcr l\u00e4ngeren Powder-Spa\u00df beim Freeriden.<\/p>\n<p>Die hochwertige Merinowolle ist angenehm weich auf der Haut und reguliert Temperatur und Feuchtigkeit. Die besonders flachen N\u00e4hte an der Spitze verhindern trotz der intensiven Bewegung Scheuern und Blasen. Der elastische Bund und die ergonomische Form rechts und links sorgen f\u00fcr eine perfekte Passform ohne Verrutschen, w\u00e4hrend die gepolsterte Ferse und Spitze f\u00fcr D\u00e4mpfung sorgen und den Kniestr\u00fcmpfen eine h\u00f6here Haltbarkeit verleihen.  <\/p>\n<p>Das besonders weiche FLEECE TEDDY Material rund um das Fu\u00dfbett sorgt f\u00fcr einen hohen Tragekomfort und h\u00e4lt die F\u00fc\u00dfe auch in eisigen Rinnen auf einer angenehmen Temperatur. Die leichte Kompressionswirkung der Kniestr\u00fcmpfe sch\u00fctzt die F\u00fc\u00dfe vor vorzeitiger Erm\u00fcdung und sorgt f\u00fcr langanhaltendes Freeride-Vergn\u00fcgen. <\/p>\n<p>62 % Polyamid + 36 % Schurwolle (OWP-MERINO) + 2 % Elasthan<\/p>\n","protected":false},"excerpt":{"rendered":"<p>Freeride f\u00fcr l\u00e4ngere Zeit Warme, vorgeformte Socken mit Merino und technischem Komfort f\u00fcr Freerider Hauptmerkmale Leichte Kompression Ideale Passform f\u00fcr<\/p>\n","protected":false},"featured_media":37609,"template":"","meta":{"_seopress_robots_primary_cat":"","_seopress_titles_title":"","_seopress_titles_desc":"","_seopress_robots_index":""},"product_brand":[3663],"product_cat":[82,974,175,1400],"product_tag":[],"class_list":{"0":"post-414312","1":"product","2":"type-product","3":"status-publish","4":"has-post-thumbnail","6":"product_brand-ortovox-de","7":"product_cat-kleidung","8":"product_cat-freizeitkleidung","9":"product_cat-schuhe","10":"product_cat-zubehor-fur-schuhe","12":"first","13":"instock","14":"shipping-taxable","15":"purchasable","16":"product-type-variable"},"_links":{"self":[{"href":"https:\/\/lucacastelli.com\/de\/wp-json\/wp\/v2\/product\/414312","targetHints":{"allow":["GET"]}}],"collection":[{"href":"https:\/\/lucacastelli.com\/de\/wp-json\/wp\/v2\/product"}],"about":[{"href":"https:\/\/lucacastelli.com\/de\/wp-json\/wp\/v2\/types\/product"}],"wp:featuredmedia":[{"embeddable":true,"href":"https:\/\/lucacastelli.com\/de\/wp-json\/wp\/v2\/media\/37609"}],"wp:attachment":[{"href":"https:\/\/lucacastelli.com\/de\/wp-json\/wp\/v2\/media?parent=414312"}],"wp:term":[{"taxonomy":"product_brand","embeddable":true,"href":"https:\/\/lucacastelli.com\/de\/wp-json\/wp\/v2\/product_brand?post=414312"},{"taxonomy":"product_cat","embeddable":true,"href":"https:\/\/lucacastelli.com\/de\/wp-json\/wp\/v2\/product_cat?post=414312"},{"taxonomy":"product_tag","embeddable":true,"href":"https:\/\/lucacastelli.com\/de\/wp-json\/wp\/v2\/product_tag?post=414312"}],"curies":[{"name":"wp","href":"https:\/\/api.w.org\/{rel}","templated":true}]}}