{"id":414291,"date":"2024-10-22T16:34:12","date_gmt":"2024-10-22T14:34:12","guid":{"rendered":"https:\/\/lucacastelli.com\/prodotto\/ortovox-col-becchei-jacke\/"},"modified":"2026-04-01T01:51:43","modified_gmt":"2026-03-31T23:51:43","slug":"ortovox-col-becchei-jacke","status":"publish","type":"product","link":"https:\/\/lucacastelli.com\/de\/produkt\/ortovox-col-becchei-jacke\/","title":{"rendered":"ORTOVOX COL BECCHEI JACKE"},"content":{"rendered":"<p>SPORTLICH &amp; NACHHALTIG<br \/>\nElastische, leichte und extrem atmungsaktive Jacke f\u00fcr anspruchsvolle Skitouren<br \/>\nHauptmerkmale<br \/>\nExtrem atmungsaktiv<br \/>\nZonal winddicht, ansonsten wasser- und windabweisend<br \/>\nStretch-Materialien f\u00fcr viel Bewegungsfreiheit<br \/>\nSchwei\u00dftreibende Anstiege, steile Abfahrten: Speziell f\u00fcr die anspruchsvollsten Skitouren im alpinen Gel\u00e4nde haben wir die COL BECCHEI JACKET f\u00fcr Damen entwickelt.<\/p>\n<p>Als Hauptmaterial verwenden wir MERINO NATURETEC LIGHT, um diese sportlich geschnittene Skitourenjacke besonders leicht, elastisch und robust zu machen: Sie garantiert eine au\u00dfergew\u00f6hnliche Atmungsaktivit\u00e4t und Elastizit\u00e4t, ist aber auch winddicht. Auf der Innenseite bietet tasmanische Merinowolle hohen Tragekomfort und reguliert auf nat\u00fcrliche Weise das Klima. Die technischen Eins\u00e4tze im vorderen Bereich, aus einem speziellen dreilagigen WARP KNIT-Material mit winddichter Membran, sch\u00fctzen vor Witterungseinfl\u00fcssen und bleiben dabei atmungsaktiv. Gleichzeitig sorgen Lufteinschl\u00fcsse im Gewebe f\u00fcr eine optimale Isolierung. Der Umwelt zuliebe ist die Jacke PFC-FREI und klimaneutral.    <\/p>\n<p>Die Details sind f\u00fcr die anspruchsvollsten Touren in alpiner Umgebung konzipiert: Die eng anliegende Kapuze sch\u00fctzt den Kopf vor dem Ausk\u00fchlen und passt leicht in den Helm. Bel\u00fcftungsrei\u00dfverschl\u00fcsse unter den Armen halten dich bei anspruchsvollen Anstiegen k\u00fchl, w\u00e4hrend elastische B\u00fcndchen Zugluft und Schnee abhalten. Die Taschen sind f\u00fcr den Zugriff auf den Rucksack optimiert.  <\/p>\n<p>Die COL BECCHEI JACKET f\u00fcr Damen ist der ideale Begleiter f\u00fcr Skitouren, auch bei schwierigen Bedingungen.<\/p>\n<p>Produktmerkmale<br \/>\nSturmkapuze (helmkompatibel)<br \/>\nWinddichte<br \/>\nVorderseite Merinowolle auf der Haut<br \/>\nBel\u00fcftungsrei\u00dfverschluss unter den Armen<br \/>\n, 2 Fronttaschen (rucksackkompatibel)<br \/>\nElastische<br \/>\nB\u00fcndchen Athletische Passform<\/p>\n<p>Materialeigenschaften MERINO NATURETEC LIGHT: winddicht, extrem atmungsaktiv, elastisch, abriebfest, Merinowolle auf der Haut, PFC-frei.<\/p>\n<p>HAUPTMATERIAL: 75 % Polyamid + 18 % Wolle (MERINO) + 7 % Elasthan<br \/>\nVORDERE EINS\u00c4TZE: 69 % Polyamid + 31 % Elasthan<br \/>\nMEMBRAN: 100 % Polyurethan<br \/>\nFUTTER: 100 % Polyester<\/p>\n","protected":false},"excerpt":{"rendered":"<p>SPORTLICH &amp; NACHHALTIG Elastische, leichte und extrem atmungsaktive Jacke f\u00fcr anspruchsvolle Skitouren Hauptmerkmale Extrem atmungsaktiv Zonal winddicht, ansonsten wasser- und<\/p>\n","protected":false},"featured_media":37602,"template":"","meta":{"_seopress_robots_primary_cat":"","_seopress_titles_title":"","_seopress_titles_desc":"","_seopress_robots_index":""},"product_brand":[3663],"product_cat":[1388,974,82],"product_tag":[],"class_list":{"0":"post-414291","1":"product","2":"type-product","3":"status-publish","4":"has-post-thumbnail","6":"product_brand-ortovox-de","7":"product_cat-damenbekleidung","8":"product_cat-freizeitkleidung","9":"product_cat-kleidung","10":"sws-gruppo-abb-libero-de","11":"sws-categoria-sito-de","12":"sws-conto-ricavi-merci-rivendita-abbigliamento-de","13":"sws-gruppo-iva-iva81-de","15":"first","16":"outofstock","17":"shipping-taxable","18":"purchasable","19":"product-type-variable"},"_links":{"self":[{"href":"https:\/\/lucacastelli.com\/de\/wp-json\/wp\/v2\/product\/414291","targetHints":{"allow":["GET"]}}],"collection":[{"href":"https:\/\/lucacastelli.com\/de\/wp-json\/wp\/v2\/product"}],"about":[{"href":"https:\/\/lucacastelli.com\/de\/wp-json\/wp\/v2\/types\/product"}],"wp:featuredmedia":[{"embeddable":true,"href":"https:\/\/lucacastelli.com\/de\/wp-json\/wp\/v2\/media\/37602"}],"wp:attachment":[{"href":"https:\/\/lucacastelli.com\/de\/wp-json\/wp\/v2\/media?parent=414291"}],"wp:term":[{"taxonomy":"product_brand","embeddable":true,"href":"https:\/\/lucacastelli.com\/de\/wp-json\/wp\/v2\/product_brand?post=414291"},{"taxonomy":"product_cat","embeddable":true,"href":"https:\/\/lucacastelli.com\/de\/wp-json\/wp\/v2\/product_cat?post=414291"},{"taxonomy":"product_tag","embeddable":true,"href":"https:\/\/lucacastelli.com\/de\/wp-json\/wp\/v2\/product_tag?post=414291"}],"curies":[{"name":"wp","href":"https:\/\/api.w.org\/{rel}","templated":true}]}}