{"id":414251,"date":"2024-10-15T11:20:33","date_gmt":"2024-10-15T09:20:33","guid":{"rendered":"https:\/\/lucacastelli.com\/prodotto\/ortovox-3l-ortler-hose-w\/"},"modified":"2025-07-01T00:00:54","modified_gmt":"2025-06-30T22:00:54","slug":"ortovox-3l-ortler-hose-w","status":"publish","type":"product","link":"https:\/\/lucacastelli.com\/de\/produkt\/ortovox-3l-ortler-hose-w\/","title":{"rendered":"ORTOVOX 3L ORTLER HOSE W"},"content":{"rendered":"<p>ALPINER MINIMALISMUS: UNSER LEICHTGEWICHT F\u00dcR BERGSTEIGER<br \/>\nRobuste, wind- und wasserdichte Hardshellhose f\u00fcr<br \/>\nalpine Aktivit\u00e4ten Hauptmerkmale<br \/>\nSehr leicht und dennoch robust<br \/>\nUnempfindlich gegen Wind und Wasser<br \/>\nAtmungsaktiv mit zus\u00e4tzlichen<br \/>\nBel\u00fcftungsrei\u00dfverschl\u00fcssen Ob st\u00fcrmische Aufstiege oder starker Schneefall am Gipfel, die 3L ORTLER PANTS f\u00fcr Damen ist unser leichtes Kleidungsst\u00fcck f\u00fcr echte Bergsteigerinnen!<\/p>\n<p>Bei der Linie MERINO NAKED SHEEP haben wir uns auf das Wesentliche konzentriert: Geringes Gewicht, optimaler Schutz und jede Menge Komfort. Diese Hardshellhose ist leicht und technisch ausgereift, aber dennoch robust und bequem. Die DERMIZAX\u00ae NX-Membran von Toray &#8211; die leistungsst\u00e4rkste Membran, die wir verwenden &#8211; sorgt daf\u00fcr, dass die Jacke winddicht, wasserdicht und atmungsaktiv ist. Um dich auf anspruchsvollen Touren zu sch\u00fctzen, verf\u00fcgt diese Shorts \u00fcber integrierte, verstellbare Gamaschen und Cordura-Schutz gegen scharfe Kanten. Verstellbare \u00c4rmelb\u00fcndchen an den Kn\u00f6cheln und ein verstellbarer Bund erm\u00f6glichen ein einfaches Anziehen, w\u00e4hrend Eins\u00e4tze aus Merinomischung im Bundbereich f\u00fcr Komfort sorgen. Dank der durchgehenden 2-Wege-Seitenrei\u00dfverschl\u00fcsse l\u00e4sst sich diese 3-Lagen-Hose schnell an- und ausziehen.     <\/p>\n<p>Die ORTLER 3L Hose: F\u00fcr Bergsteiger, die bei Hochgebirgswanderungen bei Schnee und K\u00e4lte 100% zuverl\u00e4ssige Bekleidung w\u00fcnschen.<\/p>\n<p>Produktmerkmale<br \/>\nVerstellbarer H\u00fcftgurt<br \/>\nVerl\u00e4ngerte Oberschenkeltasche und zus\u00e4tzlicher leichter Karabiner (Schutz vor Verlust des Lawinenger\u00e4ts) rechts<br \/>\n2-Wege-Seitenrei\u00dfverschl\u00fcsse<br \/>\nORTOVOX Hosentr\u00e4ger (optional)<br \/>\nAnatomisch geformter<br \/>\nKniebereich Schutz vor scharfen Kanten dank Dyneema\u00ae CORDURA<br \/>\nIntegrierte verstellbare<br \/>\nGamaschen<br \/>\nRegular Fit 120 MERINO TEC Eins\u00e4tze an der Taille<\/p>\n<p>Einsatzgebiet<br \/>\nBergsteigen 2\/5<br \/>\nHochgebirge 4\/5<br \/>\nBergsteigen 4\/5<br \/>\nSkibergsteigen 5\/5<br \/>\nFreeride 2\/5<br \/>\nProdukteigenschaften<br \/>\nVerstellbarer H\u00fcftgurt<br \/>\nVerl\u00e4ngerte Oberschenkeltasche und zus\u00e4tzlicher leichter Karabiner (Schutz vor Verlust des LVS-Ger\u00e4ts) auf der rechten Seite<br \/>\n2-Wege-Rei\u00dfverschl\u00fcsse an den Seiten<br \/>\nORTOVOX Hosentr\u00e4ger (optional)<br \/>\nAnatomisch geformter Kniebereich<br \/>\nSchutz vor scharfen Kanten dank Dyneema\u00ae CORDURA<br \/>\nIntegrierte verstellbare Gamaschen<br \/>\nRegular<br \/>\nFit 120 MERINO TEC Eins\u00e4tze an der Taille<br \/>\nDERMIZAX\u00ae NX Materialeigenschaften<br \/>\n: wind- und wasserdicht (min. 20.000 mm Wassers\u00e4ule), 100% winddicht, atmungsaktiv (bis zu 28.000 g\/m\u00b2\/24h), 4-Wege-Stretch-Material, porenfreie PU-Membran (langlebig und pflegeleicht)<br \/>\nDWR-Impr\u00e4gnierung &#8211; PFC-frei: Wasser und Schmutz werden eliminiert.<br \/>\nGeringes Gewicht: 136 g \/ m\u00b2<br \/>\nDauerhaft<br \/>\nKleine Verpackungen<\/p>\n<p>Au\u00dfen: 100% Polyamid<br \/>\nMEMBRAN: 100% Polyurethan (Toray Dermizax\u00aeNX,)<br \/>\nINNEN: 100% Polyester<br \/>\nDETAILS: 85% Schurwolle (OWP MERINO) + 15% Polyamid<\/p>\n","protected":false},"excerpt":{"rendered":"<p>ALPINER MINIMALISMUS: UNSER LEICHTGEWICHT F\u00dcR BERGSTEIGER Robuste, wind- und wasserdichte Hardshellhose f\u00fcr alpine Aktivit\u00e4ten Hauptmerkmale Sehr leicht und dennoch robust<\/p>\n","protected":false},"featured_media":37553,"template":"","meta":{"_seopress_robots_primary_cat":"","_seopress_titles_title":"","_seopress_titles_desc":"","_seopress_robots_index":""},"product_brand":[3663],"product_cat":[82,974,1388],"product_tag":[],"class_list":{"0":"post-414251","1":"product","2":"type-product","3":"status-publish","4":"has-post-thumbnail","6":"product_brand-ortovox-de","7":"product_cat-kleidung","8":"product_cat-freizeitkleidung","9":"product_cat-damenbekleidung","11":"first","12":"instock","13":"sale","14":"shipping-taxable","15":"purchasable","16":"product-type-variable"},"_links":{"self":[{"href":"https:\/\/lucacastelli.com\/de\/wp-json\/wp\/v2\/product\/414251","targetHints":{"allow":["GET"]}}],"collection":[{"href":"https:\/\/lucacastelli.com\/de\/wp-json\/wp\/v2\/product"}],"about":[{"href":"https:\/\/lucacastelli.com\/de\/wp-json\/wp\/v2\/types\/product"}],"wp:featuredmedia":[{"embeddable":true,"href":"https:\/\/lucacastelli.com\/de\/wp-json\/wp\/v2\/media\/37553"}],"wp:attachment":[{"href":"https:\/\/lucacastelli.com\/de\/wp-json\/wp\/v2\/media?parent=414251"}],"wp:term":[{"taxonomy":"product_brand","embeddable":true,"href":"https:\/\/lucacastelli.com\/de\/wp-json\/wp\/v2\/product_brand?post=414251"},{"taxonomy":"product_cat","embeddable":true,"href":"https:\/\/lucacastelli.com\/de\/wp-json\/wp\/v2\/product_cat?post=414251"},{"taxonomy":"product_tag","embeddable":true,"href":"https:\/\/lucacastelli.com\/de\/wp-json\/wp\/v2\/product_tag?post=414251"}],"curies":[{"name":"wp","href":"https:\/\/api.w.org\/{rel}","templated":true}]}}