{"id":414239,"date":"2024-10-15T10:20:17","date_gmt":"2024-10-15T08:20:17","guid":{"rendered":"https:\/\/lucacastelli.com\/prodotto\/ortovox-westalpen-3l-jacket-w-coral\/"},"modified":"2026-02-01T00:03:06","modified_gmt":"2026-01-31T23:03:06","slug":"ortovox-westalpen-3l-jacket-w-coral","status":"publish","type":"product","link":"https:\/\/lucacastelli.com\/de\/produkt\/ortovox-westalpen-3l-jacket-w-coral\/","title":{"rendered":"ORTOVOX WESTALPEN 3L JACKET W coral"},"content":{"rendered":"<p>TECHNISCHER SPEZIALIST F\u00dcR FELS, EIS UND SCHNEE<br \/>\nRobuste Hardshelljacke f\u00fcr hochalpine<br \/>\nTouren Hauptmerkmale<br \/>\n&#8211; Smarte Features speziell f\u00fcr Bergsteiger<br \/>\n entwickelt- Wind- und Wasserdichtigkeit: min. 20.000 mm Wassers\u00e4ule<br \/>\n&#8211; Atmungsaktivit\u00e4t: bis zu 28.000 g\/m2\/24h<\/p>\n<p>Robust, technisch und extrem atmungsaktiv: Die WESTALPEN 3L JACKET f\u00fcr Damen zeigt ihr volles Potenzial in Gletscherspalten, Felsw\u00e4nden und schroffen Gipfeln und ist auf anspruchsvollen hochalpinen Touren in ihrem Element. Entwickelt, um die Grenzen zu erweitern. <\/p>\n<p>Dank des elastischen 3L SHELL Materials mit DERMIZAX\u00ae NX Membran ist diese wind- und wasserdichte Hardshell besonders atmungsaktiv und komfortabel. Eine PFC-freie DWR-Beschichtung sch\u00fctzt zudem vor N\u00e4sse. Pure Performance f\u00fcr anspruchsvolles Gel\u00e4nde.  <\/p>\n<p>Bewegungsfreiheit wird besonders im kombinierten Gel\u00e4nde gro\u00df geschrieben, weshalb sich die WESTALPEN 3L JACKET f\u00fcr Damen durch ihren besonderen Schnitt auszeichnet: Die langen \u00c4rmel und der lange Rumpf bieten ausreichend Platz, um die Arme beim Klettern \u00fcber den Kopf zu strecken, w\u00e4hrend Rei\u00dfverschl\u00fcsse unter den Armen f\u00fcr eine angenehme Bel\u00fcftung sorgen.<\/p>\n<p>Bei st\u00fcrmischem Wetter l\u00e4sst sich die helmtaugliche Kapuze mit zwei schnellen und einfachen Handgriffen perfekt verstellen und h\u00e4lt zusammen mit den verstellbaren \u00c4rmeln und dem Bund Wind, Schnee und Regen zuverl\u00e4ssig ab.<\/p>\n<p>Die WESTALPEN 3L JACKET f\u00fcr Damen ist klimaneutral und made in Europe.<\/p>\n<p>Produktmerkmale<br \/>\n2-fach<br \/>\nverstellbare Regenkapuze 120 MERINO TEC Eins\u00e4tze auf der Innenseite<br \/>\nHigh-Grip-Passform<br \/>\n2-Wege-Rei\u00dfverschluss<br \/>\n2 Brusttaschen<br \/>\n1 integrierte Handytasche aus Merino-Mesh<br \/>\n2-Wege-Rei\u00dfverschluss unter den Achseln<\/p>\n<p>Nahtweitenregulierung Regul\u00e4re Passform<\/p>\n<p>Materialeigenschaften<br \/>\n3L SHELL: DERMIZAX\u00ae NX (porenfreie PU-Membran), wind- und wasserdicht (min. 20.000 mm Wassers\u00e4ule), 100 % winddicht, atmungsaktiv (bis zu 28.000 g\/m2\/24h), 2-Wege-elastisches<br \/>\nMaterial DWR-Impr\u00e4gnierung &#8211; PFC-frei: Wasser und Schmutz werden eliminiert.<\/p>\n<p>HAUPTMATERIAL: AUSSEN: 100% Polyamid<br \/>\nMEMBRAN: 100% Polyurethan<br \/>\nINNEN: 100% Polyester DETAILS: 52% Schurwolle (OWP MERINO) + 33% Lyocell (TENCEL\u2122) + 15% Polyamid<\/p>\n","protected":false},"excerpt":{"rendered":"<p>TECHNISCHER SPEZIALIST F\u00dcR FELS, EIS UND SCHNEE Robuste Hardshelljacke f\u00fcr hochalpine Touren Hauptmerkmale &#8211; Smarte Features speziell f\u00fcr Bergsteiger entwickelt-<\/p>\n","protected":false},"featured_media":37525,"template":"","meta":{"_seopress_robots_primary_cat":"","_seopress_titles_title":"","_seopress_titles_desc":"","_seopress_robots_index":""},"product_brand":[3663],"product_cat":[82,974,1388],"product_tag":[],"class_list":{"0":"post-414239","1":"product","2":"type-product","3":"status-publish","4":"has-post-thumbnail","6":"product_brand-ortovox-de","7":"product_cat-kleidung","8":"product_cat-freizeitkleidung","9":"product_cat-damenbekleidung","10":"sws-gruppo-abb-libero-de","11":"sws-categoria-sito-de","12":"sws-conto-ricavi-merci-rivendita-abbigliamento-de","13":"sws-gruppo-iva-iva81-de","15":"first","16":"instock","17":"sale","18":"shipping-taxable","19":"purchasable","20":"product-type-variable"},"_links":{"self":[{"href":"https:\/\/lucacastelli.com\/de\/wp-json\/wp\/v2\/product\/414239","targetHints":{"allow":["GET"]}}],"collection":[{"href":"https:\/\/lucacastelli.com\/de\/wp-json\/wp\/v2\/product"}],"about":[{"href":"https:\/\/lucacastelli.com\/de\/wp-json\/wp\/v2\/types\/product"}],"wp:featuredmedia":[{"embeddable":true,"href":"https:\/\/lucacastelli.com\/de\/wp-json\/wp\/v2\/media\/37525"}],"wp:attachment":[{"href":"https:\/\/lucacastelli.com\/de\/wp-json\/wp\/v2\/media?parent=414239"}],"wp:term":[{"taxonomy":"product_brand","embeddable":true,"href":"https:\/\/lucacastelli.com\/de\/wp-json\/wp\/v2\/product_brand?post=414239"},{"taxonomy":"product_cat","embeddable":true,"href":"https:\/\/lucacastelli.com\/de\/wp-json\/wp\/v2\/product_cat?post=414239"},{"taxonomy":"product_tag","embeddable":true,"href":"https:\/\/lucacastelli.com\/de\/wp-json\/wp\/v2\/product_tag?post=414239"}],"curies":[{"name":"wp","href":"https:\/\/api.w.org\/{rel}","templated":true}]}}