{"id":414214,"date":"2024-10-14T20:31:15","date_gmt":"2024-10-14T18:31:15","guid":{"rendered":"https:\/\/lucacastelli.com\/prodotto\/ortovox-140-cool-stirnband-wassereis\/"},"modified":"2025-06-29T02:09:22","modified_gmt":"2025-06-29T00:09:22","slug":"ortovox-140-cool-stirnband-wassereis","status":"publish","type":"product","link":"https:\/\/lucacastelli.com\/de\/produkt\/ortovox-140-cool-stirnband-wassereis\/","title":{"rendered":"ORTOVOX 140 COOL STIRNBAND Wassereis"},"content":{"rendered":"<p>NAT\u00dcRLICH NACHHALTIG<br \/>\nLeichtes, schnell trocknendes und helmtaugliches Merino-Stirnband mit k\u00fchlendem<br \/>\nEffekt Hauptmerkmale<br \/>\nTemperatur- und Feuchtigkeitsregulierung<br \/>\nLeicht und schnelltrocknend<br \/>\nHergestellt aus nachhaltigen<br \/>\nNaturfasern Zur Abk\u00fchlung von Felsw\u00e4nden an hei\u00dfen Sommertagen: Das 140 COOL HEADBAND sorgt f\u00fcr eine angenehme Temperatur, wenn es im alpinen Gel\u00e4nde hart auf hart kommt. Die in Europa hergestellte Linie 140 COOL kombiniert feine Merinowolle mit TENCEL\u2122 Lyocell-Zellulosefaser und zeichnet sich durch bemerkenswerte temperatur- und feuchtigkeitsregulierende Eigenschaften aus. Dieses leichte Band trocknet schnell und ist besonders bequem, w\u00e4hrend es dennoch die Haltbarkeit bietet, die f\u00fcr den Einsatz im alpinen Gel\u00e4nde erforderlich ist.  <\/p>\n<p>50% Schurwolle (OWP MERINO) +50% Lyocell (TENCEL) \u2122<\/p>\n","protected":false},"excerpt":{"rendered":"<p>NAT\u00dcRLICH NACHHALTIG Leichtes, schnell trocknendes und helmtaugliches Merino-Stirnband mit k\u00fchlendem Effekt Hauptmerkmale Temperatur- und Feuchtigkeitsregulierung Leicht und schnelltrocknend Hergestellt aus<\/p>\n","protected":false},"featured_media":37520,"template":"","meta":{"_seopress_robots_primary_cat":"","_seopress_titles_title":"","_seopress_titles_desc":"","_seopress_robots_index":""},"product_brand":[3663],"product_cat":[1391,82],"product_tag":[],"class_list":{"0":"post-414214","1":"product","2":"type-product","3":"status-publish","4":"has-post-thumbnail","6":"product_brand-ortovox-de","7":"product_cat-bekleidungs-accessoires","8":"product_cat-kleidung","10":"first","11":"instock","12":"shipping-taxable","13":"purchasable","14":"product-type-simple"},"_links":{"self":[{"href":"https:\/\/lucacastelli.com\/de\/wp-json\/wp\/v2\/product\/414214","targetHints":{"allow":["GET"]}}],"collection":[{"href":"https:\/\/lucacastelli.com\/de\/wp-json\/wp\/v2\/product"}],"about":[{"href":"https:\/\/lucacastelli.com\/de\/wp-json\/wp\/v2\/types\/product"}],"wp:featuredmedia":[{"embeddable":true,"href":"https:\/\/lucacastelli.com\/de\/wp-json\/wp\/v2\/media\/37520"}],"wp:attachment":[{"href":"https:\/\/lucacastelli.com\/de\/wp-json\/wp\/v2\/media?parent=414214"}],"wp:term":[{"taxonomy":"product_brand","embeddable":true,"href":"https:\/\/lucacastelli.com\/de\/wp-json\/wp\/v2\/product_brand?post=414214"},{"taxonomy":"product_cat","embeddable":true,"href":"https:\/\/lucacastelli.com\/de\/wp-json\/wp\/v2\/product_cat?post=414214"},{"taxonomy":"product_tag","embeddable":true,"href":"https:\/\/lucacastelli.com\/de\/wp-json\/wp\/v2\/product_tag?post=414214"}],"curies":[{"name":"wp","href":"https:\/\/api.w.org\/{rel}","templated":true}]}}