{"id":414144,"date":"2024-10-13T18:16:42","date_gmt":"2024-10-13T16:16:42","guid":{"rendered":"https:\/\/lucacastelli.com\/prodotto\/ortovox-westalpen-3l-light-pants-w-pacificgruen\/"},"modified":"2026-02-01T00:03:07","modified_gmt":"2026-01-31T23:03:07","slug":"ortovox-westalpen-3l-light-pants-w-pacificgruen","status":"publish","type":"product","link":"https:\/\/lucacastelli.com\/de\/produkt\/ortovox-westalpen-3l-light-pants-w-pacificgruen\/","title":{"rendered":"ORTOVOX WESTALPEN 3L LIGHT PANTS W pacificgr\u00fcn"},"content":{"rendered":"<p>Technische, leichte, wind- und wasserdichte Hose f\u00fcr den alpinen<br \/>\nEinsatz Highlights<br \/>\nWind- und wasserdicht dank des Einsatzes der High-Performance-Membran<br \/>\nDermizax\u00ae NX Passform angepasst an die besonderen Anforderungen des alpinen und hochalpinen<br \/>\nGel\u00e4ndes Extrem leicht und atmungsaktiv<br \/>\nSehr gute Kompressibilit\u00e4t<br \/>\nUltraleichte Performance &#8211; von der Ebene bis zum Gipfel: Die WESTALPEN 3L LIGHT hochalpine Wanderhose f\u00fcr Damen wurde f\u00fcr die Ambitionierte Kletterer auf der Suche nach der perfekten Symbiose aus Leichtigkeit, Schutz und Funktionalit\u00e4t. Das neue 3L WESTALPEN LIGHT Outfit mit Jacke und Hose ist leicht zu verstauen und vielseitig einsetzbar. <\/p>\n<p>Die Konstruktion des Dermizax\u00ae NX mit 3 Schichten sch\u00fctzt vor extremen Wetterbedingungen, w\u00e4hrend das technische Design ganz auf die Bed\u00fcrfnisse von Bergsteigern im Hochgebirge ausgerichtet ist. Das Au\u00dfenmaterial ist dank der besonders leistungsstarken DERMIZAX\u00aeNX Membran komplett wind- und wasserdicht, was jedoch die atmungsaktive Wirkung und Bewegungsfreiheit nicht beeintr\u00e4chtigt. <\/p>\n<p>Auch bei der WESTALPEN 3L LIGHT hochalpinen Wanderhose f\u00fcr Damen haben wir im Saumbereich verst\u00e4rktes Material verwendet, um den Abriebschutz auf felsigem Gel\u00e4nde oder mit Eisschrauben zu gew\u00e4hrleisten. Eine innenliegende Saumverstellung mit 2 Verriegelungsvorrichtungen bietet zudem einen cleanen Look und eine optimale Passform \u00fcber Bergschuhen. Die Bel\u00fcftungsrei\u00dfverschl\u00fcsse sorgen auch bei anstrengenden Anstiegen f\u00fcr ein angenehmes Klima. Zus\u00e4tzlichen Komfort bieten die Merino-Tec-Eins\u00e4tze an der Taille und die Haken zum Einstellen der Weite.   <\/p>\n<p>Merkmale<br \/>\n2 Oberschenkeltaschen mit erweitertem Zugang und rechts mit zus\u00e4tzlichem, leichtem<br \/>\nKarabiner 1 Oberschenkeltasche<br \/>\nGeformtes<br \/>\nKnie Zwei-Wege-Seitenrei\u00dfverschl\u00fcsse<br \/>\nORTOVOX Hosentr\u00e4ger (optional)<br \/>\nVerstellbarer H\u00fcftgurt mit Haken<br \/>\nVerst\u00e4rkter Kantenschutz<br \/>\nBeinweitenverstellung auf der Innenseite<br \/>\nNormale Passform<br \/>\nSaumregulierung<\/p>\n<p>Materialeigenschaften 3L<br \/>\nSHELL LIGHT: DERMIZAX\u00ae NX (porenfreie PU-Membran), wind- und wasserdicht (mind. 20.000 mm Wassers\u00e4ule), 100% winddicht, atmungsaktiv (bis zu 40.000 g\/m\u00b2\/24 h), geringes Gewicht (82 g\/m\u00b2), PFC-freies DWR-FINISH bi-elastisches<br \/>\nStretchgewebe: Wasser und Schmutz perlen ab<\/p>\n<p>HAUPTMATERIAL: AUSSEN: 100 % Polyamid MEMBRAN: 100 % Polyurethan INNEN: 100 % Polyamid DETAILS: 52 % Schurwolle (MERINO OWP) + 33 % Lyocell (TENCEL\u2122) + 15 % Polyamid<\/p>\n","protected":false},"excerpt":{"rendered":"<p>Technische, leichte, wind- und wasserdichte Hose f\u00fcr den alpinen Einsatz Highlights Wind- und wasserdicht dank des Einsatzes der High-Performance-Membran Dermizax\u00ae<\/p>\n","protected":false},"featured_media":37387,"template":"","meta":{"_seopress_robots_primary_cat":"","_seopress_titles_title":"","_seopress_titles_desc":"","_seopress_robots_index":""},"product_brand":[3280],"product_cat":[21,189,200],"product_tag":[],"class_list":{"0":"post-414144","1":"product","2":"type-product","3":"status-publish","4":"has-post-thumbnail","6":"product_brand-ortovox","7":"product_cat-abbigliamento","8":"product_cat-abbigliamento-per-il-tempo-libero","9":"product_cat-abbigliamento-da-donna","11":"first","12":"instock","13":"sale","14":"shipping-taxable","15":"purchasable","16":"product-type-variable","17":"has-default-attributes"},"_links":{"self":[{"href":"https:\/\/lucacastelli.com\/de\/wp-json\/wp\/v2\/product\/414144","targetHints":{"allow":["GET"]}}],"collection":[{"href":"https:\/\/lucacastelli.com\/de\/wp-json\/wp\/v2\/product"}],"about":[{"href":"https:\/\/lucacastelli.com\/de\/wp-json\/wp\/v2\/types\/product"}],"wp:featuredmedia":[{"embeddable":true,"href":"https:\/\/lucacastelli.com\/de\/wp-json\/wp\/v2\/media\/37387"}],"wp:attachment":[{"href":"https:\/\/lucacastelli.com\/de\/wp-json\/wp\/v2\/media?parent=414144"}],"wp:term":[{"taxonomy":"product_brand","embeddable":true,"href":"https:\/\/lucacastelli.com\/de\/wp-json\/wp\/v2\/product_brand?post=414144"},{"taxonomy":"product_cat","embeddable":true,"href":"https:\/\/lucacastelli.com\/de\/wp-json\/wp\/v2\/product_cat?post=414144"},{"taxonomy":"product_tag","embeddable":true,"href":"https:\/\/lucacastelli.com\/de\/wp-json\/wp\/v2\/product_tag?post=414144"}],"curies":[{"name":"wp","href":"https:\/\/api.w.org\/{rel}","templated":true}]}}