{"id":414114,"date":"2024-10-10T16:18:31","date_gmt":"2024-10-10T14:18:31","guid":{"rendered":"https:\/\/lucacastelli.com\/prodotto\/ortovox-medola-hose-w-schwarzer-rabe\/"},"modified":"2026-04-17T23:42:33","modified_gmt":"2026-04-17T21:42:33","slug":"ortovox-medola-hose-w-schwarzer-rabe","status":"publish","type":"product","link":"https:\/\/lucacastelli.com\/de\/produkt\/ortovox-medola-hose-w-schwarzer-rabe\/","title":{"rendered":"ORTOVOX M\u00c9DOLA PANTS W black raven"},"content":{"rendered":"<p>DIE PERFEKTE SYMBIOSE AUS NATUR UND HOCHTECHNOLOGIE<br \/>\nRobuste und leichte Softshellhose mit Merinofutter f\u00fcr lange Skitouren<br \/>\nWir haben unsere MERINO NATURETEC-Linie f\u00fcr die Skitourensaison bis ins kleinste Detail verbessert! Das Material der M\u00c9DOLA PANTS f\u00fcr Damen bietet ab sofort mehr Stabilit\u00e4t bei gleicher Bewegungsfreiheit. <\/p>\n<p>Die funktionale Konstruktion des Gewebes wurde selbstverst\u00e4ndlich beibehalten: Die feinsten Merinofasern auf der Innenseite sind direkt in die sch\u00fctzende Polyamidh\u00fclle eingewebt. So erreichen wir eine au\u00dfergew\u00f6hnliche Atmungsaktivit\u00e4t ohne Membran, w\u00e4hrend das Material dank der dichten Verwebung extrem wind- und wasserabweisend bleibt. Innen sorgen die Merinofasern f\u00fcr eine perfekte Feuchtigkeits- und Temperaturregulierung. Die Naturfaser nimmt Feuchtigkeit auf, transportiert sie in den Faserkern und von dort nach au\u00dfen, w\u00e4hrend ihre Oberfl\u00e4che stets trocken und angenehm auf der Haut bleibt.<br \/>\nMerkmale wie der verstellbare Bund und die verstellbaren, elastischen Beinabschl\u00fcsse, die sich schnell anpassen lassen, verleihen dieser Skitourenhose f\u00fcr Damen eine optimale Passform. Die \u00fcberarbeiteten Merino-Netzeins\u00e4tze am Bund bieten zus\u00e4tzlichen Komfort.    <\/p>\n<p>Zudem sind die M\u00c9DOLA PANTS f\u00fcr Damen etwas h\u00f6her geschnitten, um den R\u00fccken vor Schnee und K\u00e4lte zu sch\u00fctzen. Auch die integrierten, optimierten Gamaschen mit silikoniertem Innenfutter am Beinabschluss sch\u00fctzen vor Schnee. Das LVS-Ger\u00e4t l\u00e4sst sich bequem in der Oberschenkeltasche verstauen und ist dank des integrierten Leichtkarabiners vor Verlust gesch\u00fctzt. Weitere Kleinigkeiten, die auf einer Skitour schnell griffbereit sein m\u00fcssen, finden in den beiden Seitentaschen Platz. Wenn es hart auf hart kommt: Die seitlichen Rei\u00dfverschl\u00fcsse halten Sie bei den anstrengendsten Aufstiegen k\u00fchl!    <\/p>\n<p>Die M\u00c9DOLA PANTS f\u00fcr Damen sind in verschiedenen L\u00e4ngen erh\u00e4ltlich: SHORT (-5 cm) und REGULAR.<br \/>\nDie ORTOVOX-Hosentr\u00e4ger k\u00f6nnen nach Wahl an der Skitourenhose angebracht werden: Die Tr\u00e4ger sind leicht, bequem und lassen sich in wenigen einfachen Schritten befestigen.<\/p>\n<p>Produktmerkmale<br \/>\n2 Seitentaschen<br \/>\nElastischer Schnittschutz mit Aramid (rundum)<br \/>\nH\u00f6herer Schnitt<br \/>\nIn drei L\u00e4ngen erh\u00e4ltlich<br \/>\nIntegrierte Gamasche mit silikoniertem Innenfutter<br \/>\nBel\u00fcftungsrei\u00dfverschluss<br \/>\nOberschenkeltasche<br \/>\nORTOVOX-Hosentr\u00e4ger (optional)<br \/>\nElastische, in der Weite verstellbare Beinabschl\u00fcsse<br \/>\nMerinowolle auf der Haut<\/p>\n<p>Materialeigenschaften<br \/>\nWind- und wasserabweisend<br \/>\nSehr atmungsaktiv<br \/>\nSchnelltrocknend<br \/>\nLeicht<br \/>\nSchmutzabweisend<br \/>\nMerinowolle auf der Haut<br \/>\nHergestellt in Europa<\/p>\n<p>Das Material<br \/>\nZum Materiallexikon<\/p>\n<p>HAUPTMATERIAL: 86 % Polyamid + 7 % Wolle (MERINO) + 7 % Elastan<\/p>\n","protected":false},"excerpt":{"rendered":"<p>DIE PERFEKTE SYMBIOSE AUS NATUR UND HOCHTECHNOLOGIE Robuste und leichte Softshellhose mit Merinofutter f\u00fcr lange Skitouren Wir haben unsere MERINO<\/p>\n","protected":false},"featured_media":37368,"template":"","meta":{"_seopress_robots_primary_cat":"none","_seopress_titles_title":"","_seopress_titles_desc":"","_seopress_robots_index":""},"product_brand":[3663],"product_cat":[1388,974,82],"product_tag":[],"class_list":{"0":"post-414114","1":"product","2":"type-product","3":"status-publish","4":"has-post-thumbnail","6":"product_brand-ortovox-de","7":"product_cat-damenbekleidung","8":"product_cat-freizeitkleidung","9":"product_cat-kleidung","11":"first","12":"instock","13":"sale","14":"shipping-taxable","15":"purchasable","16":"product-type-variable"},"_links":{"self":[{"href":"https:\/\/lucacastelli.com\/de\/wp-json\/wp\/v2\/product\/414114","targetHints":{"allow":["GET"]}}],"collection":[{"href":"https:\/\/lucacastelli.com\/de\/wp-json\/wp\/v2\/product"}],"about":[{"href":"https:\/\/lucacastelli.com\/de\/wp-json\/wp\/v2\/types\/product"}],"wp:featuredmedia":[{"embeddable":true,"href":"https:\/\/lucacastelli.com\/de\/wp-json\/wp\/v2\/media\/37368"}],"wp:attachment":[{"href":"https:\/\/lucacastelli.com\/de\/wp-json\/wp\/v2\/media?parent=414114"}],"wp:term":[{"taxonomy":"product_brand","embeddable":true,"href":"https:\/\/lucacastelli.com\/de\/wp-json\/wp\/v2\/product_brand?post=414114"},{"taxonomy":"product_cat","embeddable":true,"href":"https:\/\/lucacastelli.com\/de\/wp-json\/wp\/v2\/product_cat?post=414114"},{"taxonomy":"product_tag","embeddable":true,"href":"https:\/\/lucacastelli.com\/de\/wp-json\/wp\/v2\/product_tag?post=414114"}],"curies":[{"name":"wp","href":"https:\/\/api.w.org\/{rel}","templated":true}]}}