{"id":414107,"date":"2024-08-09T07:54:21","date_gmt":"2024-08-09T05:54:21","guid":{"rendered":"https:\/\/lucacastelli.com\/prodotto\/ortovox-traverse-light-20-feuerstein\/"},"modified":"2025-06-29T02:08:47","modified_gmt":"2025-06-29T00:08:47","slug":"ortovox-traverse-light-20-feuerstein","status":"publish","type":"product","link":"https:\/\/lucacastelli.com\/de\/produkt\/ortovox-traverse-light-20-feuerstein\/","title":{"rendered":"ORTOVOX TRAVERSE LIGHT 20 Feuerstein"},"content":{"rendered":"<p>Federleicht<br \/>\nHohe Bewegungsfreiheit dank der eng anliegenden<br \/>\nPassform Komprimierbar trotz zahlreicher Befestigungsm\u00f6glichkeiten<br \/>\nF\u00fcr mehr Nachhaltigkeit! Dieses Produkt enth\u00e4lt recyceltes<br \/>\nPolyamid Dieses Produkt ist klimaneutral. Es wurde so umweltfreundlich wie m\u00f6glich hergestellt. Die unvermeidbaren CO2-Emissionen werden kompensiert<br \/>\nDer ultraleichte, flexible und funktionelle TRAVERSE LIGHT 20 Alpinrucksack wiegt nur 410 Gramm und ist der perfekte Begleiter f\u00fcr schnelle und lange Aufstiege.   <\/p>\n<p>Der Rucksack l\u00e4sst sich mit den Schultergurten in einem Handgriff komprimieren und passt sich dem K\u00f6rper an. Dank der abnehmbaren H\u00fcft- und Brustgurte ist die Passform auch dann gew\u00e4hrleistet, wenn der Rucksack eine schwere Last tr\u00e4gt. Das AIRVENT BACK SYSTEM, mit geripptem Mesh-Gewebe und perforiertem Schaumstoff, sorgt f\u00fcr eine gute Luftzirkulation und einen hohen Tragekomfort, w\u00e4hrend die ergonomischen und luftdurchl\u00e4ssigen Schultergurte das Gewicht gleichm\u00e4\u00dfig auf den K\u00f6rper verteilen.  <\/p>\n<p>Auch aus technischer Sicht sticht die TRAVERSE LIGHT 20 durch ihre Eigenschaften hervor. W\u00e4hrend die drei Taschen an den Schultergurten Platz f\u00fcr eine 500 ml Wasserflasche, ein Handy und eine Stange bieten, lassen sich Helme und St\u00f6cke einfach am Rucksack befestigen. Das Au\u00dfenmaterial dieses praktischen Rucksacks besteht aus Polyamid mit einem Recyclinganteil von 72% und ist extrem robust und langlebig<br \/>\n.Zugang zum Hauptfach: oben<br \/>\nKartenfach<br \/>\nStockbefestigung<br \/>\nHelmbefestigung<\/p>\n<p>Trinksystem Veranlagung Wasserflaschenhalter<br \/>\n2 abnehmbare Brustgurte<br \/>\nSignalpfeife<br \/>\nNotfallkarte<br \/>\nAbnehmbarer<br \/>\nH\u00fcftgurt Leuchtende<br \/>\nInnenausstattung AIRVENT BACK SYSTEM  <\/p>\n","protected":false},"excerpt":{"rendered":"<p>Federleicht Hohe Bewegungsfreiheit dank der eng anliegenden Passform Komprimierbar trotz zahlreicher Befestigungsm\u00f6glichkeiten F\u00fcr mehr Nachhaltigkeit! Dieses Produkt enth\u00e4lt recyceltes Polyamid<\/p>\n","protected":false},"featured_media":37363,"template":"","meta":{"_seopress_robots_primary_cat":"","_seopress_titles_title":"","_seopress_titles_desc":"","_seopress_robots_index":""},"product_brand":[3280],"product_cat":[33,211,212],"product_tag":[],"class_list":{"0":"post-414107","1":"product","2":"type-product","3":"status-publish","4":"has-post-thumbnail","6":"product_brand-ortovox","7":"product_cat-attrezzature","8":"product_cat-attrezzatura-per-il-tempo-libero","9":"product_cat-altro","11":"first","12":"instock","13":"shipping-taxable","14":"purchasable","15":"product-type-simple"},"_links":{"self":[{"href":"https:\/\/lucacastelli.com\/de\/wp-json\/wp\/v2\/product\/414107","targetHints":{"allow":["GET"]}}],"collection":[{"href":"https:\/\/lucacastelli.com\/de\/wp-json\/wp\/v2\/product"}],"about":[{"href":"https:\/\/lucacastelli.com\/de\/wp-json\/wp\/v2\/types\/product"}],"wp:featuredmedia":[{"embeddable":true,"href":"https:\/\/lucacastelli.com\/de\/wp-json\/wp\/v2\/media\/37363"}],"wp:attachment":[{"href":"https:\/\/lucacastelli.com\/de\/wp-json\/wp\/v2\/media?parent=414107"}],"wp:term":[{"taxonomy":"product_brand","embeddable":true,"href":"https:\/\/lucacastelli.com\/de\/wp-json\/wp\/v2\/product_brand?post=414107"},{"taxonomy":"product_cat","embeddable":true,"href":"https:\/\/lucacastelli.com\/de\/wp-json\/wp\/v2\/product_cat?post=414107"},{"taxonomy":"product_tag","embeddable":true,"href":"https:\/\/lucacastelli.com\/de\/wp-json\/wp\/v2\/product_tag?post=414107"}],"curies":[{"name":"wp","href":"https:\/\/api.w.org\/{rel}","templated":true}]}}