{"id":414106,"date":"2024-04-03T17:17:35","date_gmt":"2024-04-03T15:17:35","guid":{"rendered":"https:\/\/lucacastelli.com\/prodotto\/ortovox-fleece-rib-hoody-w\/"},"modified":"2026-04-17T23:46:24","modified_gmt":"2026-04-17T21:46:24","slug":"ortovox-fleece-rib-hoody-w","status":"publish","type":"product","link":"https:\/\/lucacastelli.com\/de\/produkt\/ortovox-fleece-rib-hoody-w\/","title":{"rendered":"ORTOVOX FLEECE RIB HOODY W"},"content":{"rendered":"<p>ROBUSTER UND TECHNISCHER FLEECE-HOODY F\u00dcR DAS KLETTERN, F\u00dcR TAGE AM FELS<\/p>\n<p>HIGHLIGHTS<br \/>\n&#8211; Schnitt und Features speziell f\u00fcr Kletterer entwickelt<br \/>\n&#8211; Intelligenter Materialmix kombiniert Atmungsaktivit\u00e4t und Abriebfestigkeit<br \/>\n&#8211; Hoher Tragekomfort dank Merinowolle auf der Haut<\/p>\n<p>Zuverl\u00e4ssig, robust und atmungsaktiv: Von der ersten Mehrseill\u00e4nge in Arco bis zur Big Wall im Yosemite \u2013 der FLEECE RIB HOODY f\u00fcr Damen ist in seinem Element.<\/p>\n<p>Robuste Eins\u00e4tze aus MERINO SHIELD TEC sch\u00fctzen besonders exponierte Bereiche wie Unterarme und H\u00fcften vor Abrieb durch scharfen Fels und Klettergurt. Der Schnitt mit erweitertem Achselbereich bietet auch bei weiten Z\u00fcgen viel Bewegungsfreiheit. <\/p>\n<p>Die feine Kanalstruktur im Inneren des elastischen MERINO FLEECE RIB Materials sorgt f\u00fcr angenehme Ventilation und bietet gleichzeitig hohe Isolationseigenschaften. Die weiche Merinowolle wirkt zudem feuchtigkeits- und temperaturregulierend und hemmt Ger\u00fcche auf der Haut. <\/p>\n<p>Der Hoody l\u00e4sst sich dank 2-Wege-Frontrei\u00dfverschluss schnell und einfach \u00fcber dem Klettergurt anziehen. Die vorjustierte Kapuze bietet zuverl\u00e4ssigen Windschutz und passt auch gut unter den Helm. <\/p>\n<p>Gemacht f\u00fcr steile W\u00e4nde und lange Routen: Der vielseitige FLEECE RIB HOODY f\u00fcr Damen ist ein Muss f\u00fcr den Einsatz am Fels.<\/p>\n<p>PRODUKTMERKMALE<br \/>\nSchutzkapuze<br \/>\nHoher Kragen<br \/>\n2 Fronttaschen<br \/>\n2-Wege-Frontrei\u00dfverschluss<br \/>\nRegul\u00e4re Passform<\/p>\n<p>MATERIALEIGENSCHAFTEN<br \/>\nMERINO FLEECE RIB: Merinowolle hautnah, Kanalstruktur innen (sorgt f\u00fcr Ventilation und zeigt hohe Isolationseigenschaften), hohe Atmungsaktivit\u00e4t, hohe Dehnf\u00e4higkeit, Feuchtigkeitsregulierung<br \/>\nMERINO SHIELD TEC: Merinowolle auf der Haut, hohe Abriebfestigkeit (&gt; 50.000 Abriebzyklen im Martindale-Test), windabweisend, 4-Wege-Stretchmaterial, leicht und schnelltrocknend.<\/p>\n<p>MATERIAL<br \/>\nHAUPTMATERIAL 1: 66 % Polyester (recycelt) + 21 % Wolle (OWP-MERINO) + 8 % Elastan + 5 % Polyamid (recycelt) HAUPTMATERIAL 2: 74 % Polyamid + 15 % Wolle (OWP-MERINO) + 11 % Elastan<br \/>\nRecyceltes Polyamid<\/p>\n","protected":false},"excerpt":{"rendered":"<p>ROBUSTER UND TECHNISCHER FLEECE-HOODY F\u00dcR DAS KLETTERN, F\u00dcR TAGE AM FELS HIGHLIGHTS &#8211; Schnitt und Features speziell f\u00fcr Kletterer entwickelt<\/p>\n","protected":false},"featured_media":37355,"template":"","meta":{"_seopress_robots_primary_cat":"none","_seopress_titles_title":"","_seopress_titles_desc":"","_seopress_robots_index":""},"product_brand":[3663],"product_cat":[1388,974,82],"product_tag":[],"class_list":{"0":"post-414106","1":"product","2":"type-product","3":"status-publish","4":"has-post-thumbnail","6":"product_brand-ortovox-de","7":"product_cat-damenbekleidung","8":"product_cat-freizeitkleidung","9":"product_cat-kleidung","11":"first","12":"instock","13":"shipping-taxable","14":"purchasable","15":"product-type-variable"},"_links":{"self":[{"href":"https:\/\/lucacastelli.com\/de\/wp-json\/wp\/v2\/product\/414106","targetHints":{"allow":["GET"]}}],"collection":[{"href":"https:\/\/lucacastelli.com\/de\/wp-json\/wp\/v2\/product"}],"about":[{"href":"https:\/\/lucacastelli.com\/de\/wp-json\/wp\/v2\/types\/product"}],"wp:featuredmedia":[{"embeddable":true,"href":"https:\/\/lucacastelli.com\/de\/wp-json\/wp\/v2\/media\/37355"}],"wp:attachment":[{"href":"https:\/\/lucacastelli.com\/de\/wp-json\/wp\/v2\/media?parent=414106"}],"wp:term":[{"taxonomy":"product_brand","embeddable":true,"href":"https:\/\/lucacastelli.com\/de\/wp-json\/wp\/v2\/product_brand?post=414106"},{"taxonomy":"product_cat","embeddable":true,"href":"https:\/\/lucacastelli.com\/de\/wp-json\/wp\/v2\/product_cat?post=414106"},{"taxonomy":"product_tag","embeddable":true,"href":"https:\/\/lucacastelli.com\/de\/wp-json\/wp\/v2\/product_tag?post=414106"}],"curies":[{"name":"wp","href":"https:\/\/api.w.org\/{rel}","templated":true}]}}