{"id":414079,"date":"2024-04-03T13:06:51","date_gmt":"2024-04-03T11:06:51","guid":{"rendered":"https:\/\/lucacastelli.com\/prodotto\/ortovox-traverse-28-s-schwarzer-rabe\/"},"modified":"2025-06-29T02:08:33","modified_gmt":"2025-06-29T00:08:33","slug":"ortovox-traverse-28-s-schwarzer-rabe","status":"publish","type":"product","link":"https:\/\/lucacastelli.com\/de\/produkt\/ortovox-traverse-28-s-schwarzer-rabe\/","title":{"rendered":"ORTOVOX TRAVERSE 28 S schwarzer Rabe"},"content":{"rendered":"<p>VIELSEITIGER, FUNKTIONALER UND KOMFORTABLER BERGRUCKSACK F\u00dcR DAS GANZE JAHR<\/p>\n<p>HIGHLIGHTS Optimale<br \/>\nLastverteilung<br \/>\nKomfortables und gut bel\u00fcftetes<br \/>\nR\u00fcckensystem Robust und nachhaltig dank recyceltem Polyamid<\/p>\n<p>Die TRAVERSE Rucks\u00e4cke sind daf\u00fcr gemacht, das ganze Jahr \u00fcber auf kleinen und gro\u00dfen Gipfeln verwendet zu werden, w\u00e4hrend der TRAVERSE 28S f\u00fcr ausgedehnte Wanderungen von einem Tag oder mehreren Tagen verwendet wird.  <\/p>\n<p>Ein gut bel\u00fcftetes R\u00fcckensystem und eine gute Lastverteilung sind bei Rucks\u00e4cken besonders wichtig. Dank des gerippten Mesh-Gewebes und des perforierten Schaumstoffs der R\u00fcckenpolster bietet das Comfort Contact R\u00fcckensystem viel Luftzirkulation und erh\u00f6hten Komfort beim Transport. Die ergonomisch geformten Schultergurte und der breite H\u00fcftgurt verteilen das Gewicht gleichm\u00e4\u00dfig auf die Kontaktfl\u00e4chen.    <\/p>\n<p>Auch technisch hat der TRAVERSE 28S einiges zu bieten: Sein Hauptfach mit mehreren Zusatzf\u00e4chern bietet ausreichend Platz f\u00fcr die Ausr\u00fcstung, w\u00e4hrend kleinere Gegenst\u00e4nde im Schiebefach auf der Vorderseite schnell verstaut werden k\u00f6nnen. Eine Wasserflasche ist in den elastischen Seitenf\u00e4chern immer griffbereit. Das integrierte Helmnetz, die Materialschlaufen am Ende der Schultergurte und die Stockbefestigung machen den TRAVERSE 28S zum idealen Begleiter f\u00fcr alpines Gel\u00e4nde. Weitere Features wie die Vorbereitung des Trinksystems, die Regenh\u00fclle, die H\u00fcfttasche und der Sonnenbrillenhalter an den Schultergurten runden diesen vielseitigen Rucksack ab.     <\/p>\n<p>Im Sinne der Nachhaltigkeit besteht das Au\u00dfenmaterial nun zu 72% aus recyceltem Polyamid, was den TRAVERSE 28S extrem robust macht und seinen \u00f6kologischen Fu\u00dfabdruck minimiert. Der TRAVERSE 28S ist somit sowohl im Sommer als auch im Winter der perfekte Begleiter f\u00fcr Bergabenteuer. <\/p>\n<p>PRODUKTMERKMALE<br \/>\nTasche mit integriertem<br \/>\nHelmnetz Materialschlaufen am Schultergurt<br \/>\nBrustgurt mit Signalpfeife<br \/>\nStockbefestigung Helmnetz<\/p>\n<p>Kompressionsriemen<br \/>\nH\u00fcfttasche<br \/>\nInterner<br \/>\nFlaschenhalter Vorbereitung<br \/>\ndes Trinksystems Notfallkarte<br \/>\nInklusive<br \/>\nRegenh\u00fclle Schl\u00fcsselanh\u00e4nger<br \/>\nUmlaufender Rei\u00dfverschluss<\/p>\n<p>MATERIAL<br \/>\nROBIC Polyamid 210 D: 72% recyceltes Polyamid + 28% reines Polyamid<\/p>\n","protected":false},"excerpt":{"rendered":"<p>VIELSEITIGER, FUNKTIONALER UND KOMFORTABLER BERGRUCKSACK F\u00dcR DAS GANZE JAHR HIGHLIGHTS Optimale Lastverteilung Komfortables und gut bel\u00fcftetes R\u00fcckensystem Robust und nachhaltig<\/p>\n","protected":false},"featured_media":37337,"template":"","meta":{"_seopress_robots_primary_cat":"","_seopress_titles_title":"","_seopress_titles_desc":"","_seopress_robots_index":""},"product_brand":[3663],"product_cat":[1391,82],"product_tag":[],"class_list":{"0":"post-414079","1":"product","2":"type-product","3":"status-publish","4":"has-post-thumbnail","6":"product_brand-ortovox-de","7":"product_cat-bekleidungs-accessoires","8":"product_cat-kleidung","10":"first","11":"instock","12":"shipping-taxable","13":"purchasable","14":"product-type-simple"},"_links":{"self":[{"href":"https:\/\/lucacastelli.com\/de\/wp-json\/wp\/v2\/product\/414079","targetHints":{"allow":["GET"]}}],"collection":[{"href":"https:\/\/lucacastelli.com\/de\/wp-json\/wp\/v2\/product"}],"about":[{"href":"https:\/\/lucacastelli.com\/de\/wp-json\/wp\/v2\/types\/product"}],"wp:featuredmedia":[{"embeddable":true,"href":"https:\/\/lucacastelli.com\/de\/wp-json\/wp\/v2\/media\/37337"}],"wp:attachment":[{"href":"https:\/\/lucacastelli.com\/de\/wp-json\/wp\/v2\/media?parent=414079"}],"wp:term":[{"taxonomy":"product_brand","embeddable":true,"href":"https:\/\/lucacastelli.com\/de\/wp-json\/wp\/v2\/product_brand?post=414079"},{"taxonomy":"product_cat","embeddable":true,"href":"https:\/\/lucacastelli.com\/de\/wp-json\/wp\/v2\/product_cat?post=414079"},{"taxonomy":"product_tag","embeddable":true,"href":"https:\/\/lucacastelli.com\/de\/wp-json\/wp\/v2\/product_tag?post=414079"}],"curies":[{"name":"wp","href":"https:\/\/api.w.org\/{rel}","templated":true}]}}