{"id":414030,"date":"2024-04-01T12:17:29","date_gmt":"2024-04-01T10:17:29","guid":{"rendered":"https:\/\/lucacastelli.com\/prodotto\/ortovox-150-cool-mtn-protektor-ts-w\/"},"modified":"2026-04-17T23:47:27","modified_gmt":"2026-04-17T21:47:27","slug":"ortovox-150-cool-mtn-protektor-ts-w","status":"publish","type":"product","link":"https:\/\/lucacastelli.com\/de\/produkt\/ortovox-150-cool-mtn-protektor-ts-w\/","title":{"rendered":"ORTOVOX 150 COOL MTN PROTECTOR TS W"},"content":{"rendered":"<p>KOMFORTABLES UND STRAPAZIERF\u00c4HIGES MERINOSHIRT MIT K\u00dcHLEFFEKT F\u00dcR ALPINE TOUREN<\/p>\n<p>HIGHLIGHTS<br \/>\nTemperatur- und feuchtigkeitsregulierend<br \/>\nK\u00fchleffekt dank Tencel\u2122 Lyocell<br \/>\nLanglebig und robust<\/p>\n<p>Starke K\u00fchlung, robust und nachhaltig: Dank des widerstandsf\u00e4higen Garns und des nat\u00fcrlich k\u00fchlenden Effekts von Tencel\u2122 ist die 150 MERINO COOL Linie f\u00fcr Damen ideal f\u00fcr heisse Sommertage in den Bergen.<\/p>\n<p>Die BETA-SPUN Technologie verleiht dem 150 COOL MTN PROTECTOR T-SHIRT die n\u00f6tige Stabilit\u00e4t: Die sch\u00fctzende Polyamid-H\u00fclle macht das Gewebe abrieb- und reissfester. Gleichzeitig bieten die feinen Merinofasern unvergleichlichen Komfort und sorgen f\u00fcr ein optimales K\u00f6rperklima, w\u00e4hrend Tencel\u2122-Fasern durch ihre glatte Oberfl\u00e4che und hohe Verdunstungsrate bei Hitze k\u00fchlen. <\/p>\n<p>Das 150 COOL MTN PROTECTOR T-SHIRT f\u00fcr Damen ist somit der perfekte Begleiter, besonders an heissen Sommertagen.<\/p>\n<p>MATERIALEIGENSCHAFTEN<br \/>\n150 MERINO COOL: langlebig, BETASPUN Technologie der \u00a9 S\u00fcdwolle Group (f\u00fcr mehr Robustheit und Reissfestigkeit), TENCEL\u2122 Lyocell (nachhaltig hergestellte Naturfaser), Merinowolle (temperatur- und feuchtigkeitsregulierend).<\/p>\n","protected":false},"excerpt":{"rendered":"<p>KOMFORTABLES UND STRAPAZIERF\u00c4HIGES MERINOSHIRT MIT K\u00dcHLEFFEKT F\u00dcR ALPINE TOUREN HIGHLIGHTS Temperatur- und feuchtigkeitsregulierend K\u00fchleffekt dank Tencel\u2122 Lyocell Langlebig und robust<\/p>\n","protected":false},"featured_media":37308,"template":"","meta":{"_seopress_robots_primary_cat":"none","_seopress_titles_title":"","_seopress_titles_desc":"","_seopress_robots_index":""},"product_brand":[3663],"product_cat":[1388,974,82],"product_tag":[],"class_list":{"0":"post-414030","1":"product","2":"type-product","3":"status-publish","4":"has-post-thumbnail","6":"product_brand-ortovox-de","7":"product_cat-damenbekleidung","8":"product_cat-freizeitkleidung","9":"product_cat-kleidung","11":"first","12":"instock","13":"shipping-taxable","14":"purchasable","15":"product-type-variable"},"_links":{"self":[{"href":"https:\/\/lucacastelli.com\/de\/wp-json\/wp\/v2\/product\/414030","targetHints":{"allow":["GET"]}}],"collection":[{"href":"https:\/\/lucacastelli.com\/de\/wp-json\/wp\/v2\/product"}],"about":[{"href":"https:\/\/lucacastelli.com\/de\/wp-json\/wp\/v2\/types\/product"}],"wp:featuredmedia":[{"embeddable":true,"href":"https:\/\/lucacastelli.com\/de\/wp-json\/wp\/v2\/media\/37308"}],"wp:attachment":[{"href":"https:\/\/lucacastelli.com\/de\/wp-json\/wp\/v2\/media?parent=414030"}],"wp:term":[{"taxonomy":"product_brand","embeddable":true,"href":"https:\/\/lucacastelli.com\/de\/wp-json\/wp\/v2\/product_brand?post=414030"},{"taxonomy":"product_cat","embeddable":true,"href":"https:\/\/lucacastelli.com\/de\/wp-json\/wp\/v2\/product_cat?post=414030"},{"taxonomy":"product_tag","embeddable":true,"href":"https:\/\/lucacastelli.com\/de\/wp-json\/wp\/v2\/product_tag?post=414030"}],"curies":[{"name":"wp","href":"https:\/\/api.w.org\/{rel}","templated":true}]}}