{"id":414021,"date":"2024-04-01T11:50:22","date_gmt":"2024-04-01T09:50:22","guid":{"rendered":"https:\/\/lucacastelli.com\/prodotto\/ortovox-120-tec-t-shirt-w\/"},"modified":"2025-08-05T13:46:50","modified_gmt":"2025-08-05T11:46:50","slug":"ortovox-120-tec-t-shirt-w","status":"publish","type":"product","link":"https:\/\/lucacastelli.com\/de\/produkt\/ortovox-120-tec-t-shirt-w\/","title":{"rendered":"ORTOVOX 120 TEC T-SHIRT W"},"content":{"rendered":"<p>HAUPTMERKMALE<br \/>\nLeicht und schnell trocknend<br \/>\nStark und langlebig<br \/>\nFeuchtigkeits- und Temperaturregulierung<\/p>\n<p>Der Almsommer ruft! Mit ihrer asymmetrischen Optik ist die 120 MERINO TEC Linie bereit, raue Gipfel und Steilw\u00e4nde zu bew\u00e4ltigen. <\/p>\n<p>Das 120 TEC T-SHIRT f\u00fcr Damen bietet dank seines athletischen und eng anliegenden Schnitts maximale Bewegungsfreiheit, egal wie schwer du unterwegs sein musst. Dieses l\u00e4ssige T-Shirt f\u00fcr Damen macht aber nicht nur beim Klettern eine gute Figur, sondern begleitet dich auch bei jedem alpinen Abenteuer in den Bergen. Die Linie 120 TEC T-SHIRT ist daher perfekt f\u00fcr deinen Almsommer.  <\/p>\n<p>Die bew\u00e4hrte Garnkonstruktion sorgt f\u00fcr die n\u00f6tige Stabilit\u00e4t und den Abriebschutz: Dank der CORESPUN TECHNOLOGY BY \u00a9 S\u00dcDWOLLE GROUP ist das Gewebe besonders leicht, aber strapazierf\u00e4hig. Bei diesem Spinnverfahren werden tasmanische Merinofasern mit einem feinen Durchmesser von 17,5 Mikrometern um einen Kern aus Polyamid-Filamenten gesponnen. Das Ergebnis ist ein Garn, mit dem d\u00fcnne, leichte und elastische Stoffe hergestellt werden k\u00f6nnen, die aber gleichzeitig extrem stark und stabil sind. Tasmanische Wolle sorgt zudem f\u00fcr ein bew\u00e4hrtes Klima und Tragekomfort. Das 120 TEC T-Shirt f\u00fcr Damen ist daher das perfekte Klettertop f\u00fcr deinen Almsommer.    <\/p>\n<p>MATERIALEIGENSCHAFTEN<br \/>\nCORESPUN TECHNOLOGY der \u00a9 S\u00fcdwolle Group: f\u00fcr mehr Stabilit\u00e4t.<br \/>\nSchnell<br \/>\ntrocknend Geringes Gewicht<br \/>\nSanfter Faserdurchmesser von 17,5 Mikrometern<br \/>\nLanglebig<br \/>\nWiderstandsf\u00e4hig<\/p>\n<p>MATERIAL<br \/>\n85 % Schurwolle (MERINO) + 15 % Polyamid<\/p>\n","protected":false},"excerpt":{"rendered":"<p>HAUPTMERKMALE Leicht und schnell trocknend Stark und langlebig Feuchtigkeits- und Temperaturregulierung Der Almsommer ruft! Mit ihrer asymmetrischen Optik ist die<\/p>\n","protected":false},"featured_media":37291,"template":"","meta":{"_seopress_robots_primary_cat":"none","_seopress_titles_title":"","_seopress_titles_desc":"","_seopress_robots_index":""},"product_brand":[3280],"product_cat":[21,189,200],"product_tag":[],"class_list":{"0":"post-414021","1":"product","2":"type-product","3":"status-publish","4":"has-post-thumbnail","6":"product_brand-ortovox","7":"product_cat-abbigliamento","8":"product_cat-abbigliamento-per-il-tempo-libero","9":"product_cat-abbigliamento-da-donna","10":"sws-gruppo-abb-libero","11":"sws-conto-ricavi-merci-rivendita-abbigliamento","12":"sws-gruppo-iva-iva81","14":"first","15":"instock","16":"shipping-taxable","17":"purchasable","18":"product-type-variable"},"_links":{"self":[{"href":"https:\/\/lucacastelli.com\/de\/wp-json\/wp\/v2\/product\/414021","targetHints":{"allow":["GET"]}}],"collection":[{"href":"https:\/\/lucacastelli.com\/de\/wp-json\/wp\/v2\/product"}],"about":[{"href":"https:\/\/lucacastelli.com\/de\/wp-json\/wp\/v2\/types\/product"}],"wp:featuredmedia":[{"embeddable":true,"href":"https:\/\/lucacastelli.com\/de\/wp-json\/wp\/v2\/media\/37291"}],"wp:attachment":[{"href":"https:\/\/lucacastelli.com\/de\/wp-json\/wp\/v2\/media?parent=414021"}],"wp:term":[{"taxonomy":"product_brand","embeddable":true,"href":"https:\/\/lucacastelli.com\/de\/wp-json\/wp\/v2\/product_brand?post=414021"},{"taxonomy":"product_cat","embeddable":true,"href":"https:\/\/lucacastelli.com\/de\/wp-json\/wp\/v2\/product_cat?post=414021"},{"taxonomy":"product_tag","embeddable":true,"href":"https:\/\/lucacastelli.com\/de\/wp-json\/wp\/v2\/product_tag?post=414021"}],"curies":[{"name":"wp","href":"https:\/\/api.w.org\/{rel}","templated":true}]}}