{"id":414011,"date":"2024-04-01T11:25:16","date_gmt":"2024-04-01T09:25:16","guid":{"rendered":"https:\/\/lucacastelli.com\/prodotto\/ortovox-fleece-gitter-kapuzenpullover-w-2\/"},"modified":"2026-04-17T23:41:37","modified_gmt":"2026-04-17T21:41:37","slug":"ortovox-fleece-gitter-kapuzenpullover-w-2","status":"publish","type":"product","link":"https:\/\/lucacastelli.com\/de\/produkt\/ortovox-fleece-gitter-kapuzenpullover-w-2\/","title":{"rendered":"ORTOVOX FLEECE GRID HOODY W"},"content":{"rendered":"<p>HAUPTMERKMALE<br \/>\n&#8211; Hervorragendes W\u00e4rme-\/Gewichtsverh\u00e4ltnis<br \/>\n&#8211; Windschutz-Eins\u00e4tze in exponierten Bereichen<br \/>\n&#8211; Atmungsaktiv dank Merino-Waffle-Innenstruktur<\/p>\n<p>Vielseitig wie die Berge: Dank einer durchdachten Materialkombination bietet der FLEECE GRID HOODY f\u00fcr Damen wohlige W\u00e4rme und gute Bel\u00fcftung bei anspruchsvollen Touren.<\/p>\n<p>Die feine Waffle-Struktur des MERINO FLEECE GRID-Materials h\u00e4lt warme Luft innen und gibt Feuchtigkeit nach au\u00dfen ab, wodurch der Fleece einerseits angenehm warm, andererseits aber auch schnelltrocknend und \u00e4u\u00dferst atmungsaktiv ist. Die angenehm weiche Merinowolle auf der Haut sorgt f\u00fcr optimale Klimaregulierung und wirkt zudem geruchshemmend. In exponierten Bereichen wie Brust, Schultern und Kopf sch\u00fctzen Eins\u00e4tze aus elastischem und atmungsaktivem MERINO FLEECE LIGHT vor Wind und K\u00e4lte.  <\/p>\n<p>Zwei rucksackkompatible Brusttaschen bieten Platz f\u00fcr Karten, Mobiltelefon oder Riegel. Die eng anliegende Kapuze passt gut unter den Helm und sch\u00fctzt den Kopf an kalten Tagen. Dank hoher Elastizit\u00e4t und gro\u00dfz\u00fcgigem Schnitt im Schulterbereich bietet der Hoody hervorragende Bewegungsfreiheit und kann als alpines Allround-Talent jedes Abenteuer meistern.  <\/p>\n<p>Der FLEECE GRID HOODY f\u00fcr Damen wird in Europa hergestellt und ist klimaneutral.<\/p>\n<p>PRODUKTMERKMALE<br \/>\nSchutzkapuze<br \/>\n2 Brusttaschen<br \/>\nRegul\u00e4re Passform<\/p>\n<p>MATERIALEIGENSCHAFTEN<br \/>\nMERINO FLEECE GRID: Merinowolle auf der Haut, Waffle-Struktur innen (sorgt f\u00fcr Bel\u00fcftung und hohe Isolationseigenschaften), hohe Atmungsaktivit\u00e4t, hohe Dehnf\u00e4higkeit, Feuchtigkeitsregulierung<br \/>\nMERINO FLEECE LIGHT: Merinowolle auf der Haut, hohe Atmungsaktivit\u00e4t, hohe Elastizit\u00e4t, optimale Klimaregulierung.<\/p>\n<p>HAUPTMATERIAL 1: 66 % Polyester + 21 % Wolle (OWP-MERINO) + 7 % Polyamid + 6 % Elastan HAUPTMATERIAL 2: 67 % Polyester + 26 % reine Schurwolle (MERINO) + 7 % Elastan<\/p>\n","protected":false},"excerpt":{"rendered":"<p>HAUPTMERKMALE &#8211; Hervorragendes W\u00e4rme-\/Gewichtsverh\u00e4ltnis &#8211; Windschutz-Eins\u00e4tze in exponierten Bereichen &#8211; Atmungsaktiv dank Merino-Waffle-Innenstruktur Vielseitig wie die Berge: Dank einer durchdachten<\/p>\n","protected":false},"featured_media":37276,"template":"","meta":{"_seopress_robots_primary_cat":"none","_seopress_titles_title":"","_seopress_titles_desc":"","_seopress_robots_index":""},"product_brand":[3663],"product_cat":[82,974,1388],"product_tag":[],"class_list":{"0":"post-414011","1":"product","2":"type-product","3":"status-publish","4":"has-post-thumbnail","6":"product_brand-ortovox-de","7":"product_cat-kleidung","8":"product_cat-freizeitkleidung","9":"product_cat-damenbekleidung","10":"sws-gruppo-abb-libero-de","11":"sws-conto-ricavi-merci-rivendita-abbigliamento-de","12":"sws-gruppo-iva-iva81-de","14":"first","15":"instock","16":"shipping-taxable","17":"purchasable","18":"product-type-variable"},"_links":{"self":[{"href":"https:\/\/lucacastelli.com\/de\/wp-json\/wp\/v2\/product\/414011","targetHints":{"allow":["GET"]}}],"collection":[{"href":"https:\/\/lucacastelli.com\/de\/wp-json\/wp\/v2\/product"}],"about":[{"href":"https:\/\/lucacastelli.com\/de\/wp-json\/wp\/v2\/types\/product"}],"wp:featuredmedia":[{"embeddable":true,"href":"https:\/\/lucacastelli.com\/de\/wp-json\/wp\/v2\/media\/37276"}],"wp:attachment":[{"href":"https:\/\/lucacastelli.com\/de\/wp-json\/wp\/v2\/media?parent=414011"}],"wp:term":[{"taxonomy":"product_brand","embeddable":true,"href":"https:\/\/lucacastelli.com\/de\/wp-json\/wp\/v2\/product_brand?post=414011"},{"taxonomy":"product_cat","embeddable":true,"href":"https:\/\/lucacastelli.com\/de\/wp-json\/wp\/v2\/product_cat?post=414011"},{"taxonomy":"product_tag","embeddable":true,"href":"https:\/\/lucacastelli.com\/de\/wp-json\/wp\/v2\/product_tag?post=414011"}],"curies":[{"name":"wp","href":"https:\/\/api.w.org\/{rel}","templated":true}]}}