{"id":413996,"date":"2024-04-01T11:37:50","date_gmt":"2024-04-01T09:37:50","guid":{"rendered":"https:\/\/lucacastelli.com\/prodotto\/ortovox-120-cool-tec-mtn-cut-ts-w\/"},"modified":"2026-04-17T23:47:25","modified_gmt":"2026-04-17T21:47:25","slug":"ortovox-120-cool-tec-mtn-cut-ts-w","status":"publish","type":"product","link":"https:\/\/lucacastelli.com\/de\/produkt\/ortovox-120-cool-tec-mtn-cut-ts-w\/","title":{"rendered":"ORTOVOX 120 COOL TEC MTN CUT TS W"},"content":{"rendered":"<p>LEICHTES, SCHNELLTROCKNENDES SHIRT MIT MERINOWOLLE<\/p>\n<p>HIGHLIGHTS<br \/>\n&#8211; Optimale Klimaregulierung dank Merinowolle<br \/>\n&#8211; K\u00fchlender Effekt dank TENCEL\u2122 Lyocell<br \/>\n&#8211; Stabilit\u00e4t dank innovativem Herstellungsverfahren<\/p>\n<p>Mit der 120 MERINO COOL TEC Linie sind Sie f\u00fcr jeden H\u00f6henmeter bereit: Das leichte 120 COOL TEC MTN CUT T-SHIRT f\u00fcr Damen eignet sich besonders f\u00fcr warme Tage in den Bergen und Aktivit\u00e4ten mit viel Bewegung.<\/p>\n<p>Das 120 MERINO COOL TEC Material steht f\u00fcr pure Funktionalit\u00e4t: Die Kombination aus feinen Merinofasern und pflanzlichen Zellulosefasern zeichnet sich durch ihre k\u00fchlende und schnelltrocknende Wirkung aus. Die CORESPUN-TECHNOLOGIE, ein Herstellungsverfahren, bei dem feine Merinofasern und TENCEL\u2122 Lyocell um einen Kern aus Polyamidfasern gesponnen werden, sorgt f\u00fcr h\u00f6here Stabilit\u00e4t. Das strapazierf\u00e4hige Material aus diesem Garn vereint die Vorteile von Merinowolle und TENCEL\u2122 Lyocell und h\u00e4lt Sie auch bei anspruchsvollsten Aufstiegen k\u00fchl und leicht.  <\/p>\n<p>Von der Natur inspiriert, f\u00fcr den Bergsport entwickelt.<\/p>\n<p>MATERIALEIGENSCHAFTEN<br \/>\n120 MERINO COOL TEC: leicht, schnelltrocknend, TENCEL\u2122 Lyocell (nachhaltig produzierte Naturfaser), Merinowolle (Temperatur- und Feuchtigkeitsregulierung), CORESPUN-Technologie von \u00a9 S\u00fcdwolle Group (f\u00fcr h\u00f6here Stabilit\u00e4t), strapazierf\u00e4hig<\/p>\n<p>MATERIAL<br \/>\n52 % Schurwolle (OWP-MERINO) + 33 % Lyocell (TENCEL\u2122) + 15 % Polyamid<\/p>\n","protected":false},"excerpt":{"rendered":"<p>LEICHTES, SCHNELLTROCKNENDES SHIRT MIT MERINOWOLLE HIGHLIGHTS &#8211; Optimale Klimaregulierung dank Merinowolle &#8211; K\u00fchlender Effekt dank TENCEL\u2122 Lyocell &#8211; Stabilit\u00e4t dank<\/p>\n","protected":false},"featured_media":37284,"template":"","meta":{"_seopress_robots_primary_cat":"none","_seopress_titles_title":"","_seopress_titles_desc":"","_seopress_robots_index":""},"product_brand":[3663],"product_cat":[82,974,1388],"product_tag":[],"class_list":{"0":"post-413996","1":"product","2":"type-product","3":"status-publish","4":"has-post-thumbnail","6":"product_brand-ortovox-de","7":"product_cat-kleidung","8":"product_cat-freizeitkleidung","9":"product_cat-damenbekleidung","11":"first","12":"instock","13":"sale","14":"shipping-taxable","15":"purchasable","16":"product-type-variable"},"_links":{"self":[{"href":"https:\/\/lucacastelli.com\/de\/wp-json\/wp\/v2\/product\/413996","targetHints":{"allow":["GET"]}}],"collection":[{"href":"https:\/\/lucacastelli.com\/de\/wp-json\/wp\/v2\/product"}],"about":[{"href":"https:\/\/lucacastelli.com\/de\/wp-json\/wp\/v2\/types\/product"}],"wp:featuredmedia":[{"embeddable":true,"href":"https:\/\/lucacastelli.com\/de\/wp-json\/wp\/v2\/media\/37284"}],"wp:attachment":[{"href":"https:\/\/lucacastelli.com\/de\/wp-json\/wp\/v2\/media?parent=413996"}],"wp:term":[{"taxonomy":"product_brand","embeddable":true,"href":"https:\/\/lucacastelli.com\/de\/wp-json\/wp\/v2\/product_brand?post=413996"},{"taxonomy":"product_cat","embeddable":true,"href":"https:\/\/lucacastelli.com\/de\/wp-json\/wp\/v2\/product_cat?post=413996"},{"taxonomy":"product_tag","embeddable":true,"href":"https:\/\/lucacastelli.com\/de\/wp-json\/wp\/v2\/product_tag?post=413996"}],"curies":[{"name":"wp","href":"https:\/\/api.w.org\/{rel}","templated":true}]}}