{"id":413986,"date":"2024-04-01T08:25:56","date_gmt":"2024-04-01T06:25:56","guid":{"rendered":"https:\/\/lucacastelli.com\/prodotto\/ortovox-fleece-light-grid-kapuze-jkt\/"},"modified":"2026-04-17T23:42:17","modified_gmt":"2026-04-17T21:42:17","slug":"ortovox-fleece-light-grid-kapuze-jkt","status":"publish","type":"product","link":"https:\/\/lucacastelli.com\/de\/produkt\/ortovox-fleece-light-grid-kapuze-jkt\/","title":{"rendered":"ORTOVOX FLEECE LIGHT GRID HOODED JKT"},"content":{"rendered":"<p>HAUPTMERKMALE<br \/>\nLeicht, warm und komfortabel<br \/>\nHervorragende elastische Eigenschaften<br \/>\nDie einlagige Kapuze passt unter jeden Helm<\/p>\n<p>Bei alpinen Abenteuern muss unsere Ausr\u00fcstung leicht, aber gleichzeitig warm und funktionell sein. Die FLEECE LIGHT GRID Linie f\u00fcr Damen ist daher der ideale Begleiter am Berg und bietet Isolation, Bel\u00fcftung und Komfort bei geringem Gewicht und kleinem Packmass. <\/p>\n<p>Dank der Kanalstruktur auf der Innenseite ist die FLEECE LIGHT GRID HOODED JACKET f\u00fcr Damen besonders leicht, bietet aber dennoch ausreichend Isolation bei k\u00fchleren Temperaturen. Die hochwertige tasmanische Merinowolle auf der Innenseite sorgt f\u00fcr ein angenehmes Tragegef\u00fchl sowie eine optimale Feuchtigkeits- und Temperaturregulierung. <\/p>\n<p>Der ergonomische Schnitt der FLEECE LIGHT GRID HOODED JACKET f\u00fcr Damen garantiert optimale Bewegungsfreiheit am Berg, w\u00e4hrend die einlagige Kapuze Schutz vor Wind bietet und d\u00fcnn genug ist, um unter jedem Helm getragen zu werden. Die Daumenschlaufen helfen dabei, auch bei niedrigen Temperaturen warm zu bleiben. Dank der kleinen Topo-Brusttasche ist die Orientierungshilfe immer griffbereit. Der durchgehende Reissverschluss erm\u00f6glicht ein schnelles und einfaches An- und Ausziehen, auch mit Kletterhelm.   <\/p>\n<p>PRODUKTMERKMALE<br \/>\nSch\u00fctzende Kapuze<br \/>\n1 Fronttasche<br \/>\nDaumenschlaufen<br \/>\nAthletic Fit<\/p>\n<p>MATERIALEIGENSCHAFTEN<br \/>\nMERINO FLEECE LIGHT GRID: Merinowolle auf der Haut, Waffelstruktur an der Innenseite (sorgt f\u00fcr Bel\u00fcftung und hohe Isolationsf\u00e4higkeit), sehr leicht, schnelltrocknend und feuchtigkeitsregulierend.<\/p>\n<p>MATERIAL<br \/>\n72 % Polyester + 22 % Wolle (OWP-MERINO) + 6 % Polyamid<\/p>\n","protected":false},"excerpt":{"rendered":"<p>HAUPTMERKMALE Leicht, warm und komfortabel Hervorragende elastische Eigenschaften Die einlagige Kapuze passt unter jeden Helm Bei alpinen Abenteuern muss unsere<\/p>\n","protected":false},"featured_media":37269,"template":"","meta":{"_seopress_robots_primary_cat":"none","_seopress_titles_title":"","_seopress_titles_desc":"","_seopress_robots_index":""},"product_brand":[3663],"product_cat":[82,974,1388],"product_tag":[],"class_list":{"0":"post-413986","1":"product","2":"type-product","3":"status-publish","4":"has-post-thumbnail","6":"product_brand-ortovox-de","7":"product_cat-kleidung","8":"product_cat-freizeitkleidung","9":"product_cat-damenbekleidung","11":"first","12":"instock","13":"shipping-taxable","14":"purchasable","15":"product-type-variable"},"_links":{"self":[{"href":"https:\/\/lucacastelli.com\/de\/wp-json\/wp\/v2\/product\/413986","targetHints":{"allow":["GET"]}}],"collection":[{"href":"https:\/\/lucacastelli.com\/de\/wp-json\/wp\/v2\/product"}],"about":[{"href":"https:\/\/lucacastelli.com\/de\/wp-json\/wp\/v2\/types\/product"}],"wp:featuredmedia":[{"embeddable":true,"href":"https:\/\/lucacastelli.com\/de\/wp-json\/wp\/v2\/media\/37269"}],"wp:attachment":[{"href":"https:\/\/lucacastelli.com\/de\/wp-json\/wp\/v2\/media?parent=413986"}],"wp:term":[{"taxonomy":"product_brand","embeddable":true,"href":"https:\/\/lucacastelli.com\/de\/wp-json\/wp\/v2\/product_brand?post=413986"},{"taxonomy":"product_cat","embeddable":true,"href":"https:\/\/lucacastelli.com\/de\/wp-json\/wp\/v2\/product_cat?post=413986"},{"taxonomy":"product_tag","embeddable":true,"href":"https:\/\/lucacastelli.com\/de\/wp-json\/wp\/v2\/product_tag?post=413986"}],"curies":[{"name":"wp","href":"https:\/\/api.w.org\/{rel}","templated":true}]}}