{"id":413966,"date":"2024-04-01T08:09:38","date_gmt":"2024-04-01T06:09:38","guid":{"rendered":"https:\/\/lucacastelli.com\/prodotto\/ortovox-fleece-ripp-jacke-w\/"},"modified":"2026-04-17T23:42:12","modified_gmt":"2026-04-17T21:42:12","slug":"ortovox-fleece-ripp-jacke-w","status":"publish","type":"product","link":"https:\/\/lucacastelli.com\/de\/produkt\/ortovox-fleece-ripp-jacke-w\/","title":{"rendered":"ORTOVOX FLEECE RIB JACKET W"},"content":{"rendered":"<p>HAUPTMERKMALE<br \/>\n&#8211; Der intelligente Materialmix kombiniert Atmungsaktivit\u00e4t und Abriebfestigkeit<br \/>\n&#8211; Hohe Elastizit\u00e4t und kletterspezifischer Schnitt<br \/>\n&#8211; Hoher Tragekomfort dank Merinowolle auf der Haut<\/p>\n<p>Zuverl\u00e4ssig, robust und atmungsaktiv: Von der ersten Mehrseill\u00e4nge in Arco bis zur Bigwall im Yosemite ist die FLEECE RIB JACKET f\u00fcr Damen in ihrem Element.<\/p>\n<p>Robuste Eins\u00e4tze aus MERINO SHIELD TEC sch\u00fctzen besonders exponierte Stellen wie Unterarme und H\u00fcften vor Abrieb durch scharfe Felsen und den Klettergurt. Der Schnitt mit erweitertem Unterarmbereich bietet volle Bewegungsfreiheit auch bei weiten Z\u00fcgen. <\/p>\n<p>Die feine Kanalstruktur auf der Innenseite des elastischen MERINO FLEECE RIB Materials sorgt f\u00fcr angenehme Bel\u00fcftung bei gleichzeitig hoher Isolation. Die weiche Merinowolle wirkt zudem feuchtigkeits- und temperaturregulierend und hemmt Ger\u00fcche auf der Haut. <\/p>\n<p>Der 2-Wege-Frontrei\u00dfverschluss erm\u00f6glicht ein schnelles und einfaches Anziehen der Jacke \u00fcber dem Klettergurt. Der hohe Kragen bietet zuverl\u00e4ssigen Schutz vor K\u00e4lte und Wind, w\u00e4hrend die zwei Fronttaschen viel Platz bieten. <\/p>\n<p>Gemacht f\u00fcr schroffe W\u00e4nde und lange Touren: Die vielseitige FLEECE RIB JACKET f\u00fcr Damen ist ein Muss f\u00fcr den Einsatz am Fels.<\/p>\n<p>PRODUKTMERKMALE<br \/>\nSchutzkragen<br \/>\n2 Brusttaschen<br \/>\n2-Wege-Front-Rei\u00dfverschluss<br \/>\nRegul\u00e4re Passform<\/p>\n<p>MATERIALEIGENSCHAFTEN<br \/>\nMERINO FLEECE RIB: Merinowolle auf der Haut, Kanalstruktur innen (sorgt f\u00fcr Bel\u00fcftung und weist hohe Isolationseigenschaften auf), hohe Atmungsaktivit\u00e4t, hohe Dehnbarkeit, Feuchtigkeitsregulierung<br \/>\nMERINO SHIELD TEC: Merinowolle auf der Haut, hohe Abriebfestigkeit (&gt; 50.000 Scheuerzyklen im Martindale-Test), windabweisend, 4-Wege-Stretchmaterial, leicht und schnelltrocknend.<\/p>\n<p>HAUPTMATERIAL 1: 66 % Polyester (recycelt) + 21 % Wolle (OWP-MERINO) + 8 % Elasthan + 5 % Polyamid (recycelt) HAUPTMATERIAL 2: 74 % Polyamid + 15 % Wolle (OWP-MERINO) + 11 % Elasthan<br \/>\nRecyceltes Polyamid<\/p>\n","protected":false},"excerpt":{"rendered":"<p>HAUPTMERKMALE &#8211; Der intelligente Materialmix kombiniert Atmungsaktivit\u00e4t und Abriebfestigkeit &#8211; Hohe Elastizit\u00e4t und kletterspezifischer Schnitt &#8211; Hoher Tragekomfort dank Merinowolle<\/p>\n","protected":false},"featured_media":37258,"template":"","meta":{"_seopress_robots_primary_cat":"none","_seopress_titles_title":"","_seopress_titles_desc":"","_seopress_robots_index":""},"product_brand":[3663],"product_cat":[1388,974,82],"product_tag":[],"class_list":{"0":"post-413966","1":"product","2":"type-product","3":"status-publish","4":"has-post-thumbnail","6":"product_brand-ortovox-de","7":"product_cat-damenbekleidung","8":"product_cat-freizeitkleidung","9":"product_cat-kleidung","10":"sws-gruppo-abb-libero-de","11":"sws-categoria-sito-de","12":"sws-conto-ricavi-merci-rivendita-abbigliamento-de","13":"sws-gruppo-iva-iva81-de","15":"first","16":"instock","17":"sale","18":"shipping-taxable","19":"purchasable","20":"product-type-variable"},"_links":{"self":[{"href":"https:\/\/lucacastelli.com\/de\/wp-json\/wp\/v2\/product\/413966","targetHints":{"allow":["GET"]}}],"collection":[{"href":"https:\/\/lucacastelli.com\/de\/wp-json\/wp\/v2\/product"}],"about":[{"href":"https:\/\/lucacastelli.com\/de\/wp-json\/wp\/v2\/types\/product"}],"wp:featuredmedia":[{"embeddable":true,"href":"https:\/\/lucacastelli.com\/de\/wp-json\/wp\/v2\/media\/37258"}],"wp:attachment":[{"href":"https:\/\/lucacastelli.com\/de\/wp-json\/wp\/v2\/media?parent=413966"}],"wp:term":[{"taxonomy":"product_brand","embeddable":true,"href":"https:\/\/lucacastelli.com\/de\/wp-json\/wp\/v2\/product_brand?post=413966"},{"taxonomy":"product_cat","embeddable":true,"href":"https:\/\/lucacastelli.com\/de\/wp-json\/wp\/v2\/product_cat?post=413966"},{"taxonomy":"product_tag","embeddable":true,"href":"https:\/\/lucacastelli.com\/de\/wp-json\/wp\/v2\/product_tag?post=413966"}],"curies":[{"name":"wp","href":"https:\/\/api.w.org\/{rel}","templated":true}]}}