{"id":413950,"date":"2024-04-01T07:55:16","date_gmt":"2024-04-01T05:55:16","guid":{"rendered":"https:\/\/lucacastelli.com\/prodotto\/ortovox-pala-kapuzenjacke-w\/"},"modified":"2026-04-17T23:48:17","modified_gmt":"2026-04-17T21:48:17","slug":"ortovox-pala-kapuzenjacke-w","status":"publish","type":"product","link":"https:\/\/lucacastelli.com\/de\/produkt\/ortovox-pala-kapuzenjacke-w\/","title":{"rendered":"ORTOVOX PALA HOODED JACKET W"},"content":{"rendered":"<p>WICHTIGSTE EIGENSCHAFTEN<br \/>\nHohe Abriebfestigkeit<br \/>\nBesonders atmungsaktiv<br \/>\nFeine Merinowolle innen<\/p>\n<p>Die massiven und bizarren T\u00fcrme der Pala-Gruppe ragen aus dem steinigen Hochplateau empor. Das Klettern hier, im s\u00fcdlichsten Bergmassiv der Dolomiten, erfordert starke Nerven und widerstandsf\u00e4hige Materialien. F\u00fcr genau diese langen alpinen Routen haben wir unsere MERINO SHIELD TEC Linie entwickelt!  <\/p>\n<p>Das extrem abriebfeste Au\u00dfenmaterial der PALA HOODED JACKET f\u00fcr Damen h\u00e4lt im Martindale-Test, der die Abriebfestigkeit misst, mehr als 50.000 Abriebzyklen stand. Zus\u00e4tzliche Verst\u00e4rkungen an besonders beanspruchten Stellen wie Schultern, Unterarmen und H\u00fcften bieten maximalen Schutz gegen h\u00e4rtestes Gestein. Das 4-Wege-Stretchmaterial garantiert volle Bewegungsfreiheit, unterst\u00fctzt durch einen athletischen Schnitt und vorgeformte Ellbogenbereiche. Dank der membranfreien Konstruktion ist die PALA HOODED JACKET f\u00fcr Damen besonders atmungsaktiv, w\u00e4hrend die feine Merinowolle innen sie noch komfortabler im Tragen macht.   <\/p>\n<p>Die selbstjustierende Kapuze passt \u00fcber einen Kletterhelm und die B\u00fcndchen sowie der Saum sind elastisch und komfortabel. Dank der High-Reach-Performance-Passform folgt die PALA HOODED JACKET f\u00fcr Damen jeder Ihrer Bewegungen und ist vollst\u00e4ndig auf das Klettern ausgerichtet. Die Brusttasche und die zwei f\u00fcr Klettergurt und Rucksack optimierten Fronttaschen bieten Platz f\u00fcr Kleinigkeiten, die w\u00e4hrend eines langen Klettertages schnell griffbereit sein m\u00fcssen.  <\/p>\n<p>Aus Respekt vor der Umwelt ist die gesamte MERINO SHIELD TEC Linie vollst\u00e4ndig PFC-frei und durch CO2-Kompensation klimaneutral. Mit ihrem frischen Look ist die PALA HOODED JACKET f\u00fcr Damen bereit f\u00fcr die gro\u00dfen Kletterrouten an den h\u00f6chsten Felsw\u00e4nden. <\/p>\n<p>PRODUKTMERKMALE<br \/>\nSelbstjustierende Kapuze<br \/>\n2 Fronttaschen mit Rei\u00dfverschluss (optimiert f\u00fcr Klettergurt und Rucksack)<br \/>\nSchutzschale<br \/>\nVerst\u00e4rkungen an Schultern, Achseln und H\u00fcften<br \/>\nElastische B\u00fcndchen<br \/>\nIn der Weite verstellbarer Saum<br \/>\nAthletische Passform<\/p>\n<p>MATERIALEIGENSCHAFTEN<br \/>\nHohe Abriebfestigkeit: &gt; 50.000 Abriebzyklen im Martindale-Test<br \/>\n4-Wege-Stretchmaterial<br \/>\nAtmungsaktiv<br \/>\nLeicht<br \/>\nSchnelltrocknend<br \/>\nWasserabweisend dank PFC-freier DWR-Ausr\u00fcstung<br \/>\nMerino-Innenseite<br \/>\nPFC-frei: Wasser und Schmutz perlen ab<\/p>\n<p>HAUPTMATERIAL: 74% Polyamid + 15% Wolle (OWP-MERINO) + 11% Elastan FUTTER: 91% Polyamid + 9% Elastan<\/p>\n","protected":false},"excerpt":{"rendered":"<p>WICHTIGSTE EIGENSCHAFTEN Hohe Abriebfestigkeit Besonders atmungsaktiv Feine Merinowolle innen Die massiven und bizarren T\u00fcrme der Pala-Gruppe ragen aus dem steinigen<\/p>\n","protected":false},"featured_media":37246,"template":"","meta":{"_seopress_robots_primary_cat":"none","_seopress_titles_title":"","_seopress_titles_desc":"","_seopress_robots_index":""},"product_brand":[3663],"product_cat":[1388,974,82],"product_tag":[],"class_list":{"0":"post-413950","1":"product","2":"type-product","3":"status-publish","4":"has-post-thumbnail","6":"product_brand-ortovox-de","7":"product_cat-damenbekleidung","8":"product_cat-freizeitkleidung","9":"product_cat-kleidung","10":"sws-gruppo-abb-libero-de","11":"sws-categoria-sito-de","12":"sws-conto-ricavi-merci-rivendita-abbigliamento-de","13":"sws-gruppo-iva-iva81-de","15":"first","16":"instock","17":"shipping-taxable","18":"purchasable","19":"product-type-variable"},"_links":{"self":[{"href":"https:\/\/lucacastelli.com\/de\/wp-json\/wp\/v2\/product\/413950","targetHints":{"allow":["GET"]}}],"collection":[{"href":"https:\/\/lucacastelli.com\/de\/wp-json\/wp\/v2\/product"}],"about":[{"href":"https:\/\/lucacastelli.com\/de\/wp-json\/wp\/v2\/types\/product"}],"wp:featuredmedia":[{"embeddable":true,"href":"https:\/\/lucacastelli.com\/de\/wp-json\/wp\/v2\/media\/37246"}],"wp:attachment":[{"href":"https:\/\/lucacastelli.com\/de\/wp-json\/wp\/v2\/media?parent=413950"}],"wp:term":[{"taxonomy":"product_brand","embeddable":true,"href":"https:\/\/lucacastelli.com\/de\/wp-json\/wp\/v2\/product_brand?post=413950"},{"taxonomy":"product_cat","embeddable":true,"href":"https:\/\/lucacastelli.com\/de\/wp-json\/wp\/v2\/product_cat?post=413950"},{"taxonomy":"product_tag","embeddable":true,"href":"https:\/\/lucacastelli.com\/de\/wp-json\/wp\/v2\/product_tag?post=413950"}],"curies":[{"name":"wp","href":"https:\/\/api.w.org\/{rel}","templated":true}]}}