{"id":413937,"date":"2024-04-01T07:55:52","date_gmt":"2024-04-01T05:55:52","guid":{"rendered":"https:\/\/lucacastelli.com\/prodotto\/ortovox-brenta-hose-w\/"},"modified":"2026-04-17T23:39:11","modified_gmt":"2026-04-17T21:39:11","slug":"ortovox-brenta-hose-w","status":"publish","type":"product","link":"https:\/\/lucacastelli.com\/de\/produkt\/ortovox-brenta-hose-w\/","title":{"rendered":"ORTOVOX BRENTA PANT W"},"content":{"rendered":"<p>EIGENSCHAFTEN<br \/>\n&#8211; Strapazierf\u00e4hig<br \/>\n&#8211; Wasserabweisend<br \/>\n&#8211; Sehr elastisch<\/p>\n<p>Entwickelt f\u00fcr alpine Abenteuer: die leichte BRENTA PANT f\u00fcr Damen, die dem Kontakt mit Fels standh\u00e4lt und jeder Ihrer Bewegungen folgt.<\/p>\n<p>Das strapazierf\u00e4hige SHIELD LIGHT Material h\u00e4lt \u00fcber 80.000 Abriebzyklen im Martindale-Test stand und ist eines der robustesten Gewebe von ORTOVOX. Das 4-Wege-Stretchmaterial garantiert optimale Bewegungsfreiheit am Berg und ist zudem atmungsaktiv, wasserabweisend und schnelltrocknend. <\/p>\n<p>Dank des neuen weiten Schnitts hat die Hose eine bequeme und moderne Passform. Der integrierte G\u00fcrtel l\u00e4sst sich mit einem einfachen Handgriff dank eines Hakens schliessen und muss beim An- und Ausziehen der Hose nicht mehr ge\u00f6ffnet werden. <\/p>\n<p>Zwei ger\u00e4umige Fronttaschen mit Reissverschluss bieten viel Platz f\u00fcr Schl\u00fcssel oder Geld, w\u00e4hrend die Oberschenkeltasche mit verdecktem Reissverschluss und eingefasstem Saum zus\u00e4tzlichen Stauraum und einen cleanen Look bietet. Merino-Netzeins\u00e4tze im Bund- und Taschenbereich sorgen f\u00fcr h\u00f6heren Komfort. <\/p>\n<p>Die BRENTA PANT f\u00fcr Damen ist PFC-frei und klimaneutral.<\/p>\n<p>PRODUKTEIGENSCHAFTEN<br \/>\nWeitenverstellbarer Saum<br \/>\n2 Fronttaschen mit Reissverschluss<br \/>\n1 Oberschenkeltasche mit Reissverschluss<br \/>\nMerino-Netzeins\u00e4tze innen<br \/>\nVerstellbare Beinabschl\u00fcsse<br \/>\nRegul\u00e4re Passform<\/p>\n<p>MATERIALEIGENSCHAFTEN<br \/>\nSHIELD LIGHT: strapazierf\u00e4hig (&gt; 80.000 Abriebzyklen im Martindale-Test), grosse Bewegungsfreiheit, atmungsaktiv, schnelltrocknend, wasserabweisend (dank PFC-freier DWR-Ausr\u00fcstung), 4-Wege-Stretchmaterial.<\/p>\n<p>HAUPTMATERIAL: 91 % Polyamid + 9 % Elastan FUTTER: 72 % Polyester + 28 % Schurwolle (MERINO)<\/p>\n","protected":false},"excerpt":{"rendered":"<p>EIGENSCHAFTEN &#8211; Strapazierf\u00e4hig &#8211; Wasserabweisend &#8211; Sehr elastisch Entwickelt f\u00fcr alpine Abenteuer: die leichte BRENTA PANT f\u00fcr Damen, die dem<\/p>\n","protected":false},"featured_media":37250,"template":"","meta":{"_seopress_robots_primary_cat":"none","_seopress_titles_title":"","_seopress_titles_desc":"","_seopress_robots_index":""},"product_brand":[3663],"product_cat":[1388,974,82],"product_tag":[],"class_list":{"0":"post-413937","1":"product","2":"type-product","3":"status-publish","4":"has-post-thumbnail","6":"product_brand-ortovox-de","7":"product_cat-damenbekleidung","8":"product_cat-freizeitkleidung","9":"product_cat-kleidung","10":"sws-gruppo-abb-libero-de","11":"sws-conto-ricavi-merci-rivendita-abbigliamento-de","12":"sws-gruppo-iva-iva81-de","14":"first","15":"instock","16":"shipping-taxable","17":"purchasable","18":"product-type-variable"},"_links":{"self":[{"href":"https:\/\/lucacastelli.com\/de\/wp-json\/wp\/v2\/product\/413937","targetHints":{"allow":["GET"]}}],"collection":[{"href":"https:\/\/lucacastelli.com\/de\/wp-json\/wp\/v2\/product"}],"about":[{"href":"https:\/\/lucacastelli.com\/de\/wp-json\/wp\/v2\/types\/product"}],"wp:featuredmedia":[{"embeddable":true,"href":"https:\/\/lucacastelli.com\/de\/wp-json\/wp\/v2\/media\/37250"}],"wp:attachment":[{"href":"https:\/\/lucacastelli.com\/de\/wp-json\/wp\/v2\/media?parent=413937"}],"wp:term":[{"taxonomy":"product_brand","embeddable":true,"href":"https:\/\/lucacastelli.com\/de\/wp-json\/wp\/v2\/product_brand?post=413937"},{"taxonomy":"product_cat","embeddable":true,"href":"https:\/\/lucacastelli.com\/de\/wp-json\/wp\/v2\/product_cat?post=413937"},{"taxonomy":"product_tag","embeddable":true,"href":"https:\/\/lucacastelli.com\/de\/wp-json\/wp\/v2\/product_tag?post=413937"}],"curies":[{"name":"wp","href":"https:\/\/api.w.org\/{rel}","templated":true}]}}