{"id":413930,"date":"2023-09-28T07:37:19","date_gmt":"2023-09-28T05:37:19","guid":{"rendered":"https:\/\/lucacastelli.com\/prodotto\/ortovox-col-becchei-hose-w\/"},"modified":"2026-04-17T23:58:36","modified_gmt":"2026-04-17T21:58:36","slug":"ortovox-col-becchei-hose-w","status":"publish","type":"product","link":"https:\/\/lucacastelli.com\/de\/produkt\/ortovox-col-becchei-hose-w\/","title":{"rendered":"ORTOVOX COL BECCHEI PANTS W"},"content":{"rendered":"<p>ATHLETISCH UND NACHHALTIG<br \/>\nELASTISCHE, LEICHTE UND ATMUNGSAKTIVE HOSE F\u00dcR ANSPRUCHSVOLLE SKITOUREN<br \/>\nHIGHLIGHTS<br \/>\nExtrem atmungsaktiv<br \/>\nWasserabweisend und winddicht<br \/>\nElastische Materialien f\u00fcr maximale Bewegungsfreiheit<br \/>\nAnstrengende Aufstiege, steile Abfahrten: Die COL BECCHEI PANTS f\u00fcr Damen wurden speziell f\u00fcr anspruchsvolle Skitouren entwickelt.<\/p>\n<p>Um diese athletisch geschnittene Skitourenhose besonders leicht, elastisch und robust zu machen, verwenden wir MERINO NATURETEC LIGHT als Hauptmaterial: Es sorgt f\u00fcr maximale Atmungsaktivit\u00e4t und Elastizit\u00e4t bei gleichzeitiger Winddichte. Innen sorgt tasmanische Merinowolle f\u00fcr hohen Tragekomfort und nat\u00fcrliche Temperaturregulierung. Der Umwelt zuliebe ist die Hose PFC-frei und klimaneutral.  <\/p>\n<p>Die Skitourenhose verf\u00fcgt \u00fcber ergonomisch vorgeformte Kniebereiche und bietet dank der Elastizit\u00e4t des Materials eine besonders hohe Bewegungsfreiheit. Der verstellbare G\u00fcrtel am Bund und die elastischen Beinabschl\u00fcsse sorgen f\u00fcr eine perfekte Passform. Kleinere Gegenst\u00e4nde, wie zum Beispiel eine Karte, k\u00f6nnen in den zwei Seitentaschen oder der Oberschenkeltasche verstaut werden. Der umlaufende Kantenschutz macht sie robust und langlebig.   <\/p>\n<p>Die COL BECCHEI PANTS f\u00fcr Damen sind die idealen Begleiter f\u00fcr Skitouren, auch wenn die Bedingungen hohe Leistung erfordern.<\/p>\n<p>FEATURES<br \/>\nElastischer und weitenregulierbarer Merino-G\u00fcrtel (Klettverschluss)<br \/>\n2 Seitentaschen<br \/>\n1 Oberschenkeltasche<br \/>\nVorgeformter Kniebereich<br \/>\nKantenschutz mit schoeller\u00ae<br \/>\nElastischer, verstellbarer Beinabschluss: Rei\u00dfverschluss + Kn\u00f6pfe<br \/>\nAthletic Fit<br \/>\nMATERIALEIGENSCHAFTEN<br \/>\nWasserabweisend<br \/>\nExtrem atmungsaktiv<br \/>\nElastisch<br \/>\nAbriebfest<br \/>\nMerinowolle auf der Haut<br \/>\nPFC-frei: Wasser und Schmutz perlen ab<br \/>\nMATERIAL<br \/>\nZum Materiallexikon<\/p>\n<p>MATERIAL PANT HAUPTMATERIAL: 75 % Polyamid + 18 % Wolle (MERINO OWP) + 7 % Elasthan<\/p>\n","protected":false},"excerpt":{"rendered":"<p>ATHLETISCH UND NACHHALTIG ELASTISCHE, LEICHTE UND ATMUNGSAKTIVE HOSE F\u00dcR ANSPRUCHSVOLLE SKITOUREN HIGHLIGHTS Extrem atmungsaktiv Wasserabweisend und winddicht Elastische Materialien f\u00fcr<\/p>\n","protected":false},"featured_media":37106,"template":"","meta":{"_seopress_robots_primary_cat":"none","_seopress_titles_title":"","_seopress_titles_desc":"","_seopress_robots_index":""},"product_brand":[3663],"product_cat":[82,974,1388],"product_tag":[],"class_list":{"0":"post-413930","1":"product","2":"type-product","3":"status-publish","4":"has-post-thumbnail","6":"product_brand-ortovox-de","7":"product_cat-kleidung","8":"product_cat-freizeitkleidung","9":"product_cat-damenbekleidung","11":"first","12":"instock","13":"shipping-taxable","14":"purchasable","15":"product-type-variable"},"_links":{"self":[{"href":"https:\/\/lucacastelli.com\/de\/wp-json\/wp\/v2\/product\/413930","targetHints":{"allow":["GET"]}}],"collection":[{"href":"https:\/\/lucacastelli.com\/de\/wp-json\/wp\/v2\/product"}],"about":[{"href":"https:\/\/lucacastelli.com\/de\/wp-json\/wp\/v2\/types\/product"}],"wp:featuredmedia":[{"embeddable":true,"href":"https:\/\/lucacastelli.com\/de\/wp-json\/wp\/v2\/media\/37106"}],"wp:attachment":[{"href":"https:\/\/lucacastelli.com\/de\/wp-json\/wp\/v2\/media?parent=413930"}],"wp:term":[{"taxonomy":"product_brand","embeddable":true,"href":"https:\/\/lucacastelli.com\/de\/wp-json\/wp\/v2\/product_brand?post=413930"},{"taxonomy":"product_cat","embeddable":true,"href":"https:\/\/lucacastelli.com\/de\/wp-json\/wp\/v2\/product_cat?post=413930"},{"taxonomy":"product_tag","embeddable":true,"href":"https:\/\/lucacastelli.com\/de\/wp-json\/wp\/v2\/product_tag?post=413930"}],"curies":[{"name":"wp","href":"https:\/\/api.w.org\/{rel}","templated":true}]}}