{"id":413925,"date":"2023-09-28T07:14:09","date_gmt":"2023-09-28T05:14:09","guid":{"rendered":"https:\/\/lucacastelli.com\/prodotto\/ortovox-fleece-hoody-w\/"},"modified":"2026-04-17T23:58:32","modified_gmt":"2026-04-17T21:58:32","slug":"ortovox-fleece-hoody-w","status":"publish","type":"product","link":"https:\/\/lucacastelli.com\/de\/produkt\/ortovox-fleece-hoody-w\/","title":{"rendered":"ORTOVOX FLEECE HOODY W"},"content":{"rendered":"<p>BEREIT F\u00dcR DEN WINTER<br \/>\nWARMER FLEECE-HOODY AUS RECYCELTEM POLYESTER UND MERINO F\u00dcR KALTE, TROCKENE TAGE<br \/>\nHIGHLIGHTS<br \/>\nMehr Komfort und optimale Temperatur<br \/>\nWiderstandsf\u00e4hig und atmungsaktiv<br \/>\nBesonders nachhaltig dank Wolle und recyceltem Polyester<br \/>\nDer FLEECE HOODY f\u00fcr Damen ist ein unverzichtbares Kleidungsst\u00fcck, das an kalten Wintertagen in den Bergen volle Funktionalit\u00e4t, Bewegungsfreiheit und nat\u00fcrlichen Klimakomfort bietet.<\/p>\n<p>Die spezielle Strickverarbeitung dieses bew\u00e4hrten Fleecepullovers mit Kapuze verleiht ihm eine matte Oberfl\u00e4che, die den schlichten und sportlichen Look unterstreicht. Die hochwertigen Verarbeitungsmaterialien sind zudem vollst\u00e4ndig nachhaltig. Die au\u00dfergew\u00f6hnliche Kombination aus weicher Merinowolle auf der Innenseite und recyceltem Polyester auf der Au\u00dfenseite macht ihn zu einem \u00e4u\u00dferst strapazierf\u00e4higen und atmungsaktiven Kleidungsst\u00fcck.  <\/p>\n<p>Da das MERINO FLEECE sehr elastisch ist, passt sich der FLEECE HOODY f\u00fcr Damen optimal dem K\u00f6rper an und bietet maximale Bewegungsfreiheit. Die weiche Merinowolle, die auf nat\u00fcrliche Weise Feuchtigkeit und Temperatur reguliert, sorgt f\u00fcr eine optimale K\u00f6rpertemperatur und ist angenehm auf der Haut. <\/p>\n<p>Die zwei Seitentaschen mit traditionellem Loden der Firma STEINER halten die H\u00e4nde warm und bieten Platz f\u00fcr wichtige Kleinigkeiten, die stets griffbereit sein m\u00fcssen. Dank der speziellen Verarbeitungstechnik schliessen die Daumenschlaufen optimal ab und verhindern so einen W\u00e4rmeverlust. Damit ist unser FLEECE HOODY f\u00fcr Damen bereit f\u00fcr all Ihre Winteraktivit\u00e4ten, ob am Berg oder im Tal.  <\/p>\n<p>EIGENSCHAFTEN<br \/>\nSch\u00fctzende Kapuze<br \/>\n2 Fronttaschen<br \/>\nDaumenschlaufen<br \/>\nRegular Fit<br \/>\nMATERIALEIGENSCHAFTEN<br \/>\nMerinowolle auf der Haut<br \/>\nHohe Atmungsaktivit\u00e4t<br \/>\nElastischer<br \/>\nLanglebigkeit und Widerstandsf\u00e4higkeit<br \/>\nSchnelltrocknend<br \/>\nHoher Tragekomfort<br \/>\nMATERIAL<br \/>\nZum Materiallexikon<\/p>\n<p>HAUPTMATERIAL: 64 % Polyester (recycelt) + 30 % Schurwolle (OWP-Merino) + 6 % Elastan EINS\u00c4TZE: 100 % Schurwolle (OWP-MERINO)<\/p>\n<p>MERINO INSIDE<br \/>\nUnsere nachhaltige MERINOWOLLE stammt aus kontrollierten Betrieben, in denen die Tiere ein gl\u00fcckliches Dasein f\u00fchren. Sie ist angenehm weich und pflegeleicht und bietet dank optimaler Temperatur- und Feuchtigkeitsregulierung einen hohen Tragekomfort. <\/p>\n<p>LODEN STEINER<br \/>\nSeit Jahrhunderten wird Loden zum Schutz vor Witterungseinfl\u00fcssen eingesetzt. Heute kombiniert ORTOVOX den hochwertigen, traditionellen Loden der \u00f6sterreichischen Marke STEINER mit Materialien der neuen Generation. <\/p>\n","protected":false},"excerpt":{"rendered":"<p>BEREIT F\u00dcR DEN WINTER WARMER FLEECE-HOODY AUS RECYCELTEM POLYESTER UND MERINO F\u00dcR KALTE, TROCKENE TAGE HIGHLIGHTS Mehr Komfort und optimale<\/p>\n","protected":false},"featured_media":37043,"template":"","meta":{"_seopress_robots_primary_cat":"none","_seopress_titles_title":"","_seopress_titles_desc":"","_seopress_robots_index":""},"product_brand":[3663],"product_cat":[82,974,1388],"product_tag":[],"class_list":{"0":"post-413925","1":"product","2":"type-product","3":"status-publish","4":"has-post-thumbnail","6":"product_brand-ortovox-de","7":"product_cat-kleidung","8":"product_cat-freizeitkleidung","9":"product_cat-damenbekleidung","11":"first","12":"instock","13":"shipping-taxable","14":"purchasable","15":"product-type-variable"},"_links":{"self":[{"href":"https:\/\/lucacastelli.com\/de\/wp-json\/wp\/v2\/product\/413925","targetHints":{"allow":["GET"]}}],"collection":[{"href":"https:\/\/lucacastelli.com\/de\/wp-json\/wp\/v2\/product"}],"about":[{"href":"https:\/\/lucacastelli.com\/de\/wp-json\/wp\/v2\/types\/product"}],"wp:featuredmedia":[{"embeddable":true,"href":"https:\/\/lucacastelli.com\/de\/wp-json\/wp\/v2\/media\/37043"}],"wp:attachment":[{"href":"https:\/\/lucacastelli.com\/de\/wp-json\/wp\/v2\/media?parent=413925"}],"wp:term":[{"taxonomy":"product_brand","embeddable":true,"href":"https:\/\/lucacastelli.com\/de\/wp-json\/wp\/v2\/product_brand?post=413925"},{"taxonomy":"product_cat","embeddable":true,"href":"https:\/\/lucacastelli.com\/de\/wp-json\/wp\/v2\/product_cat?post=413925"},{"taxonomy":"product_tag","embeddable":true,"href":"https:\/\/lucacastelli.com\/de\/wp-json\/wp\/v2\/product_tag?post=413925"}],"curies":[{"name":"wp","href":"https:\/\/api.w.org\/{rel}","templated":true}]}}