{"id":413906,"date":"2023-09-28T07:11:27","date_gmt":"2023-09-28T05:11:27","guid":{"rendered":"https:\/\/lucacastelli.com\/prodotto\/ortovox-150-cool-clean-ls-w\/"},"modified":"2026-04-18T00:00:37","modified_gmt":"2026-04-17T22:00:37","slug":"ortovox-150-cool-clean-ls-w","status":"publish","type":"product","link":"https:\/\/lucacastelli.com\/de\/produkt\/ortovox-150-cool-clean-ls-w\/","title":{"rendered":"ORTOVOX 150 COOL CLEAN LS W"},"content":{"rendered":"<p>K\u00dcHL UND STRAPAZIERF\u00c4HIG<br \/>\nBEQUEMES UND LANGLEBIGES MERINO-WOLLSHIRT MIT ANGENEHMEM FRISCHEEFFEKT F\u00dcR ALLE IHRE BERGTOUREN<br \/>\nHIGHLIGHTS<br \/>\nK\u00fchlender Effekt<br \/>\nBesonders strapazierf\u00e4hig<br \/>\nReguliert Temperatur und Feuchtigkeit<br \/>\nDas 150 COOL CLEAN LONGSLEEVE f\u00fcr Damen ist dank seines strapazierf\u00e4higen Garns und der nat\u00fcrlich k\u00fchlenden Wirkung der Tencel\u2122 Lyocell-Fasern ideal f\u00fcr alle bewegungsintensiven Bergsportarten. Die BETA-SPUN-Technologie verleiht diesem Longsleeve die n\u00f6tige Stabilit\u00e4t: Eine sch\u00fctzende Polyamidh\u00fclle macht das Gewebe abrieb- und reissfest. Die hochwertigen Merinowollfasern bieten gleichzeitig einzigartigen Komfort und sorgen f\u00fcr eine optimale K\u00f6rpertemperatur, w\u00e4hrend die Tencel\u2122-Fasern dank ihrer glatten Oberfl\u00e4che und des hohen Verdunstungsgrades die Haut k\u00fchlen. Dank seiner sportlichen Passform und des schlichten Designs macht das 150 COOL CLEAN LONGSLEEVE f\u00fcr Damen auch optisch eine gute Figur.   <\/p>\n<p>MATERIALEIGENSCHAFTEN<br \/>\nBETA-SPUN TECHNOLOGIE BY \u00a9 S\u00dcDWOLLE GROUP<br \/>\nHoher Tragekomfort<br \/>\nLanglebigkeit<br \/>\nStrapazierf\u00e4hig<br \/>\nLyocell TENCEL\u2122: k\u00fchlender Effekt, schnelle Trocknung und Nachhaltigkeit der Naturfaserproduktion<br \/>\nMATERIAL<br \/>\nZum Materiallexikon<\/p>\n<p>44 % Schurwolle (MERINO) + 43 % Lyocell (TENCEL\u2122) + 13 % Polyamid<\/p>\n<p>TENCEL<br \/>\nLYOCELL von TENCEL\u2122 besteht aus nachhaltig produzierten Zellulosefasern, die sich durch eine glatte Oberfl\u00e4che mit hoher Verdunstungsk\u00fchlung auszeichnen und einen nat\u00fcrlichen K\u00fchleffekt erzeugen, der den K\u00f6rper frisch h\u00e4lt.<\/p>\n<p>MERINO INSIDE<br \/>\nUnsere nachhaltige MERINOWOLLE stammt aus kontrollierten Betrieben, in denen die Tiere ein gl\u00fcckliches Dasein f\u00fchren. Sie ist angenehm weich und pflegeleicht und bietet dank optimaler Temperatur- und Feuchtigkeitsregulierung einen hohen Tragekomfort. <\/p>\n","protected":false},"excerpt":{"rendered":"<p>K\u00dcHL UND STRAPAZIERF\u00c4HIG BEQUEMES UND LANGLEBIGES MERINO-WOLLSHIRT MIT ANGENEHMEM FRISCHEEFFEKT F\u00dcR ALLE IHRE BERGTOUREN HIGHLIGHTS K\u00fchlender Effekt Besonders strapazierf\u00e4hig Reguliert<\/p>\n","protected":false},"featured_media":37028,"template":"","meta":{"_seopress_robots_primary_cat":"none","_seopress_titles_title":"","_seopress_titles_desc":"","_seopress_robots_index":""},"product_brand":[3663],"product_cat":[1388,974,82],"product_tag":[],"class_list":{"0":"post-413906","1":"product","2":"type-product","3":"status-publish","4":"has-post-thumbnail","6":"product_brand-ortovox-de","7":"product_cat-damenbekleidung","8":"product_cat-freizeitkleidung","9":"product_cat-kleidung","11":"first","12":"instock","13":"shipping-taxable","14":"purchasable","15":"product-type-variable"},"_links":{"self":[{"href":"https:\/\/lucacastelli.com\/de\/wp-json\/wp\/v2\/product\/413906","targetHints":{"allow":["GET"]}}],"collection":[{"href":"https:\/\/lucacastelli.com\/de\/wp-json\/wp\/v2\/product"}],"about":[{"href":"https:\/\/lucacastelli.com\/de\/wp-json\/wp\/v2\/types\/product"}],"wp:featuredmedia":[{"embeddable":true,"href":"https:\/\/lucacastelli.com\/de\/wp-json\/wp\/v2\/media\/37028"}],"wp:attachment":[{"href":"https:\/\/lucacastelli.com\/de\/wp-json\/wp\/v2\/media?parent=413906"}],"wp:term":[{"taxonomy":"product_brand","embeddable":true,"href":"https:\/\/lucacastelli.com\/de\/wp-json\/wp\/v2\/product_brand?post=413906"},{"taxonomy":"product_cat","embeddable":true,"href":"https:\/\/lucacastelli.com\/de\/wp-json\/wp\/v2\/product_cat?post=413906"},{"taxonomy":"product_tag","embeddable":true,"href":"https:\/\/lucacastelli.com\/de\/wp-json\/wp\/v2\/product_tag?post=413906"}],"curies":[{"name":"wp","href":"https:\/\/api.w.org\/{rel}","templated":true}]}}