{"id":413891,"date":"2023-09-28T07:09:25","date_gmt":"2023-09-28T05:09:25","guid":{"rendered":"https:\/\/lucacastelli.com\/prodotto\/ortovox-150-cool-kugelschreiber-ts-w\/"},"modified":"2026-03-01T00:24:33","modified_gmt":"2026-02-28T23:24:33","slug":"ortovox-150-cool-kugelschreiber-ts-w","status":"publish","type":"product","link":"https:\/\/lucacastelli.com\/de\/produkt\/ortovox-150-cool-kugelschreiber-ts-w\/","title":{"rendered":"ORTOVOX 150 COOL KUGELSCHREIBER TS W"},"content":{"rendered":"<p>K\u00dcHLES UND STRAPAZIERF\u00c4HIGES<br \/>\nKOMFORTABLES UND STRAPAZIERF\u00c4HIGES MERINO-TRIKOT MIT K\u00dcHLEFFEKT F\u00dcR<br \/>\nALPINE TOUREN HIGHLIGHTS\u2022<\/p>\n<p> K\u00fchleffekt\u2022 Besonders strapazierf\u00e4hig<br \/>\n\u2022 Temperatur- und Feuchtigkeitsregulierung<\/p>\n<p>Das 150 COOL BALLPEN T-Shirt f\u00fcr Damen ist dank seines robusten Garns und der nat\u00fcrlich k\u00fchlenden Wirkung der TencelTM Fasern ideal f\u00fcr l\u00e4ngere und intensivere Skitouren.<\/p>\n<p>Die Betaspun-Technologie der S\u00fcdwolle Group verleiht dem Trikot die n\u00f6tige Stabilit\u00e4t: Dank der sch\u00fctzenden Polyamidh\u00fclle weist das Gewebe eine h\u00f6here Abrieb- und Rei\u00dffestigkeit auf, w\u00e4hrend die Vorteile der nat\u00fcrlichen Merino- und Tencelfasern\u2122 erhalten bleiben. Gleichzeitig garantieren die hochwertigen Merinofasern einen au\u00dfergew\u00f6hnlichen Tragekomfort und ein optimales K\u00f6rperklima, w\u00e4hrend die nachhaltigen Fasern aus TencelTM dank ihrer glatten Oberfl\u00e4che und hohen Atmungsaktivit\u00e4t bei hei\u00dfem Wetter abk\u00fchlen. <\/p>\n<p>Der sportliche Schnitt, die modernen Farben und der dezente Bergprint auf der R\u00fcckseite machen das 150 COOL BALLPEN T-Shirt f\u00fcr Damen zu einem echten Must-Have f\u00fcr den Winter.<\/p>\n<p>MATERIALEIGENSCHAFTEN<br \/>\nBETA-SPUN TECHNOLOGIE BY \u00a9 S\u00dcDWOLLE GROUP<br \/>\nHoher Tragekomfort<\/p>\n<p>Langlebiges<br \/>\nLyocell TENCEL: \u2122 K\u00fchleffekt, schnelle Trocknung und Nachhaltigkeit der Naturfaserproduktion<br \/>\nMATERIAL<br \/>\nZum Materiallexikon<\/p>\n<p>44 % Schurwolle (MERINO) + 43 % Lyocell (TENCEL) \u2122 + 13 % Polyamid<\/p>\n<p>MERINO INSIDE<br \/>\nUnsere nachhaltige MERINOWOLLE stammt aus kontrollierten Farmen, in denen Tiere ein gl\u00fcckliches Dasein f\u00fchren. Es handelt sich um eine angenehm weiche und pflegeleichte Wolle, die dank der optimalen Regulierung von Temperatur und Luftfeuchtigkeit einen hohen Tragekomfort bietet. <\/p>\n<p>TENCEL<br \/>\nLYOCELL von TENCEL\u2122 wird aus nachhaltig produzierten Zellulosefasern mit einer glatten Oberfl\u00e4che mit hoher Verdunstungsk\u00e4lte hergestellt, die einen nat\u00fcrlichen K\u00fchleffekt erzeugen und gleichzeitig den K\u00f6rper k\u00fchl halten.<\/p>\n","protected":false},"excerpt":{"rendered":"<p>K\u00dcHLES UND STRAPAZIERF\u00c4HIGES KOMFORTABLES UND STRAPAZIERF\u00c4HIGES MERINO-TRIKOT MIT K\u00dcHLEFFEKT F\u00dcR ALPINE TOUREN HIGHLIGHTS\u2022 K\u00fchleffekt\u2022 Besonders strapazierf\u00e4hig \u2022 Temperatur- und Feuchtigkeitsregulierung<\/p>\n","protected":false},"featured_media":37009,"template":"","meta":{"_seopress_robots_primary_cat":"","_seopress_titles_title":"","_seopress_titles_desc":"","_seopress_robots_index":""},"product_brand":[3663],"product_cat":[82,974,1388],"product_tag":[],"class_list":{"0":"post-413891","1":"product","2":"type-product","3":"status-publish","4":"has-post-thumbnail","6":"product_brand-ortovox-de","7":"product_cat-kleidung","8":"product_cat-freizeitkleidung","9":"product_cat-damenbekleidung","11":"first","12":"instock","13":"shipping-taxable","14":"purchasable","15":"product-type-variable"},"_links":{"self":[{"href":"https:\/\/lucacastelli.com\/de\/wp-json\/wp\/v2\/product\/413891","targetHints":{"allow":["GET"]}}],"collection":[{"href":"https:\/\/lucacastelli.com\/de\/wp-json\/wp\/v2\/product"}],"about":[{"href":"https:\/\/lucacastelli.com\/de\/wp-json\/wp\/v2\/types\/product"}],"wp:featuredmedia":[{"embeddable":true,"href":"https:\/\/lucacastelli.com\/de\/wp-json\/wp\/v2\/media\/37009"}],"wp:attachment":[{"href":"https:\/\/lucacastelli.com\/de\/wp-json\/wp\/v2\/media?parent=413891"}],"wp:term":[{"taxonomy":"product_brand","embeddable":true,"href":"https:\/\/lucacastelli.com\/de\/wp-json\/wp\/v2\/product_brand?post=413891"},{"taxonomy":"product_cat","embeddable":true,"href":"https:\/\/lucacastelli.com\/de\/wp-json\/wp\/v2\/product_cat?post=413891"},{"taxonomy":"product_tag","embeddable":true,"href":"https:\/\/lucacastelli.com\/de\/wp-json\/wp\/v2\/product_tag?post=413891"}],"curies":[{"name":"wp","href":"https:\/\/api.w.org\/{rel}","templated":true}]}}