{"id":413885,"date":"2023-09-28T07:05:26","date_gmt":"2023-09-28T05:05:26","guid":{"rendered":"https:\/\/lucacastelli.com\/prodotto\/ortovox-freeride-lange-socken-cozy-m\/"},"modified":"2025-06-29T02:07:16","modified_gmt":"2025-06-29T00:07:16","slug":"ortovox-freeride-lange-socken-cozy-m","status":"publish","type":"product","link":"https:\/\/lucacastelli.com\/de\/produkt\/ortovox-freeride-lange-socken-cozy-m\/","title":{"rendered":"ORTOVOX FREERIDE LANGE SOCKEN COZY M"},"content":{"rendered":"<p>W\u00c4RME UND KOMFORT F\u00dcR DIE F\u00dcSSE<br \/>\nWARME, VORGEFORMTE TECHNISCHE FREERIDE-SOCKEN MIT MERINO F\u00dcR MAXIMALEN KOMFORT<br \/>\nIN BEWEIS\u2022<br \/>\n Besonders weiches Fu\u00dfbett f\u00fcr maximale W\u00e4rme und Komfort<br \/>\n\u2022 Spezielles rutschfestes Garn f\u00fcr optimalen Halt im Skischuh<br \/>\n\u2022 Besonders atmungsaktiv, feuchtigkeitsregulierend<\/p>\n<p>Der Name der FREERIDE LONG SOCKS COZY f\u00fcr Herren ist Programm: Selbst an Powder-Tagen halten diese bequemen Kniestr\u00fcmpfe deine F\u00fc\u00dfe warm, damit du das Freeriden genie\u00dfen kannst, ohne unter der K\u00e4lte zu leiden.<\/p>\n<p>M\u00f6glich macht dies das besonders weiche Fu\u00dfbett aus MERINO TERRY Material, das sich angenehm auf der Haut anf\u00fchlt und Temperatur und Feuchtigkeit reguliert. Diese Socken aus Merinowolle sind mit einem speziellen rutschfesten Garn an der Fu\u00dfsohle ausgestattet, das f\u00fcr einen sicheren Halt im Skischuh sorgt. Der bequeme elastische Bund und der ergonomisch vorgeformte Schnitt sorgen f\u00fcr eine optimale Passform, w\u00e4hrend die Polsterung an Ferse und Zehen f\u00fcr zus\u00e4tzlichen Komfort und D\u00e4mpfung sorgt.  <\/p>\n<p>Schlie\u00dflich machen die fr\u00f6hlichen Farben und das moderne Logo-Design die FREERIDE LONG SOCKS COZY f\u00fcr Herren perfekt f\u00fcr lange Freeride-Tage.<\/p>\n<p>FEATURES<br \/>\nFlache Naht an den Fingern Optimierte ergonomische<br \/>\nPassform rechts\/links<br \/>\nKn\u00f6chelstabilisierungszone<br \/>\nAnti-Rutsch-Garn<br \/>\nMATERIAL<br \/>\nZum Materiallexikon<\/p>\n<p>55 % Wolle (MERINO) + 32 % Polyamid + 10 % Polyamid (recycelt) + 2 % Elasthan + 1 % Polyester<\/p>\n","protected":false},"excerpt":{"rendered":"<p>W\u00c4RME UND KOMFORT F\u00dcR DIE F\u00dcSSE WARME, VORGEFORMTE TECHNISCHE FREERIDE-SOCKEN MIT MERINO F\u00dcR MAXIMALEN KOMFORT IN BEWEIS\u2022 Besonders weiches Fu\u00dfbett<\/p>\n","protected":false},"featured_media":36980,"template":"","meta":{"_seopress_robots_primary_cat":"","_seopress_titles_title":"","_seopress_titles_desc":"","_seopress_robots_index":""},"product_brand":[3663],"product_cat":[175,1400],"product_tag":[],"class_list":{"0":"post-413885","1":"product","2":"type-product","3":"status-publish","4":"has-post-thumbnail","6":"product_brand-ortovox-de","7":"product_cat-schuhe","8":"product_cat-zubehor-fur-schuhe","10":"first","11":"instock","12":"shipping-taxable","13":"purchasable","14":"product-type-variable"},"_links":{"self":[{"href":"https:\/\/lucacastelli.com\/de\/wp-json\/wp\/v2\/product\/413885","targetHints":{"allow":["GET"]}}],"collection":[{"href":"https:\/\/lucacastelli.com\/de\/wp-json\/wp\/v2\/product"}],"about":[{"href":"https:\/\/lucacastelli.com\/de\/wp-json\/wp\/v2\/types\/product"}],"wp:featuredmedia":[{"embeddable":true,"href":"https:\/\/lucacastelli.com\/de\/wp-json\/wp\/v2\/media\/36980"}],"wp:attachment":[{"href":"https:\/\/lucacastelli.com\/de\/wp-json\/wp\/v2\/media?parent=413885"}],"wp:term":[{"taxonomy":"product_brand","embeddable":true,"href":"https:\/\/lucacastelli.com\/de\/wp-json\/wp\/v2\/product_brand?post=413885"},{"taxonomy":"product_cat","embeddable":true,"href":"https:\/\/lucacastelli.com\/de\/wp-json\/wp\/v2\/product_cat?post=413885"},{"taxonomy":"product_tag","embeddable":true,"href":"https:\/\/lucacastelli.com\/de\/wp-json\/wp\/v2\/product_tag?post=413885"}],"curies":[{"name":"wp","href":"https:\/\/api.w.org\/{rel}","templated":true}]}}