{"id":413827,"date":"2023-03-08T08:21:18","date_gmt":"2023-03-08T07:21:18","guid":{"rendered":"https:\/\/lucacastelli.com\/prodotto\/ortovox-pelmo-shorts-w\/"},"modified":"2025-06-29T02:06:49","modified_gmt":"2025-06-29T00:06:49","slug":"ortovox-pelmo-shorts-w","status":"publish","type":"product","link":"https:\/\/lucacastelli.com\/de\/produkt\/ortovox-pelmo-shorts-w\/","title":{"rendered":"ORTOVOX PELMO SHORTS W"},"content":{"rendered":"<p>SHORTS F\u00dcR JEDEN ANLASS<\/p>\n<p>LEICHTE UND STRAPAZIERF\u00c4HIGE BERGSHORTS, ENGE PASSFORM, LEICHTE HOCHTOUREN<\/p>\n<p>HIGHLIGHTS<br \/>\nleichter<br \/>\nund atmungsaktiver Stretch f\u00fcr maximale Bewegungsfreiheit<br \/>\n, sehr strapazierf\u00e4hig<\/p>\n<p>Die PELMO SHORTS f\u00fcr Damen wurden speziell f\u00fcr die Bed\u00fcrfnisse von Bergsteigerinnen entwickelt, die sich an langen Tagen in den Bergen auf ihre Kleidung verlassen k\u00f6nnen m\u00fcssen, aber mit \u00e4u\u00dferster Leichtigkeit.<\/p>\n<p>Hergestellt aus SHIELD ZERO Material, nimmt die PELMO SHORTS jede Herausforderung in gro\u00dfen H\u00f6hen auf. Dieses vielseitige Kleidungsst\u00fcck zeichnet sich durch hohe Atmungsaktivit\u00e4t, geringes Gewicht, hohe Elastizit\u00e4t und einen au\u00dferordentlich robusten Materialmix aus. Eins\u00e4tze aus Merinowolle an der Taille und in der Tasche sorgen f\u00fcr maximalen Komfort an den richtigen Stellen.  <\/p>\n<p>All diese Eigenschaften haben die PELMO SHORTS f\u00fcr Damen zu einem gro\u00dfen Klassiker gemacht. Diese PFC-freie Hose begleitet dich auf allen alpinen Abenteuern, die Leichtigkeit und Funktionalit\u00e4t erfordern. <\/p>\n","protected":false},"excerpt":{"rendered":"<p>SHORTS F\u00dcR JEDEN ANLASS LEICHTE UND STRAPAZIERF\u00c4HIGE BERGSHORTS, ENGE PASSFORM, LEICHTE HOCHTOUREN HIGHLIGHTS leichter und atmungsaktiver Stretch f\u00fcr maximale Bewegungsfreiheit<\/p>\n","protected":false},"featured_media":36676,"template":"","meta":{"_seopress_robots_primary_cat":"","_seopress_titles_title":"","_seopress_titles_desc":"","_seopress_robots_index":""},"product_brand":[3663],"product_cat":[82,974,1388],"product_tag":[],"class_list":{"0":"post-413827","1":"product","2":"type-product","3":"status-publish","4":"has-post-thumbnail","6":"product_brand-ortovox-de","7":"product_cat-kleidung","8":"product_cat-freizeitkleidung","9":"product_cat-damenbekleidung","11":"first","12":"instock","13":"shipping-taxable","14":"purchasable","15":"product-type-variable"},"_links":{"self":[{"href":"https:\/\/lucacastelli.com\/de\/wp-json\/wp\/v2\/product\/413827","targetHints":{"allow":["GET"]}}],"collection":[{"href":"https:\/\/lucacastelli.com\/de\/wp-json\/wp\/v2\/product"}],"about":[{"href":"https:\/\/lucacastelli.com\/de\/wp-json\/wp\/v2\/types\/product"}],"wp:featuredmedia":[{"embeddable":true,"href":"https:\/\/lucacastelli.com\/de\/wp-json\/wp\/v2\/media\/36676"}],"wp:attachment":[{"href":"https:\/\/lucacastelli.com\/de\/wp-json\/wp\/v2\/media?parent=413827"}],"wp:term":[{"taxonomy":"product_brand","embeddable":true,"href":"https:\/\/lucacastelli.com\/de\/wp-json\/wp\/v2\/product_brand?post=413827"},{"taxonomy":"product_cat","embeddable":true,"href":"https:\/\/lucacastelli.com\/de\/wp-json\/wp\/v2\/product_cat?post=413827"},{"taxonomy":"product_tag","embeddable":true,"href":"https:\/\/lucacastelli.com\/de\/wp-json\/wp\/v2\/product_tag?post=413827"}],"curies":[{"name":"wp","href":"https:\/\/api.w.org\/{rel}","templated":true}]}}