{"id":413780,"date":"2022-12-02T08:03:23","date_gmt":"2022-12-02T07:03:23","guid":{"rendered":"https:\/\/lucacastelli.com\/prodotto\/ortovox-berrino-weste-m\/"},"modified":"2026-04-01T01:51:45","modified_gmt":"2026-03-31T23:51:45","slug":"ortovox-berrino-weste-m","status":"publish","type":"product","link":"https:\/\/lucacastelli.com\/de\/produkt\/ortovox-berrino-weste-m\/","title":{"rendered":"ORTOVOX BERRINO WESTE M"},"content":{"rendered":"<p>EIN HOCHWERTIGER ALLROUNDER<\/p>\n<p>VIELSEITIGE UND LEICHTE SOFTSHELL-WESTE MIT MERINO-FUTTER F\u00dcR SKITOUREN<\/p>\n<p>IN BEWEIS<\/p>\n<p>Ma\u00dfgeschneiderte Materialkombinationen<br \/>\nfunktionales und geradliniges Design<br \/>\nkomfortable K\u00f6rperanpassung durch Stretchmaterial-Eins\u00e4tze<\/p>\n<p>Die BERRINO VEST f\u00fcr Herren ist ein zuverl\u00e4ssiger und besonders vielseitiger Begleiter f\u00fcr aufregende Skitouren, bei denen das Wesentliche zu einer besseren Performance beitr\u00e4gt.<\/p>\n<p>Das Innenfutter aus tasmanischer Merinowolle mit Mesh-Struktur sorgt f\u00fcr eine gute Isolierung und ein angenehmes Tragegef\u00fchl auf der Haut. Die Au\u00dfenseite ist abriebfest und sch\u00fctzt vor Wind und Wetter. Dank des bi-elastischen Stretch-Materials macht die leichte Softshell-Weste jede Bewegung mit.  <\/p>\n<p>Raffinierte Details wie elastische S\u00e4ume, ein hei\u00dfversiegelter Jackensaum und ein doppellagiger Kragen verleihen der leichten Softshellweste eine klare, stromlinienf\u00f6rmige Silhouette.<\/p>\n<p>Die BERRINO VEST f\u00fcr Herren ist daher ein zuverl\u00e4ssiger Begleiter, perfekt, um das Vergn\u00fcgen einer Skitourenreise in vollen Z\u00fcgen zu genie\u00dfen.<\/p>\n","protected":false},"excerpt":{"rendered":"<p>EIN HOCHWERTIGER ALLROUNDER VIELSEITIGE UND LEICHTE SOFTSHELL-WESTE MIT MERINO-FUTTER F\u00dcR SKITOUREN IN BEWEIS Ma\u00dfgeschneiderte Materialkombinationen funktionales und geradliniges Design komfortable<\/p>\n","protected":false},"featured_media":36530,"template":"","meta":{"_seopress_robots_primary_cat":"none","_seopress_titles_title":"","_seopress_titles_desc":"","_seopress_robots_index":""},"product_brand":[3280],"product_cat":[21,189,190],"product_tag":[],"class_list":{"0":"post-413780","1":"product","2":"type-product","3":"status-publish","4":"has-post-thumbnail","6":"product_brand-ortovox","7":"product_cat-abbigliamento","8":"product_cat-abbigliamento-per-il-tempo-libero","9":"product_cat-abbigliamento-da-uomo","10":"sws-gruppo-abb-libero-de","11":"sws-gruppo-iva-iva81-de","13":"first","14":"instock","15":"shipping-taxable","16":"purchasable","17":"product-type-variable"},"_links":{"self":[{"href":"https:\/\/lucacastelli.com\/de\/wp-json\/wp\/v2\/product\/413780","targetHints":{"allow":["GET"]}}],"collection":[{"href":"https:\/\/lucacastelli.com\/de\/wp-json\/wp\/v2\/product"}],"about":[{"href":"https:\/\/lucacastelli.com\/de\/wp-json\/wp\/v2\/types\/product"}],"wp:featuredmedia":[{"embeddable":true,"href":"https:\/\/lucacastelli.com\/de\/wp-json\/wp\/v2\/media\/36530"}],"wp:attachment":[{"href":"https:\/\/lucacastelli.com\/de\/wp-json\/wp\/v2\/media?parent=413780"}],"wp:term":[{"taxonomy":"product_brand","embeddable":true,"href":"https:\/\/lucacastelli.com\/de\/wp-json\/wp\/v2\/product_brand?post=413780"},{"taxonomy":"product_cat","embeddable":true,"href":"https:\/\/lucacastelli.com\/de\/wp-json\/wp\/v2\/product_cat?post=413780"},{"taxonomy":"product_tag","embeddable":true,"href":"https:\/\/lucacastelli.com\/de\/wp-json\/wp\/v2\/product_tag?post=413780"}],"curies":[{"name":"wp","href":"https:\/\/api.w.org\/{rel}","templated":true}]}}