{"id":413766,"date":"2022-10-21T07:10:06","date_gmt":"2022-10-21T05:10:06","guid":{"rendered":"https:\/\/lucacastelli.com\/prodotto\/ortovox-fleeceweste-w\/"},"modified":"2026-04-18T01:28:16","modified_gmt":"2026-04-17T23:28:16","slug":"ortovox-fleeceweste-w","status":"publish","type":"product","link":"https:\/\/lucacastelli.com\/de\/produkt\/ortovox-fleeceweste-w\/","title":{"rendered":"ORTOVOX FLEECE WESTE W"},"content":{"rendered":"<p>BEREIT F\u00dcR DEN WINTER<\/p>\n<p>WARMER FLEECE-HOODY, RECYCELTES POLYESTER UND MERINO F\u00dcR KALTE UND TROCKENE TAGE<\/p>\n<p>HIGHLIGHTS<\/p>\n<p>Mehr Komfort und optimale Temperatur<br \/>\nwiderstandsf\u00e4hig und atmungsaktiv<br \/>\nbesonders nachhaltig dank Wolle und recyceltem Polyester<\/p>\n<p>Die FLEECE WESTE f\u00fcr Damen ist ein unverzichtbares Kleidungsst\u00fcck, das Funktionalit\u00e4t, Bewegungsfreiheit und nat\u00fcrlichen Klimakomfort bietet \u2013 ideal f\u00fcr kalte Wintertage in den Bergen.<\/p>\n<p>Die Oberfl\u00e4chenoptik der neuen Verarbeitung dieses bew\u00e4hrten Fleece-Kleidungsst\u00fccks unterstreicht den schlichten und sportlichen Look. Die hochwertigen Verarbeitungsmaterialien sind zudem vollst\u00e4ndig nachhaltig. Die au\u00dfergew\u00f6hnliche Kombination aus weicher Merinowolle auf der Innenseite und recyceltem Polyester auf der Au\u00dfenseite macht es zu einem \u00e4u\u00dferst strapazierf\u00e4higen und atmungsaktiven Kleidungsst\u00fcck.  <\/p>\n<p>Da das MERINO FLEECE sehr elastisch ist, passt sich die FLEECE WESTE f\u00fcr Damen optimal dem K\u00f6rper an und bietet maximale Bewegungsfreiheit. Die weiche Merinowolle reguliert auf nat\u00fcrliche Weise Feuchtigkeit sowie Temperatur und sorgt f\u00fcr ein angenehmes Hautgef\u00fchl. <\/p>\n<p>Die zwei Seitentaschen mit traditionellem Loden der Firma STEINER halten die H\u00e4nde warm und bieten Platz f\u00fcr wichtige Kleinigkeiten. Dank der speziellen Verarbeitung schliessen die Daumenschlaufen optimal ab und verhindern so W\u00e4rmeverlust. Damit ist unsere FLEECE WESTE f\u00fcr Damen bereit f\u00fcr all Ihre Winteraktivit\u00e4ten, ob am Berg oder im Tal.  <\/p>\n","protected":false},"excerpt":{"rendered":"<p>BEREIT F\u00dcR DEN WINTER WARMER FLEECE-HOODY, RECYCELTES POLYESTER UND MERINO F\u00dcR KALTE UND TROCKENE TAGE HIGHLIGHTS Mehr Komfort und optimale<\/p>\n","protected":false},"featured_media":36511,"template":"","meta":{"_seopress_robots_primary_cat":"none","_seopress_titles_title":"","_seopress_titles_desc":"","_seopress_robots_index":""},"product_brand":[3663],"product_cat":[82,974,1388],"product_tag":[],"class_list":{"0":"post-413766","1":"product","2":"type-product","3":"status-publish","4":"has-post-thumbnail","6":"product_brand-ortovox-de","7":"product_cat-kleidung","8":"product_cat-freizeitkleidung","9":"product_cat-damenbekleidung","10":"sws-gruppo-abb-libero-de","11":"sws-conto-ricavi-merci-rivendita-abbigliamento-de","12":"sws-gruppo-iva-iva81-de","14":"first","15":"instock","16":"shipping-taxable","17":"purchasable","18":"product-type-variable"},"_links":{"self":[{"href":"https:\/\/lucacastelli.com\/de\/wp-json\/wp\/v2\/product\/413766","targetHints":{"allow":["GET"]}}],"collection":[{"href":"https:\/\/lucacastelli.com\/de\/wp-json\/wp\/v2\/product"}],"about":[{"href":"https:\/\/lucacastelli.com\/de\/wp-json\/wp\/v2\/types\/product"}],"wp:featuredmedia":[{"embeddable":true,"href":"https:\/\/lucacastelli.com\/de\/wp-json\/wp\/v2\/media\/36511"}],"wp:attachment":[{"href":"https:\/\/lucacastelli.com\/de\/wp-json\/wp\/v2\/media?parent=413766"}],"wp:term":[{"taxonomy":"product_brand","embeddable":true,"href":"https:\/\/lucacastelli.com\/de\/wp-json\/wp\/v2\/product_brand?post=413766"},{"taxonomy":"product_cat","embeddable":true,"href":"https:\/\/lucacastelli.com\/de\/wp-json\/wp\/v2\/product_cat?post=413766"},{"taxonomy":"product_tag","embeddable":true,"href":"https:\/\/lucacastelli.com\/de\/wp-json\/wp\/v2\/product_tag?post=413766"}],"curies":[{"name":"wp","href":"https:\/\/api.w.org\/{rel}","templated":true}]}}