{"id":413758,"date":"2022-10-04T13:39:11","date_gmt":"2022-10-04T11:39:11","guid":{"rendered":"https:\/\/lucacastelli.com\/prodotto\/ortovox-140-cool-illu-pic-ts-m\/"},"modified":"2026-04-18T01:36:00","modified_gmt":"2026-04-17T23:36:00","slug":"ortovox-140-cool-illu-pic-ts-m","status":"publish","type":"product","link":"https:\/\/lucacastelli.com\/de\/produkt\/ortovox-140-cool-illu-pic-ts-m\/","title":{"rendered":"ORTOVOX 140 COOL ILLU-PIC TS M"},"content":{"rendered":"<p>DAS BESTE AUS DER NATUR<\/p>\n<p>LEICHTES, SCHNELLTROCKNENDES MERINOWOLL-T-SHIRT MIT K\u00dcHLEFFEKT F\u00dcR BERGTOUREN.<\/p>\n<p>HIGHLIGHTS<\/p>\n<p>100 % Naturfasern<br \/>\nTemperatur- und feuchtigkeitsregulierend<br \/>\nK\u00fchleffekt dank Tencel\u2122 Lyocell<\/p>\n<p>100 % nachhaltig und funktional: Die 140 COOL Linie besteht vollst\u00e4ndig aus nachhaltig produzierten Naturfasern und bietet beste Eigenschaften f\u00fcr bewegungsintensive Bergaktivit\u00e4ten an hei\u00dfen Tagen.<\/p>\n<p>Das 140 COOL ILLU-PIC T-SHIRT f\u00fcr Herren vereint die Vorteile feiner Merinowolle und der Cellulosefaser TENCEL\u2122 Lyocell. Die feine tasmanische Merinowolle ist angenehm weich, reguliert auf nat\u00fcrliche Weise die Feuchtigkeit und neutralisiert unangenehme Ger\u00fcche, w\u00e4hrend TENCEL\u2122-Fasern durch ihre glatte Oberfl\u00e4che und hohe Verdunstungsk\u00e4lte k\u00fchlend wirken. <\/p>\n<p>Dieses leichte T-Shirt trocknet schnell und ist besonders angenehm zu tragen, besitzt aber auch die n\u00f6tige Widerstandsf\u00e4higkeit f\u00fcr den Einsatz im alpinen Gel\u00e4nde. Dank des sportlichen Schnitts und des l\u00e4ssigen Prints macht das 140 COOL ILLU-PIC T-SHIRT f\u00fcr Herren am Berg wie im Tal stets eine gute Figur. <\/p>\n","protected":false},"excerpt":{"rendered":"<p>DAS BESTE AUS DER NATUR LEICHTES, SCHNELLTROCKNENDES MERINOWOLL-T-SHIRT MIT K\u00dcHLEFFEKT F\u00dcR BERGTOUREN. HIGHLIGHTS 100 % Naturfasern Temperatur- und feuchtigkeitsregulierend K\u00fchleffekt<\/p>\n","protected":false},"featured_media":36477,"template":"","meta":{"_seopress_robots_primary_cat":"none","_seopress_titles_title":"","_seopress_titles_desc":"","_seopress_robots_index":""},"product_brand":[3663],"product_cat":[82,974,975],"product_tag":[],"class_list":{"0":"post-413758","1":"product","2":"type-product","3":"status-publish","4":"has-post-thumbnail","6":"product_brand-ortovox-de","7":"product_cat-kleidung","8":"product_cat-freizeitkleidung","9":"product_cat-herrenbekleidung","10":"sws-gruppo-abb-libero-de","11":"sws-conto-ricavi-merci-rivendita-abbigliamento-de","12":"sws-gruppo-iva-iva81-de","14":"first","15":"instock","16":"shipping-taxable","17":"purchasable","18":"product-type-variable"},"_links":{"self":[{"href":"https:\/\/lucacastelli.com\/de\/wp-json\/wp\/v2\/product\/413758","targetHints":{"allow":["GET"]}}],"collection":[{"href":"https:\/\/lucacastelli.com\/de\/wp-json\/wp\/v2\/product"}],"about":[{"href":"https:\/\/lucacastelli.com\/de\/wp-json\/wp\/v2\/types\/product"}],"wp:featuredmedia":[{"embeddable":true,"href":"https:\/\/lucacastelli.com\/de\/wp-json\/wp\/v2\/media\/36477"}],"wp:attachment":[{"href":"https:\/\/lucacastelli.com\/de\/wp-json\/wp\/v2\/media?parent=413758"}],"wp:term":[{"taxonomy":"product_brand","embeddable":true,"href":"https:\/\/lucacastelli.com\/de\/wp-json\/wp\/v2\/product_brand?post=413758"},{"taxonomy":"product_cat","embeddable":true,"href":"https:\/\/lucacastelli.com\/de\/wp-json\/wp\/v2\/product_cat?post=413758"},{"taxonomy":"product_tag","embeddable":true,"href":"https:\/\/lucacastelli.com\/de\/wp-json\/wp\/v2\/product_tag?post=413758"}],"curies":[{"name":"wp","href":"https:\/\/api.w.org\/{rel}","templated":true}]}}