{"id":413742,"date":"2022-10-04T12:08:17","date_gmt":"2022-10-04T10:08:17","guid":{"rendered":"https:\/\/lucacastelli.com\/prodotto\/ortovox-230-competition-kurzarm-m\/"},"modified":"2026-03-01T00:26:35","modified_gmt":"2026-02-28T23:26:35","slug":"ortovox-230-competition-kurzarm-m","status":"publish","type":"product","link":"https:\/\/lucacastelli.com\/de\/produkt\/ortovox-230-competition-kurzarm-m\/","title":{"rendered":"ORTOVOX 230 COMPETITION KURZARM M"},"content":{"rendered":"<p>MAXIMALE BEWEGUNGSFREIHEIT AN K\u00c4LTEREN TAGEN<\/p>\n<p>ENG ANLIEGENDES, NAHTLOSES UND ATMUNGSAKTIVES MERINO T-SHIRT F\u00dcR WINTERTOUREN<\/p>\n<p>H\u00d6HEPUNKTE<\/p>\n<p>Bodymapping: unterschiedliche Materialst\u00e4rken an verschiedenen Stellen des K\u00f6rpers<br \/>\nNahtlos, hergestellt durch Strickverfahren in der Runde<br \/>\nExtrem atmungsaktiv, trocknet schnell und ist sehr langlebig<\/p>\n<p>Das 230 COMPETITION SHORT SLEEVE f\u00fcr Herren verleiht dir einen neuen Look f\u00fcr sportliche H\u00f6chstleistungen, egal ob auf Skitouren, Freeriden oder Hochgebirgstouren.<\/p>\n<p>Die Linie 230 COMPETITION wird im Rundstrickverfahren hergestellt, um dank der richtigen Dicke der Merinowolle jeden Bereich des K\u00f6rpers besser vor K\u00e4lte und Erm\u00fcdung zu sch\u00fctzen. Die gerippte Grundstruktur aus 190 g\/m\u00b2 Merino verleiht dem hochfunktionellen Trikot viel Stretch und Bewegungsfreiheit. Die W\u00e4rmestellen werden von einer besonders atmungsaktiven Netzstruktur abgedeckt, w\u00e4hrend die k\u00e4lteempfindlichsten Bereiche wie die Nieren durch eine warme Wolle mit einer St\u00e4rke von 240 g\/m\u00b2 gesch\u00fctzt werden. Body-Mapping sorgt f\u00fcr eine perfekte Passform am K\u00f6rper bei maximaler Bel\u00fcftung. Ein \u00e4u\u00dferst funktioneller Jersey aus zarten Merinofasern mit einem Durchmesser von nur 16,5 Mikrometern, sanft zur Haut, dennoch widerstandsf\u00e4hig und leicht zu trocknen.    <\/p>\n<p>Der neue Farbverlaufseffekt von hell nach dunkel wird durch das Stricken eines Melange-Garns erzielt und verleiht diesem Funktionskleidungsst\u00fcck dank der Bodymapping-Struktur ein besonderes Muster. Mit dem 230 COMPETITION SHORT SLEEVE f\u00fcr Herren bist du auch optisch fit geworden! <\/p>\n","protected":false},"excerpt":{"rendered":"<p>MAXIMALE BEWEGUNGSFREIHEIT AN K\u00c4LTEREN TAGEN ENG ANLIEGENDES, NAHTLOSES UND ATMUNGSAKTIVES MERINO T-SHIRT F\u00dcR WINTERTOUREN H\u00d6HEPUNKTE Bodymapping: unterschiedliche Materialst\u00e4rken an verschiedenen<\/p>\n","protected":false},"featured_media":36467,"template":"","meta":{"_seopress_robots_primary_cat":"","_seopress_titles_title":"","_seopress_titles_desc":"","_seopress_robots_index":""},"product_brand":[3663],"product_cat":[82,974,975],"product_tag":[],"class_list":{"0":"post-413742","1":"product","2":"type-product","3":"status-publish","4":"has-post-thumbnail","6":"product_brand-ortovox-de","7":"product_cat-kleidung","8":"product_cat-freizeitkleidung","9":"product_cat-herrenbekleidung","10":"sws-gruppo-abb-libero-de","11":"sws-conto-ricavi-merci-rivendita-abbigliamento-de","12":"sws-gruppo-iva-iva81-de","14":"first","15":"instock","16":"shipping-taxable","17":"purchasable","18":"product-type-variable"},"_links":{"self":[{"href":"https:\/\/lucacastelli.com\/de\/wp-json\/wp\/v2\/product\/413742","targetHints":{"allow":["GET"]}}],"collection":[{"href":"https:\/\/lucacastelli.com\/de\/wp-json\/wp\/v2\/product"}],"about":[{"href":"https:\/\/lucacastelli.com\/de\/wp-json\/wp\/v2\/types\/product"}],"wp:featuredmedia":[{"embeddable":true,"href":"https:\/\/lucacastelli.com\/de\/wp-json\/wp\/v2\/media\/36467"}],"wp:attachment":[{"href":"https:\/\/lucacastelli.com\/de\/wp-json\/wp\/v2\/media?parent=413742"}],"wp:term":[{"taxonomy":"product_brand","embeddable":true,"href":"https:\/\/lucacastelli.com\/de\/wp-json\/wp\/v2\/product_brand?post=413742"},{"taxonomy":"product_cat","embeddable":true,"href":"https:\/\/lucacastelli.com\/de\/wp-json\/wp\/v2\/product_cat?post=413742"},{"taxonomy":"product_tag","embeddable":true,"href":"https:\/\/lucacastelli.com\/de\/wp-json\/wp\/v2\/product_tag?post=413742"}],"curies":[{"name":"wp","href":"https:\/\/api.w.org\/{rel}","templated":true}]}}