{"id":413701,"date":"2022-06-15T00:55:10","date_gmt":"2022-06-14T22:55:10","guid":{"rendered":"https:\/\/lucacastelli.com\/prodotto\/ortovox-erste-hilfe-rolle-doc-mid\/"},"modified":"2025-07-28T16:39:34","modified_gmt":"2025-07-28T14:39:34","slug":"ortovox-erste-hilfe-rolle-doc-mid","status":"publish","type":"product","link":"https:\/\/lucacastelli.com\/de\/produkt\/ortovox-erste-hilfe-rolle-doc-mid\/","title":{"rendered":"ORTOVOX ERSTE-HILFE-ROLLE DOC MID"},"content":{"rendered":"<p>ORTOVOX steht f\u00fcr Schutz. Seit der Gr\u00fcndung im Jahr 1980 entwickelt ORTOVOX Notfallprodukte \u2013 gepr\u00e4gt von unserer alpinen Herkunft. Die richtige Ausr\u00fcstung ist im Sommer wie im Winter entscheidend und kann im Ernstfall Leben retten. Mit dem kompakten Erste-Hilfe-Set FIRST AID ROLL DOC MID bist du am Berg perfekt ausgestattet: Der Inhalt des Sets ist \u00fcbersichtlich in vier F\u00e4cher unterteilt. Von der Rettungsdecke \u00fcber den Wundwickel und Verband bis hin zur Schere \u2013 in der FIRST AID ROLL DOC MID haben Sie das n\u00f6tige Erste-Hilfe-Material immer dabei. Abbildungen und Etiketten informieren Sie \u00fcber den Inhalt der einzelnen F\u00e4cher und Tipps f\u00fcr die richtige Pflege. Im ersten Fach befindet sich auch die ORTOVOX Notfallkarte. Es liefert dem Ersthelfer grundlegende Informationen, um Notfallkontakte zu benachrichtigen, Notrufe zu t\u00e4tigen und Informationen \u00fcber den Verunfallten zu erhalten. Auf der Notfallkarte werden Allergien, Krankheiten, Kontaktdaten und pers\u00f6nliche Daten erfasst.        <\/p>\n","protected":false},"excerpt":{"rendered":"<p>ORTOVOX steht f\u00fcr Schutz. Seit der Gr\u00fcndung im Jahr 1980 entwickelt ORTOVOX Notfallprodukte \u2013 gepr\u00e4gt von unserer alpinen Herkunft. Die<\/p>\n","protected":false},"featured_media":36320,"template":"","meta":{"_seopress_robots_primary_cat":"","_seopress_titles_title":"","_seopress_titles_desc":"","_seopress_robots_index":""},"product_brand":[3663],"product_cat":[150,1409,1703],"product_tag":[],"class_list":{"0":"post-413701","1":"product","2":"type-product","3":"status-publish","4":"has-post-thumbnail","6":"product_brand-ortovox-de","7":"product_cat-ausrustung","8":"product_cat-freizeitausrustung","9":"product_cat-sonstiges","10":"sws-gruppo-abb-libero-de","11":"sws-conto-ricavi-merci-rivendita-abbigliamento-de","12":"sws-gruppo-iva-iva81-de","14":"first","15":"instock","16":"sale","17":"shipping-taxable","18":"purchasable","19":"product-type-variable"},"_links":{"self":[{"href":"https:\/\/lucacastelli.com\/de\/wp-json\/wp\/v2\/product\/413701","targetHints":{"allow":["GET"]}}],"collection":[{"href":"https:\/\/lucacastelli.com\/de\/wp-json\/wp\/v2\/product"}],"about":[{"href":"https:\/\/lucacastelli.com\/de\/wp-json\/wp\/v2\/types\/product"}],"wp:featuredmedia":[{"embeddable":true,"href":"https:\/\/lucacastelli.com\/de\/wp-json\/wp\/v2\/media\/36320"}],"wp:attachment":[{"href":"https:\/\/lucacastelli.com\/de\/wp-json\/wp\/v2\/media?parent=413701"}],"wp:term":[{"taxonomy":"product_brand","embeddable":true,"href":"https:\/\/lucacastelli.com\/de\/wp-json\/wp\/v2\/product_brand?post=413701"},{"taxonomy":"product_cat","embeddable":true,"href":"https:\/\/lucacastelli.com\/de\/wp-json\/wp\/v2\/product_cat?post=413701"},{"taxonomy":"product_tag","embeddable":true,"href":"https:\/\/lucacastelli.com\/de\/wp-json\/wp\/v2\/product_tag?post=413701"}],"curies":[{"name":"wp","href":"https:\/\/api.w.org\/{rel}","templated":true}]}}