{"id":413683,"date":"2022-06-10T05:03:52","date_gmt":"2022-06-10T03:03:52","guid":{"rendered":"https:\/\/lucacastelli.com\/prodotto\/ortovox-schaufel-light-jacke-w\/"},"modified":"2026-03-01T00:24:44","modified_gmt":"2026-02-28T23:24:44","slug":"ortovox-schaufel-light-jacke-w","status":"publish","type":"product","link":"https:\/\/lucacastelli.com\/de\/produkt\/ortovox-schaufel-light-jacke-w\/","title":{"rendered":"ORTOVOX SCHAUFEL LIGHT JACKE W"},"content":{"rendered":"<p>Die Women&#8217;s Light Jacket Shovel verf\u00fcgt \u00fcber ein absolut abriebfestes Au\u00dfenmaterial, das im Martindale-Test, der die Abriebfestigkeit misst, \u00fcber 50.000 Abriebzyklen durchlaufen hat. Das Merino Shield Tec Material wurde speziell f\u00fcr l\u00e4ngere alpine Routen entwickelt. An besonders beanspruchten K\u00f6rperregionen wie Schultern, Unterarmen und H\u00fcften bieten die zus\u00e4tzlichen Eins\u00e4tze idealen Schutz vor absch\u00fcssigem Fels. Das 4-Wege-Stretch-Material bietet maximale Bewegungsfreiheit, die durch einen athletischen Schnitt und vorgeformte Ellbogenbereiche gew\u00e4hrleistet wird. Durch die membranfreie Konstruktion ist die Pala Light Jacket ideal f\u00fcr Damen.    <\/p>\n<p>Feine Merinowolle auf der Innenseite und Merino-Mesh-Eins\u00e4tze im Kragen sorgen f\u00fcr zus\u00e4tzlichen Komfort. Die Pala Light Jacket verf\u00fcgt \u00fcber elastische B\u00fcndchen und Saum und macht dank der High-Flow-Performance-Passform jede deiner Bewegungen mit und ist komplett kletterorientiert. Die Brusttasche bietet Platz f\u00fcr all die kleinen Gegenst\u00e4nde, die schnell griffbereit sein m\u00fcssen. Der Umwelt zuliebe ist die gesamte Merino Shield Tec Linie zudem komplett PFC-frei und klimaneutral mit CO2-Kompensation. Mit ihrem modischen Design ist die Pala Light Jacket f\u00fcr Damen bereit f\u00fcr gro\u00dfe Klettertouren an hohen Felsw\u00e4nden.    <\/p>\n<p>Eigenschaften:<br \/>\n1 Brusttasche<br \/>\n1 integrierte Handytasche aus Merinostrick<br \/>\nSchutzh\u00fclle<br \/>\nVerst\u00e4rkte<br \/>\nSchultern, Achseln und H\u00fcften Elastische<br \/>\nB\u00fcndchen Verstellbarer<br \/>\nSaum Hohe Atmungsaktivit\u00e4t<br \/>\nAthletische<br \/>\nPassform PFC-frei<br \/>\nKlimaneutral<\/p>\n","protected":false},"excerpt":{"rendered":"<p>Die Women&#8217;s Light Jacket Shovel verf\u00fcgt \u00fcber ein absolut abriebfestes Au\u00dfenmaterial, das im Martindale-Test, der die Abriebfestigkeit misst, \u00fcber 50.000<\/p>\n","protected":false},"featured_media":36154,"template":"","meta":{"_seopress_robots_primary_cat":"none","_seopress_titles_title":"","_seopress_titles_desc":"","_seopress_robots_index":""},"product_brand":[3663],"product_cat":[82,974,1388],"product_tag":[],"class_list":{"0":"post-413683","1":"product","2":"type-product","3":"status-publish","4":"has-post-thumbnail","6":"product_brand-ortovox-de","7":"product_cat-kleidung","8":"product_cat-freizeitkleidung","9":"product_cat-damenbekleidung","10":"sws-gruppo-abb-libero-de","11":"sws-categoria-sito-de","12":"sws-conto-ricavi-merci-rivendita-abbigliamento-de","13":"sws-gruppo-iva-iva81-de","15":"first","16":"instock","17":"shipping-taxable","18":"purchasable","19":"product-type-variable"},"_links":{"self":[{"href":"https:\/\/lucacastelli.com\/de\/wp-json\/wp\/v2\/product\/413683","targetHints":{"allow":["GET"]}}],"collection":[{"href":"https:\/\/lucacastelli.com\/de\/wp-json\/wp\/v2\/product"}],"about":[{"href":"https:\/\/lucacastelli.com\/de\/wp-json\/wp\/v2\/types\/product"}],"wp:featuredmedia":[{"embeddable":true,"href":"https:\/\/lucacastelli.com\/de\/wp-json\/wp\/v2\/media\/36154"}],"wp:attachment":[{"href":"https:\/\/lucacastelli.com\/de\/wp-json\/wp\/v2\/media?parent=413683"}],"wp:term":[{"taxonomy":"product_brand","embeddable":true,"href":"https:\/\/lucacastelli.com\/de\/wp-json\/wp\/v2\/product_brand?post=413683"},{"taxonomy":"product_cat","embeddable":true,"href":"https:\/\/lucacastelli.com\/de\/wp-json\/wp\/v2\/product_cat?post=413683"},{"taxonomy":"product_tag","embeddable":true,"href":"https:\/\/lucacastelli.com\/de\/wp-json\/wp\/v2\/product_tag?post=413683"}],"curies":[{"name":"wp","href":"https:\/\/api.w.org\/{rel}","templated":true}]}}