{"id":413582,"date":"2022-06-10T04:31:21","date_gmt":"2022-06-10T02:31:21","guid":{"rendered":"https:\/\/lucacastelli.com\/prodotto\/ortovox-brenta-shorts-w\/"},"modified":"2025-08-05T13:46:39","modified_gmt":"2025-08-05T11:46:39","slug":"ortovox-brenta-shorts-w","status":"publish","type":"product","link":"https:\/\/lucacastelli.com\/de\/produkt\/ortovox-brenta-shorts-w\/","title":{"rendered":"ORTOVOX BRENTA SHORTS W"},"content":{"rendered":"<p>F\u00dcR ANSPRUCHSVOLLE BERGTOUREN<\/p>\n<p>BEQUEME UND STRAPAZIERF\u00c4HIGE BERGSHORTS MIT G\u00dcRTEL F\u00dcR ANSPRUCHSVOLLE HOCHTOUREN<\/p>\n<p>HIGHLIGHTS<br \/>\nsehr widerstandsf\u00e4hig,<br \/>\ngute Bewegungsfreiheit<br \/>\n, wasserabweisend und atmungsaktiv<\/p>\n<p>Robust, atmungsaktiv und ausreichend Bewegungsfreiheit: MERINO SHIELD LIGHT vereint alles, was man auf einer anspruchsvollen Bergtour braucht. Die Materialkombination besteht den sogenannten Martindale-Test, der die Abriebfestigkeit in 100.000 Scheuerzyklen misst, und ist eines der st\u00e4rksten Gewebe von Ortovox. Dank des schmalen Schnitts und des extrem dehnbaren Materials hat die BRENTA Herren-Berghose eine ideale Passform und bietet ausreichend Bewegungsfreiheit in allen Situationen.  <\/p>\n<p>Merino-Mesh-Eins\u00e4tze im Taillenbereich sorgen zudem f\u00fcr den n\u00f6tigen Tragekomfort. Features wie die Kartentasche am Oberschenkel, der verstellbare G\u00fcrtel mit Haken und die nahtlosen Details machen die BRENTA SHORTS f\u00fcr Herren zu einer technischen Berghose. <\/p>\n","protected":false},"excerpt":{"rendered":"<p>F\u00dcR ANSPRUCHSVOLLE BERGTOUREN BEQUEME UND STRAPAZIERF\u00c4HIGE BERGSHORTS MIT G\u00dcRTEL F\u00dcR ANSPRUCHSVOLLE HOCHTOUREN HIGHLIGHTS sehr widerstandsf\u00e4hig, gute Bewegungsfreiheit , wasserabweisend und<\/p>\n","protected":false},"featured_media":515598,"template":"","meta":{"_seopress_robots_primary_cat":"none","_seopress_titles_title":"","_seopress_titles_desc":"","_seopress_robots_index":""},"product_brand":[3663],"product_cat":[82,974,1388],"product_tag":[],"class_list":{"0":"post-413582","1":"product","2":"type-product","3":"status-publish","4":"has-post-thumbnail","6":"product_brand-ortovox-de","7":"product_cat-kleidung","8":"product_cat-freizeitkleidung","9":"product_cat-damenbekleidung","10":"sws-gruppo-abb-libero-de","11":"sws-conto-ricavi-merci-rivendita-abbigliamento-de","12":"sws-gruppo-iva-iva81-de","14":"first","15":"instock","16":"shipping-taxable","17":"purchasable","18":"product-type-variable"},"_links":{"self":[{"href":"https:\/\/lucacastelli.com\/de\/wp-json\/wp\/v2\/product\/413582","targetHints":{"allow":["GET"]}}],"collection":[{"href":"https:\/\/lucacastelli.com\/de\/wp-json\/wp\/v2\/product"}],"about":[{"href":"https:\/\/lucacastelli.com\/de\/wp-json\/wp\/v2\/types\/product"}],"wp:featuredmedia":[{"embeddable":true,"href":"https:\/\/lucacastelli.com\/de\/wp-json\/wp\/v2\/media\/515598"}],"wp:attachment":[{"href":"https:\/\/lucacastelli.com\/de\/wp-json\/wp\/v2\/media?parent=413582"}],"wp:term":[{"taxonomy":"product_brand","embeddable":true,"href":"https:\/\/lucacastelli.com\/de\/wp-json\/wp\/v2\/product_brand?post=413582"},{"taxonomy":"product_cat","embeddable":true,"href":"https:\/\/lucacastelli.com\/de\/wp-json\/wp\/v2\/product_cat?post=413582"},{"taxonomy":"product_tag","embeddable":true,"href":"https:\/\/lucacastelli.com\/de\/wp-json\/wp\/v2\/product_tag?post=413582"}],"curies":[{"name":"wp","href":"https:\/\/api.w.org\/{rel}","templated":true}]}}